{"id":7153,"date":"2026-03-23T12:20:21","date_gmt":"2026-03-23T12:20:21","guid":{"rendered":"https:\/\/istanbulstroller.com\/product\/cochecito-kraft-kenya-travel-system\/"},"modified":"2026-03-23T12:20:21","modified_gmt":"2026-03-23T12:20:21","slug":"cochecito-kraft-kenya-travel-system","status":"publish","type":"product","link":"https:\/\/istanbulstroller.com\/es\/producto\/cochecito-kraft-kenya-travel-system\/","title":{"rendered":"Cochecito Kraft Kenya Travel System"},"content":{"rendered":"<h2 data-path-to-node=\"0\">Sistema de viaje Kraft Kenya: ligero y compacto<\/h2>\n<p data-path-to-node=\"1\">Alquile el sistema de viaje <b data-path-to-node=\"1\" data-index-in-node=\"9\">Kraft Kenya<\/b>, una soluci\u00f3n de alta gama y ligera que pesa solo 8,9 kg, lo que lo convierte en uno de los cochecitos m\u00e1s f\u00e1ciles de transportar de su categor\u00eda. Este vers\u00e1til sistema cuenta con un asiento reversible que se puede utilizar desde el nacimiento hasta los 22 kg, y ofrece tres posiciones de reclinaci\u00f3n, incluido un modo totalmente horizontal para siestas tranquilas. Dise\u00f1ado para el viajero moderno, se pliega f\u00e1cilmente con una sola mano e incluye una correa para el hombro integrada que facilita su transporte. Con sus ruedas de poliuretano con rodamientos de bolas y la silla de coche Armor Plus I-Size incluida, este cochecito ofrece una opci\u00f3n de alquiler segura, silenciosa y sofisticada para cualquier viaje.   <\/p>\n","protected":false},"excerpt":{"rendered":"<p>Alquila el sistema de viaje <b data-path-to-node=\"1\" data-index-in-node=\"9\">Kraft Kenya,<\/b> una soluci\u00f3n de alta calidad y ligera que pesa solo 8,9 kg, lo que lo convierte en uno de los cochecitos m\u00e1s f\u00e1ciles de transportar de su categor\u00eda.<\/p>\n","protected":false},"featured_media":7158,"comment_status":"closed","ping_status":"closed","template":"","meta":[],"product_brand":[],"product_cat":[427],"product_tag":[],"class_list":{"0":"post-7153","1":"product","2":"type-product","3":"status-publish","4":"has-post-thumbnail","6":"product_cat-cochecito-de-viaje","8":"first","9":"instock","10":"featured","11":"shipping-taxable","12":"product-type-simple"},"_links":{"self":[{"href":"https:\/\/istanbulstroller.com\/es\/wp-json\/wp\/v2\/product\/7153","targetHints":{"allow":["GET"]}}],"collection":[{"href":"https:\/\/istanbulstroller.com\/es\/wp-json\/wp\/v2\/product"}],"about":[{"href":"https:\/\/istanbulstroller.com\/es\/wp-json\/wp\/v2\/types\/product"}],"replies":[{"embeddable":true,"href":"https:\/\/istanbulstroller.com\/es\/wp-json\/wp\/v2\/comments?post=7153"}],"version-history":[{"count":0,"href":"https:\/\/istanbulstroller.com\/es\/wp-json\/wp\/v2\/product\/7153\/revisions"}],"wp:featuredmedia":[{"embeddable":true,"href":"https:\/\/istanbulstroller.com\/es\/wp-json\/wp\/v2\/media\/7158"}],"wp:attachment":[{"href":"https:\/\/istanbulstroller.com\/es\/wp-json\/wp\/v2\/media?parent=7153"}],"wp:term":[{"taxonomy":"product_brand","embeddable":true,"href":"https:\/\/istanbulstroller.com\/es\/wp-json\/wp\/v2\/product_brand?post=7153"},{"taxonomy":"product_cat","embeddable":true,"href":"https:\/\/istanbulstroller.com\/es\/wp-json\/wp\/v2\/product_cat?post=7153"},{"taxonomy":"product_tag","embeddable":true,"href":"https:\/\/istanbulstroller.com\/es\/wp-json\/wp\/v2\/product_tag?post=7153"}],"curies":[{"name":"wp","href":"https:\/\/api.w.org\/{rel}","templated":true}]}}