{"id":7162,"date":"2026-03-23T10:29:10","date_gmt":"2026-03-23T10:29:10","guid":{"rendered":"https:\/\/istanbulstroller.com\/product\/cochecito-doble-kraft-duplo\/"},"modified":"2026-03-23T10:29:10","modified_gmt":"2026-03-23T10:29:10","slug":"cochecito-doble-kraft-duplo","status":"publish","type":"product","link":"https:\/\/istanbulstroller.com\/es\/producto\/cochecito-doble-kraft-duplo\/","title":{"rendered":"Cochecito doble Kraft Duplo"},"content":{"rendered":"<h2 data-path-to-node=\"0\">Cochecito doble Kraft Duplo: moderno y autom\u00e1tico<\/h2>\n<p data-path-to-node=\"1\">Alquila el cochecito doble <b data-path-to-node=\"1\" data-index-in-node=\"9\">Kraft Duplo<\/b> para disfrutar de una soluci\u00f3n de transporte lujosa y de gran capacidad, con una carga m\u00e1xima de 44 kg. Este sofisticado cochecito doble cuenta con un innovador mecanismo de plegado autom\u00e1tico que permite plegarlo con una sola mano y que se mantenga en pie por s\u00ed solo para una m\u00e1xima comodidad. Cada asiento ofrece un interior espacioso con reclinaci\u00f3n multiposici\u00f3n y detalles de cuero tejidos a mano, lo que garantiza un paseo elegante y c\u00f3modo desde el nacimiento. Equipado con ruedas ER amortiguadoras y sistemas de rodamientos de bolas, este cochecito doble ofrece una maniobrabilidad sin esfuerzo en diversos terrenos. Es la opci\u00f3n de alquiler perfecta para padres que valoran un dise\u00f1o compacto sin sacrificar las caracter\u00edsticas de primera calidad y la seguridad del ni\u00f1o.    <\/p>\n","protected":false},"excerpt":{"rendered":"<p>Alquila el cochecito doble <b data-path-to-node=\"1\" data-index-in-node=\"9\">Kraft Duplo <\/b>para disfrutar de una soluci\u00f3n de viaje lujosa y de gran capacidad, con una carga m\u00e1xima de 44 kg. Este sofisticado cochecito doble cuenta con un innovador mecanismo de plegado autom\u00e1tico <\/p>\n","protected":false},"featured_media":7163,"comment_status":"open","ping_status":"closed","template":"","meta":[],"product_brand":[],"product_cat":[426],"product_tag":[],"class_list":{"0":"post-7162","1":"product","2":"type-product","3":"status-publish","4":"has-post-thumbnail","6":"product_cat-cochecito-doble","8":"first","9":"instock","10":"shipping-taxable","11":"product-type-simple"},"_links":{"self":[{"href":"https:\/\/istanbulstroller.com\/es\/wp-json\/wp\/v2\/product\/7162","targetHints":{"allow":["GET"]}}],"collection":[{"href":"https:\/\/istanbulstroller.com\/es\/wp-json\/wp\/v2\/product"}],"about":[{"href":"https:\/\/istanbulstroller.com\/es\/wp-json\/wp\/v2\/types\/product"}],"replies":[{"embeddable":true,"href":"https:\/\/istanbulstroller.com\/es\/wp-json\/wp\/v2\/comments?post=7162"}],"version-history":[{"count":0,"href":"https:\/\/istanbulstroller.com\/es\/wp-json\/wp\/v2\/product\/7162\/revisions"}],"wp:featuredmedia":[{"embeddable":true,"href":"https:\/\/istanbulstroller.com\/es\/wp-json\/wp\/v2\/media\/7163"}],"wp:attachment":[{"href":"https:\/\/istanbulstroller.com\/es\/wp-json\/wp\/v2\/media?parent=7162"}],"wp:term":[{"taxonomy":"product_brand","embeddable":true,"href":"https:\/\/istanbulstroller.com\/es\/wp-json\/wp\/v2\/product_brand?post=7162"},{"taxonomy":"product_cat","embeddable":true,"href":"https:\/\/istanbulstroller.com\/es\/wp-json\/wp\/v2\/product_cat?post=7162"},{"taxonomy":"product_tag","embeddable":true,"href":"https:\/\/istanbulstroller.com\/es\/wp-json\/wp\/v2\/product_tag?post=7162"}],"curies":[{"name":"wp","href":"https:\/\/api.w.org\/{rel}","templated":true}]}}