{"id":7173,"date":"2026-03-23T10:10:55","date_gmt":"2026-03-23T10:10:55","guid":{"rendered":"https:\/\/istanbulstroller.com\/product\/cochecito-doble-en-tandem-joie-evalite-duo\/"},"modified":"2026-03-23T10:10:55","modified_gmt":"2026-03-23T10:10:55","slug":"cochecito-doble-en-tandem-joie-evalite-duo","status":"publish","type":"product","link":"https:\/\/istanbulstroller.com\/es\/producto\/cochecito-doble-en-tandem-joie-evalite-duo\/","title":{"rendered":"Cochecito doble en t\u00e1ndem Joie Evalite Duo"},"content":{"rendered":"<h2 data-path-to-node=\"0\">Joie Evalite Duo Tandem &#8211; Viajes ligeros<\/h2>\n<p data-path-to-node=\"1\">Alquila el <b data-path-to-node=\"1\" data-index-in-node=\"9\">Joie Evalite Duo<\/b>, uno de los cochecitos dobles m\u00e1s ligeros del mercado, con un peso de poco m\u00e1s de 11 kg para un manejo sin esfuerzo. Este cochecito t\u00e1ndem cuenta con un dise\u00f1o aerodin\u00e1mico que se desplaza con facilidad por pasillos estrechos, mientras que el sistema Sure Lock\u2122 te permite acoplar sillas de beb\u00e9 compatibles sin necesidad de adaptadores adicionales. Ambos ni\u00f1os permanecen protegidos bajo capotas con protecci\u00f3n solar UPF 50+, disfrutando de m\u00faltiples posiciones de reclinaci\u00f3n y de una conducci\u00f3n suave gracias a la suspensi\u00f3n en todas las ruedas. Con su sistema de plegado con una sola mano y su capacidad para mantenerse en pie por s\u00ed solo, este cochecito doble es una opci\u00f3n de alquiler pr\u00e1ctica y de alta calidad para familias que viajan con dos peque\u00f1os.   <\/p>\n","protected":false},"excerpt":{"rendered":"<p>Alquila el <b data-path-to-node=\"1\" data-index-in-node=\"9\">Joie Evalite Duo<\/b>, uno de los cochecitos dobles m\u00e1s ligeros del mercado, con un peso de poco m\u00e1s de 11 kg, para un manejo sin esfuerzo.<\/p>\n","protected":false},"featured_media":7179,"comment_status":"open","ping_status":"closed","template":"","meta":[],"product_brand":[],"product_cat":[426],"product_tag":[],"class_list":{"0":"post-7173","1":"product","2":"type-product","3":"status-publish","4":"has-post-thumbnail","6":"product_cat-cochecito-doble","8":"first","9":"instock","10":"shipping-taxable","11":"product-type-simple"},"_links":{"self":[{"href":"https:\/\/istanbulstroller.com\/es\/wp-json\/wp\/v2\/product\/7173","targetHints":{"allow":["GET"]}}],"collection":[{"href":"https:\/\/istanbulstroller.com\/es\/wp-json\/wp\/v2\/product"}],"about":[{"href":"https:\/\/istanbulstroller.com\/es\/wp-json\/wp\/v2\/types\/product"}],"replies":[{"embeddable":true,"href":"https:\/\/istanbulstroller.com\/es\/wp-json\/wp\/v2\/comments?post=7173"}],"version-history":[{"count":0,"href":"https:\/\/istanbulstroller.com\/es\/wp-json\/wp\/v2\/product\/7173\/revisions"}],"wp:featuredmedia":[{"embeddable":true,"href":"https:\/\/istanbulstroller.com\/es\/wp-json\/wp\/v2\/media\/7179"}],"wp:attachment":[{"href":"https:\/\/istanbulstroller.com\/es\/wp-json\/wp\/v2\/media?parent=7173"}],"wp:term":[{"taxonomy":"product_brand","embeddable":true,"href":"https:\/\/istanbulstroller.com\/es\/wp-json\/wp\/v2\/product_brand?post=7173"},{"taxonomy":"product_cat","embeddable":true,"href":"https:\/\/istanbulstroller.com\/es\/wp-json\/wp\/v2\/product_cat?post=7173"},{"taxonomy":"product_tag","embeddable":true,"href":"https:\/\/istanbulstroller.com\/es\/wp-json\/wp\/v2\/product_tag?post=7173"}],"curies":[{"name":"wp","href":"https:\/\/api.w.org\/{rel}","templated":true}]}}