{"id":7187,"date":"2026-03-15T14:25:35","date_gmt":"2026-03-15T14:25:35","guid":{"rendered":"https:\/\/istanbulstroller.com\/product\/cochecito-doble-book-for-two-de-peg-perego\/"},"modified":"2026-03-15T14:25:35","modified_gmt":"2026-03-15T14:25:35","slug":"cochecito-doble-book-for-two-de-peg-perego","status":"publish","type":"product","link":"https:\/\/istanbulstroller.com\/es\/producto\/cochecito-doble-book-for-two-de-peg-perego\/","title":{"rendered":"Cochecito doble \u00abBook For Two\u00bb de Peg Perego"},"content":{"rendered":"<h2 data-path-to-node=\"0\">Peg Perego Book For Two: elegancia italiana<\/h2>\n<p data-path-to-node=\"1\">Alquila el <b data-path-to-node=\"1\" data-index-in-node=\"9\">Peg Perego Book For Two<\/b> para disfrutar de una experiencia de paseo de primera calidad y alto rendimiento con tus gemelos o hermanos de diferentes edades. Este cochecito doble de fabricaci\u00f3n italiana cuenta con el innovador sistema de ruedas \u00abSoft Ride\u00bb y ruedas delanteras con rodamientos de bolas, lo que te permite maniobrar sin esfuerzo por cualquier superficie con un 30 % menos de esfuerzo.  El chasis ligero de aluminio, combinado con respaldos y reposapi\u00e9s ajustables de forma independiente, garantiza que cada ni\u00f1o disfrute de una comodidad personalizada durante todo el trayecto. Gracias a su dise\u00f1o compacto una vez plegado y a su pr\u00e1ctica asa de transporte lateral, este cochecito doble es una opci\u00f3n de alquiler de primera categor\u00eda para aquellas familias que no est\u00e1n dispuestas a renunciar a la calidad ni a la facilidad de uso. <\/p>\n","protected":false},"excerpt":{"rendered":"<p>Alquila el <b data-path-to-node=\"1\" data-index-in-node=\"9\">Peg Perego Book For Two<\/b> para disfrutar de una experiencia de paseo de primera calidad y alto rendimiento con tus gemelos o hermanos de diferentes edades. Este cochecito doble de fabricaci\u00f3n italiana cuenta con el innovador sistema de ruedas \u00abSoft Ride\u00bb y ruedas delanteras con rodamientos de bolas, lo que te permite maniobrar sin esfuerzo por cualquier superficie con un 30 % menos de esfuerzo. <\/p>\n","protected":false},"featured_media":7202,"comment_status":"open","ping_status":"closed","template":"","meta":[],"product_brand":[],"product_cat":[426],"product_tag":[],"class_list":{"0":"post-7187","1":"product","2":"type-product","3":"status-publish","4":"has-post-thumbnail","6":"product_cat-cochecito-doble","8":"first","9":"instock","10":"shipping-taxable","11":"product-type-simple"},"_links":{"self":[{"href":"https:\/\/istanbulstroller.com\/es\/wp-json\/wp\/v2\/product\/7187","targetHints":{"allow":["GET"]}}],"collection":[{"href":"https:\/\/istanbulstroller.com\/es\/wp-json\/wp\/v2\/product"}],"about":[{"href":"https:\/\/istanbulstroller.com\/es\/wp-json\/wp\/v2\/types\/product"}],"replies":[{"embeddable":true,"href":"https:\/\/istanbulstroller.com\/es\/wp-json\/wp\/v2\/comments?post=7187"}],"version-history":[{"count":0,"href":"https:\/\/istanbulstroller.com\/es\/wp-json\/wp\/v2\/product\/7187\/revisions"}],"wp:featuredmedia":[{"embeddable":true,"href":"https:\/\/istanbulstroller.com\/es\/wp-json\/wp\/v2\/media\/7202"}],"wp:attachment":[{"href":"https:\/\/istanbulstroller.com\/es\/wp-json\/wp\/v2\/media?parent=7187"}],"wp:term":[{"taxonomy":"product_brand","embeddable":true,"href":"https:\/\/istanbulstroller.com\/es\/wp-json\/wp\/v2\/product_brand?post=7187"},{"taxonomy":"product_cat","embeddable":true,"href":"https:\/\/istanbulstroller.com\/es\/wp-json\/wp\/v2\/product_cat?post=7187"},{"taxonomy":"product_tag","embeddable":true,"href":"https:\/\/istanbulstroller.com\/es\/wp-json\/wp\/v2\/product_tag?post=7187"}],"curies":[{"name":"wp","href":"https:\/\/api.w.org\/{rel}","templated":true}]}}