{"id":7203,"date":"2026-03-15T14:16:41","date_gmt":"2026-03-15T14:16:41","guid":{"rendered":"https:\/\/istanbulstroller.com\/product\/cochecito-doble-baby2go-avangarde\/"},"modified":"2026-03-15T14:16:41","modified_gmt":"2026-03-15T14:16:41","slug":"cochecito-doble-baby2go-avangarde","status":"publish","type":"product","link":"https:\/\/istanbulstroller.com\/es\/producto\/cochecito-doble-baby2go-avangarde\/","title":{"rendered":"Cochecito doble Baby2Go Avangarde"},"content":{"rendered":"<h2 data-path-to-node=\"0\">Cochecito doble Baby2Go Avangarde: movilidad sin esfuerzo<\/h2>\n<p data-path-to-node=\"1\">Alquila el cochecito doble <b data-path-to-node=\"1\" data-index-in-node=\"9\">Baby2Go Avangarde<\/b> para disfrutar de una experiencia de viaje c\u00f3moda y pr\u00e1ctica con tus gemelos o dos ni\u00f1os peque\u00f1os. Este cochecito doble de alta gama cuenta con un chasis ligero y compacto que cabe por puertas est\u00e1ndar, lo que te garantiza poder moverte con facilidad por calles concurridas y centros comerciales. Cada asiento ofrece posiciones de reclinaci\u00f3n independientes y reposapi\u00e9s ajustables para que ambos pasajeros est\u00e9n c\u00f3modos durante los largos paseos. Con su robusto sistema de ruedas y su espaciosa cesta de almacenamiento, este cochecito doble es la opci\u00f3n de alquiler perfecta para familias activas. Su mecanismo de plegado con una sola mano lo hace incre\u00edblemente pr\u00e1ctico para guardarlo en el maletero del coche o en pasillos estrechos.    <\/p>\n","protected":false},"excerpt":{"rendered":"<p>Alquila el cochecito doble <b data-path-to-node=\"1\" data-index-in-node=\"9\">Baby2Go Avangarde<\/b> para disfrutar de un viaje c\u00f3modo y pr\u00e1ctico con tus gemelos o tus dos hijos peque\u00f1os.<\/p>\n","protected":false},"featured_media":7204,"comment_status":"open","ping_status":"closed","template":"","meta":[],"product_brand":[],"product_cat":[426],"product_tag":[],"class_list":{"0":"post-7203","1":"product","2":"type-product","3":"status-publish","4":"has-post-thumbnail","6":"product_cat-cochecito-doble","8":"first","9":"instock","10":"shipping-taxable","11":"product-type-simple"},"_links":{"self":[{"href":"https:\/\/istanbulstroller.com\/es\/wp-json\/wp\/v2\/product\/7203","targetHints":{"allow":["GET"]}}],"collection":[{"href":"https:\/\/istanbulstroller.com\/es\/wp-json\/wp\/v2\/product"}],"about":[{"href":"https:\/\/istanbulstroller.com\/es\/wp-json\/wp\/v2\/types\/product"}],"replies":[{"embeddable":true,"href":"https:\/\/istanbulstroller.com\/es\/wp-json\/wp\/v2\/comments?post=7203"}],"version-history":[{"count":0,"href":"https:\/\/istanbulstroller.com\/es\/wp-json\/wp\/v2\/product\/7203\/revisions"}],"wp:featuredmedia":[{"embeddable":true,"href":"https:\/\/istanbulstroller.com\/es\/wp-json\/wp\/v2\/media\/7204"}],"wp:attachment":[{"href":"https:\/\/istanbulstroller.com\/es\/wp-json\/wp\/v2\/media?parent=7203"}],"wp:term":[{"taxonomy":"product_brand","embeddable":true,"href":"https:\/\/istanbulstroller.com\/es\/wp-json\/wp\/v2\/product_brand?post=7203"},{"taxonomy":"product_cat","embeddable":true,"href":"https:\/\/istanbulstroller.com\/es\/wp-json\/wp\/v2\/product_cat?post=7203"},{"taxonomy":"product_tag","embeddable":true,"href":"https:\/\/istanbulstroller.com\/es\/wp-json\/wp\/v2\/product_tag?post=7203"}],"curies":[{"name":"wp","href":"https:\/\/api.w.org\/{rel}","templated":true}]}}