{"id":7218,"date":"2025-03-23T14:47:27","date_gmt":"2025-03-23T14:47:27","guid":{"rendered":"https:\/\/istanbulstroller.com\/product\/cochecito-maclaren-quest-arc-negro-con-diseno-en-espiga\/"},"modified":"2025-03-23T14:47:27","modified_gmt":"2025-03-23T14:47:27","slug":"cochecito-maclaren-quest-arc-negro-con-diseno-en-espiga","status":"publish","type":"product","link":"https:\/\/istanbulstroller.com\/es\/producto\/cochecito-maclaren-quest-arc-negro-con-diseno-en-espiga\/","title":{"rendered":"Cochecito Maclaren Quest Arc negro con dise\u00f1o en espiga"},"content":{"rendered":"<h2 data-path-to-node=\"0\">Maclaren Quest Arc: un cochecito de viaje ligero y de alta gama<\/h2>\n<p data-path-to-node=\"1\">Alquila el <b data-path-to-node=\"1\" data-index-in-node=\"9\">Maclaren Quest Arc<\/b> en el elegante dise\u00f1o Black Herringbone y disfruta de una silla de paseo de alto rendimiento apta para ni\u00f1os desde el nacimiento hasta los 25 kg. Esta silla de paseo ligera, de solo 6,1 kg, cuenta con un chasis de aluminio de alto rendimiento y un asiento reclinable en 4 posiciones con modo totalmente horizontal para una comodidad m\u00e1xima. Dise\u00f1ada pensando en la comodidad, se pliega en solo 5 segundos e incluye una pr\u00e1ctica correa de transporte para llevarla f\u00e1cilmente al hombro. Con su suspensi\u00f3n en las cuatro ruedas y su capota impermeable con protecci\u00f3n UPF 50+, este cochecito garantiza un paseo suave, seguro y transpirable para tu peque\u00f1o en cualquier entorno.   <\/p>\n","protected":false},"excerpt":{"rendered":"<p>Alquila el <b data-path-to-node=\"1\" data-index-in-node=\"9\">Maclaren Quest Arc<\/b> en el elegante dise\u00f1o \u00abBlack Herringbone\u00bb y disfruta de una silla de paseo de alto rendimiento, apta para ni\u00f1os desde el nacimiento hasta los 25 kg. Esta silla de paseo, con un peso de 6,1 kg, <\/p>\n","protected":false},"featured_media":7223,"comment_status":"closed","ping_status":"closed","template":"","meta":[],"product_brand":[],"product_cat":[427,425],"product_tag":[],"class_list":{"0":"post-7218","1":"product","2":"type-product","3":"status-publish","4":"has-post-thumbnail","6":"product_cat-cochecito-de-viaje","7":"product_cat-cochecito-para-bebes","9":"first","10":"instock","11":"shipping-taxable","12":"product-type-simple"},"_links":{"self":[{"href":"https:\/\/istanbulstroller.com\/es\/wp-json\/wp\/v2\/product\/7218","targetHints":{"allow":["GET"]}}],"collection":[{"href":"https:\/\/istanbulstroller.com\/es\/wp-json\/wp\/v2\/product"}],"about":[{"href":"https:\/\/istanbulstroller.com\/es\/wp-json\/wp\/v2\/types\/product"}],"replies":[{"embeddable":true,"href":"https:\/\/istanbulstroller.com\/es\/wp-json\/wp\/v2\/comments?post=7218"}],"version-history":[{"count":0,"href":"https:\/\/istanbulstroller.com\/es\/wp-json\/wp\/v2\/product\/7218\/revisions"}],"wp:featuredmedia":[{"embeddable":true,"href":"https:\/\/istanbulstroller.com\/es\/wp-json\/wp\/v2\/media\/7223"}],"wp:attachment":[{"href":"https:\/\/istanbulstroller.com\/es\/wp-json\/wp\/v2\/media?parent=7218"}],"wp:term":[{"taxonomy":"product_brand","embeddable":true,"href":"https:\/\/istanbulstroller.com\/es\/wp-json\/wp\/v2\/product_brand?post=7218"},{"taxonomy":"product_cat","embeddable":true,"href":"https:\/\/istanbulstroller.com\/es\/wp-json\/wp\/v2\/product_cat?post=7218"},{"taxonomy":"product_tag","embeddable":true,"href":"https:\/\/istanbulstroller.com\/es\/wp-json\/wp\/v2\/product_tag?post=7218"}],"curies":[{"name":"wp","href":"https:\/\/api.w.org\/{rel}","templated":true}]}}