{"id":7231,"date":"2025-08-18T14:47:27","date_gmt":"2025-08-18T14:47:27","guid":{"rendered":"https:\/\/istanbulstroller.com\/product\/maxi-cosi-dove-pro-cloudsoft\/"},"modified":"2025-08-18T14:47:27","modified_gmt":"2025-08-18T14:47:27","slug":"maxi-cosi-dove-pro-cloudsoft","status":"publish","type":"product","link":"https:\/\/istanbulstroller.com\/es\/producto\/maxi-cosi-dove-pro-cloudsoft\/","title":{"rendered":"Maxi-Cosi Dove Pro Cloudsoft"},"content":{"rendered":"<h2 data-path-to-node=\"0\">Maxi-Cosi Kori: hamaca y sillita 2 en 1<\/h2>\n<p data-path-to-node=\"1\">Alquila la <b data-path-to-node=\"1\" data-index-in-node=\"9\">Maxi-Cosi Kori<\/b> (que aqu\u00ed se presenta en el acabado premium Cloudsoft) para disfrutar de una soluci\u00f3n minimalista y elegante con la que calmar a tu beb\u00e9. Esta hamaca y mecedora ligera est\u00e1 dise\u00f1ada para hogares modernos y ofrece una transici\u00f3n fluida entre un suave movimiento de balanceo y una posici\u00f3n fija. Apto desde el nacimiento hasta los 9 kg, cuenta con un acolchado para reci\u00e9n nacidos de alta calidad y ultrasuave, y tres posiciones de altura diferentes que se pueden ajustar con una sola mano. Su elegante acabado con efecto madera y sus tejidos de alta gama lo convierten en un bonito complemento para cualquier habitaci\u00f3n, mientras que su dise\u00f1o plegable garantiza que no estorbe cuando no se utiliza.   <\/p>\n","protected":false},"excerpt":{"rendered":"<p>Alquila la <b data-path-to-node=\"1\" data-index-in-node=\"9\">Maxi-Cosi Kori<\/b> (que aqu\u00ed se presenta en el acabado premium Cloudsoft) para disfrutar de una soluci\u00f3n minimalista y elegante con la que calmar a tu beb\u00e9.<\/p>\n","protected":false},"featured_media":7237,"comment_status":"closed","ping_status":"closed","template":"","meta":[],"product_brand":[],"product_cat":[396,395],"product_tag":[],"class_list":{"0":"post-7231","1":"product","2":"type-product","3":"status-publish","4":"has-post-thumbnail","6":"product_cat-columpio-para-bebes","7":"product_cat-hamaca-para-bebes","9":"first","10":"instock","11":"shipping-taxable","12":"product-type-simple"},"_links":{"self":[{"href":"https:\/\/istanbulstroller.com\/es\/wp-json\/wp\/v2\/product\/7231","targetHints":{"allow":["GET"]}}],"collection":[{"href":"https:\/\/istanbulstroller.com\/es\/wp-json\/wp\/v2\/product"}],"about":[{"href":"https:\/\/istanbulstroller.com\/es\/wp-json\/wp\/v2\/types\/product"}],"replies":[{"embeddable":true,"href":"https:\/\/istanbulstroller.com\/es\/wp-json\/wp\/v2\/comments?post=7231"}],"version-history":[{"count":0,"href":"https:\/\/istanbulstroller.com\/es\/wp-json\/wp\/v2\/product\/7231\/revisions"}],"wp:featuredmedia":[{"embeddable":true,"href":"https:\/\/istanbulstroller.com\/es\/wp-json\/wp\/v2\/media\/7237"}],"wp:attachment":[{"href":"https:\/\/istanbulstroller.com\/es\/wp-json\/wp\/v2\/media?parent=7231"}],"wp:term":[{"taxonomy":"product_brand","embeddable":true,"href":"https:\/\/istanbulstroller.com\/es\/wp-json\/wp\/v2\/product_brand?post=7231"},{"taxonomy":"product_cat","embeddable":true,"href":"https:\/\/istanbulstroller.com\/es\/wp-json\/wp\/v2\/product_cat?post=7231"},{"taxonomy":"product_tag","embeddable":true,"href":"https:\/\/istanbulstroller.com\/es\/wp-json\/wp\/v2\/product_tag?post=7231"}],"curies":[{"name":"wp","href":"https:\/\/api.w.org\/{rel}","templated":true}]}}