{"id":7238,"date":"2026-03-02T14:47:27","date_gmt":"2026-03-02T14:47:27","guid":{"rendered":"https:\/\/istanbulstroller.com\/product\/cuna-de-colecho-chicco-next-2me\/"},"modified":"2026-03-02T14:47:27","modified_gmt":"2026-03-02T14:47:27","slug":"cuna-de-colecho-chicco-next-2me","status":"publish","type":"product","link":"https:\/\/istanbulstroller.com\/es\/producto\/cuna-de-colecho-chicco-next-2me\/","title":{"rendered":"Cuna de colecho Chicco Next 2Me"},"content":{"rendered":"<p>Alquila la cuna <b data-path-to-node=\"1\" data-index-in-node=\"9\">Chicco Next2Me Magic Evo<\/b> para disfrutar de la mejor experiencia de sue\u00f1o junto a la cama. Esta cuna de alta gama cuenta con un pr\u00e1ctico panel lateral deslizante que se maneja con una sola mano y un relajante modo de balanceo para ayudar a tu peque\u00f1o a conciliar el sue\u00f1o. Con 11 posiciones de altura y malla 3D para facilitar la circulaci\u00f3n del aire, garantiza una noche segura, fresca y c\u00f3moda. Equipada con 4 ruedas para facilitar su desplazamiento, esta cuna es la soluci\u00f3n perfecta para los padres modernos que buscan comodidad y flexibilidad.   <\/p>\n","protected":false},"excerpt":{"rendered":"<p>Alquila la cuna <b data-path-to-node=\"1\" data-index-in-node=\"9\">Chicco Next2Me Magic Evo<\/b> para disfrutar de la mejor experiencia de dormir junto a la cama<\/p>\n","protected":false},"featured_media":7244,"comment_status":"open","ping_status":"closed","template":"","meta":[],"product_brand":[],"product_cat":[389],"product_tag":[],"class_list":{"0":"post-7238","1":"product","2":"type-product","3":"status-publish","4":"has-post-thumbnail","6":"product_cat-cuna","8":"first","9":"instock","10":"shipping-taxable","11":"product-type-simple"},"_links":{"self":[{"href":"https:\/\/istanbulstroller.com\/es\/wp-json\/wp\/v2\/product\/7238","targetHints":{"allow":["GET"]}}],"collection":[{"href":"https:\/\/istanbulstroller.com\/es\/wp-json\/wp\/v2\/product"}],"about":[{"href":"https:\/\/istanbulstroller.com\/es\/wp-json\/wp\/v2\/types\/product"}],"replies":[{"embeddable":true,"href":"https:\/\/istanbulstroller.com\/es\/wp-json\/wp\/v2\/comments?post=7238"}],"version-history":[{"count":0,"href":"https:\/\/istanbulstroller.com\/es\/wp-json\/wp\/v2\/product\/7238\/revisions"}],"wp:featuredmedia":[{"embeddable":true,"href":"https:\/\/istanbulstroller.com\/es\/wp-json\/wp\/v2\/media\/7244"}],"wp:attachment":[{"href":"https:\/\/istanbulstroller.com\/es\/wp-json\/wp\/v2\/media?parent=7238"}],"wp:term":[{"taxonomy":"product_brand","embeddable":true,"href":"https:\/\/istanbulstroller.com\/es\/wp-json\/wp\/v2\/product_brand?post=7238"},{"taxonomy":"product_cat","embeddable":true,"href":"https:\/\/istanbulstroller.com\/es\/wp-json\/wp\/v2\/product_cat?post=7238"},{"taxonomy":"product_tag","embeddable":true,"href":"https:\/\/istanbulstroller.com\/es\/wp-json\/wp\/v2\/product_tag?post=7238"}],"curies":[{"name":"wp","href":"https:\/\/api.w.org\/{rel}","templated":true}]}}