{"id":7246,"date":"2026-03-13T09:45:38","date_gmt":"2026-03-13T09:45:38","guid":{"rendered":"https:\/\/istanbulstroller.com\/product\/silla-de-bebe-mamaroo-4-0-app\/"},"modified":"2026-03-13T09:45:38","modified_gmt":"2026-03-13T09:45:38","slug":"silla-de-bebe-mamaroo-4-0-app","status":"publish","type":"product","link":"https:\/\/istanbulstroller.com\/es\/producto\/silla-de-bebe-mamaroo-4-0-app\/","title":{"rendered":"Silla de beb\u00e9 Mamaroo 4.0 App"},"content":{"rendered":"<p>\u00a1La hamaca para beb\u00e9s Mamaroo 4.0 App, desarrollada bas\u00e1ndose en los movimientos de los padres, mantendr\u00e1 a tu beb\u00e9 contento y te dar\u00e1 tranquilidad! Dise\u00f1ada para reci\u00e9n nacidos, esta hamaca cuenta con m\u00faltiples modos de balanceo y juguetes situados a la altura de los ojos del beb\u00e9, lo que le permite divertirse mientras t\u00fa te ocupas de tus tareas diarias. La Mamaroo est\u00e1 dise\u00f1ada para su uso a partir de las primeras 8 semanas. Para los beb\u00e9s menores de 8 semanas, los juguetes est\u00e1n situados a la altura de los ojos para que simplemente puedan observarlos. A partir de las 8 semanas, los beb\u00e9s pueden jugar con los juguetes y desarrollar sus habilidades visuales. Los juguetes son extra\u00edbles y lavables, lo que los hace extremadamente higi\u00e9nicos. Adem\u00e1s, es respetuosa con el medio ambiente, ya que funciona con electricidad en lugar de pilas.      <\/p>\n","protected":false},"excerpt":{"rendered":"<p>\u00a1Con la hamaca para beb\u00e9s Mamaroo 4.0 App, dise\u00f1ada para imitar los movimientos de mam\u00e1 y pap\u00e1, tu beb\u00e9 estar\u00e1 feliz y t\u00fa tendr\u00e1s la tranquilidad que necesitas!<\/p>\n","protected":false},"featured_media":7250,"comment_status":"open","ping_status":"closed","template":"","meta":[],"product_brand":[],"product_cat":[396,395],"product_tag":[],"class_list":{"0":"post-7246","1":"product","2":"type-product","3":"status-publish","4":"has-post-thumbnail","6":"product_cat-columpio-para-bebes","7":"product_cat-hamaca-para-bebes","9":"first","10":"instock","11":"shipping-taxable","12":"product-type-simple"},"_links":{"self":[{"href":"https:\/\/istanbulstroller.com\/es\/wp-json\/wp\/v2\/product\/7246","targetHints":{"allow":["GET"]}}],"collection":[{"href":"https:\/\/istanbulstroller.com\/es\/wp-json\/wp\/v2\/product"}],"about":[{"href":"https:\/\/istanbulstroller.com\/es\/wp-json\/wp\/v2\/types\/product"}],"replies":[{"embeddable":true,"href":"https:\/\/istanbulstroller.com\/es\/wp-json\/wp\/v2\/comments?post=7246"}],"version-history":[{"count":0,"href":"https:\/\/istanbulstroller.com\/es\/wp-json\/wp\/v2\/product\/7246\/revisions"}],"wp:featuredmedia":[{"embeddable":true,"href":"https:\/\/istanbulstroller.com\/es\/wp-json\/wp\/v2\/media\/7250"}],"wp:attachment":[{"href":"https:\/\/istanbulstroller.com\/es\/wp-json\/wp\/v2\/media?parent=7246"}],"wp:term":[{"taxonomy":"product_brand","embeddable":true,"href":"https:\/\/istanbulstroller.com\/es\/wp-json\/wp\/v2\/product_brand?post=7246"},{"taxonomy":"product_cat","embeddable":true,"href":"https:\/\/istanbulstroller.com\/es\/wp-json\/wp\/v2\/product_cat?post=7246"},{"taxonomy":"product_tag","embeddable":true,"href":"https:\/\/istanbulstroller.com\/es\/wp-json\/wp\/v2\/product_tag?post=7246"}],"curies":[{"name":"wp","href":"https:\/\/api.w.org\/{rel}","templated":true}]}}