{"id":7255,"date":"2026-03-13T09:22:36","date_gmt":"2026-03-13T09:22:36","guid":{"rendered":"https:\/\/istanbulstroller.com\/product\/mamaroo-5-0-app-baby-seat\/"},"modified":"2026-03-13T09:22:36","modified_gmt":"2026-03-13T09:22:36","slug":"mamaroo-5-0-app-baby-seat","status":"publish","type":"product","link":"https:\/\/istanbulstroller.com\/es\/producto\/mamaroo-5-0-app-baby-seat\/","title":{"rendered":"Mamaroo 5.0 App Baby Seat"},"content":{"rendered":"<h2 data-path-to-node=\"0\">4moms MamaRoo 5.0: la mecedora para beb\u00e9s con m\u00faltiples movimientos definitiva<\/h2>\n<p data-path-to-node=\"1\">Alquila la <b data-path-to-node=\"1\" data-index-in-node=\"9\">4moms MamaRoo 5.0<\/b>, la hamaca para beb\u00e9s m\u00e1s avanzada, dise\u00f1ada para moverse tal y como lo har\u00edas t\u00fa. Con cinco movimientos \u00fanicos \u2014viaje en coche, canguro, columpio en el \u00e1rbol, arrullo y ola\u2014, esta hamaca inteligente imita el balanceo y el vaiv\u00e9n naturales de los padres para calmar y entretener a tu beb\u00e9. Con la aplicaci\u00f3n 4moms integrada, puedes ajustar el movimiento, la velocidad y el sonido directamente desde tu smartphone. Su dise\u00f1o elegante y moderno y las bolas interactivas situadas en la parte superior lo convierten en una opci\u00f3n de alquiler de primera calidad para proporcionar a tu beb\u00e9 la m\u00e1xima comodidad y una experiencia sensorial \u00fanica desde el nacimiento hasta los 11,3 kg.   <\/p>\n","protected":false},"excerpt":{"rendered":"<p>La hamaca para beb\u00e9s mamaRoo 5.0 de 4moms\u00ae se balancea hacia arriba y hacia abajo y se mece de lado a lado, tal y como hacen los padres para calmar a sus beb\u00e9s. Ofrece cinco movimientos \u00fanicos y cinco opciones de velocidad, lo que da un total de 25 combinaciones diferentes. <\/p>\n","protected":false},"featured_media":7259,"comment_status":"closed","ping_status":"closed","template":"","meta":[],"product_brand":[],"product_cat":[396,395],"product_tag":[],"class_list":{"0":"post-7255","1":"product","2":"type-product","3":"status-publish","4":"has-post-thumbnail","6":"product_cat-columpio-para-bebes","7":"product_cat-hamaca-para-bebes","9":"first","10":"instock","11":"shipping-taxable","12":"product-type-simple"},"_links":{"self":[{"href":"https:\/\/istanbulstroller.com\/es\/wp-json\/wp\/v2\/product\/7255","targetHints":{"allow":["GET"]}}],"collection":[{"href":"https:\/\/istanbulstroller.com\/es\/wp-json\/wp\/v2\/product"}],"about":[{"href":"https:\/\/istanbulstroller.com\/es\/wp-json\/wp\/v2\/types\/product"}],"replies":[{"embeddable":true,"href":"https:\/\/istanbulstroller.com\/es\/wp-json\/wp\/v2\/comments?post=7255"}],"version-history":[{"count":0,"href":"https:\/\/istanbulstroller.com\/es\/wp-json\/wp\/v2\/product\/7255\/revisions"}],"wp:featuredmedia":[{"embeddable":true,"href":"https:\/\/istanbulstroller.com\/es\/wp-json\/wp\/v2\/media\/7259"}],"wp:attachment":[{"href":"https:\/\/istanbulstroller.com\/es\/wp-json\/wp\/v2\/media?parent=7255"}],"wp:term":[{"taxonomy":"product_brand","embeddable":true,"href":"https:\/\/istanbulstroller.com\/es\/wp-json\/wp\/v2\/product_brand?post=7255"},{"taxonomy":"product_cat","embeddable":true,"href":"https:\/\/istanbulstroller.com\/es\/wp-json\/wp\/v2\/product_cat?post=7255"},{"taxonomy":"product_tag","embeddable":true,"href":"https:\/\/istanbulstroller.com\/es\/wp-json\/wp\/v2\/product_tag?post=7255"}],"curies":[{"name":"wp","href":"https:\/\/api.w.org\/{rel}","templated":true}]}}