{"id":5308,"date":"2026-03-25T08:49:50","date_gmt":"2026-03-25T08:49:50","guid":{"rendered":"https:\/\/istanbulstroller.com\/foire-aux-questions-faq\/"},"modified":"2026-04-10T19:59:41","modified_gmt":"2026-04-10T19:59:41","slug":"foire-aux-questions-faq","status":"publish","type":"page","link":"https:\/\/istanbulstroller.com\/fr\/foire-aux-questions-faq\/","title":{"rendered":"Foire aux questions (FAQ)"},"content":{"rendered":"\t\t<div data-elementor-type=\"wp-page\" data-elementor-id=\"5308\" class=\"elementor elementor-5308 elementor-3481\">\n\t\t\t\t<div class=\"wd-negative-gap elementor-element elementor-element-11800d32 e-flex e-con-boxed e-con e-parent\" data-id=\"11800d32\" data-element_type=\"container\" data-e-type=\"container\">\n\t\t\t\t\t<div class=\"e-con-inner\">\n\t\t\t\t<div class=\"elementor-element elementor-element-4f3b2024 wd-width-100 elementor-widget elementor-widget-wd_title\" data-id=\"4f3b2024\" data-element_type=\"widget\" data-e-type=\"widget\" data-widget_type=\"wd_title.default\">\n\t\t\t\t<div class=\"elementor-widget-container\">\n\t\t\t\t\t\t\t<div class=\"title-wrapper wd-set-mb reset-last-child wd-title-color-default wd-title-style-underlined wd-title-size-default text-left\">\n\n\t\t\t\n\t\t\t<div class=\"liner-continer\">\n\t\t\t\t<h4 class=\"woodmart-title-container title wd-fontsize-l\">Foire aux questions (FAQ)<\/h4> \n\t\t\t\t\t\t\t<\/div>\n\n\t\t\t\t\t<\/div>\n\t\t\t\t\t\t<\/div>\n\t\t\t\t<\/div>\n\t\t<div class=\"elementor-element elementor-element-fbde01d e-con-full e-flex e-con e-child\" data-id=\"fbde01d\" data-element_type=\"container\" data-e-type=\"container\">\n\t\t<div class=\"elementor-element elementor-element-c886a29 e-con-full e-flex e-con e-child\" data-id=\"c886a29\" data-element_type=\"container\" data-e-type=\"container\">\n\t\t\t\t<div class=\"elementor-element elementor-element-18ad15cd elementor-widget elementor-widget-wd_text_block\" data-id=\"18ad15cd\" data-element_type=\"widget\" data-e-type=\"widget\" data-widget_type=\"wd_text_block.default\">\n\t\t\t\t<div class=\"elementor-widget-container\">\n\t\t\t\t\t\t\t<div class=\"wd-text-block reset-last-child text-left\">\n\t\t\t\n\t\t\t<h5>1. Comment s\u00e9lectionnez-vous les produits que vous louez ?<\/h5><p>Lors de la constitution de notre gamme de mat\u00e9riel pour b\u00e9b\u00e9s en location, nous accordons la priorit\u00e9 aux normes de s\u00e9curit\u00e9 internationales, \u00e0 l'ergonomie et \u00e0 la qualit\u00e9 des grandes marques.<\/p>\n\t\t\t\t\t<\/div>\n\t\t\t\t\t\t<\/div>\n\t\t\t\t<\/div>\n\t\t\t\t<div class=\"elementor-element elementor-element-671b9dd2 elementor-widget elementor-widget-wd_text_block\" data-id=\"671b9dd2\" data-element_type=\"widget\" data-e-type=\"widget\" data-widget_type=\"wd_text_block.default\">\n\t\t\t\t<div class=\"elementor-widget-container\">\n\t\t\t\t\t\t\t<div class=\"wd-text-block reset-last-child text-left\">\n\t\t\t\n\t\t\t<h5>3. Comment la dur\u00e9e de location est-elle d\u00e9termin\u00e9e ?<\/h5><p>Vous pouvez choisir des dur\u00e9es flexibles \u2014 \u00e0 la journ\u00e9e, \u00e0 la semaine ou au mois \u2014 en fonction de votre itin\u00e9raire de voyage.<\/p>\n\t\t\t\t\t<\/div>\n\t\t\t\t\t\t<\/div>\n\t\t\t\t<\/div>\n\t\t\t\t<div class=\"elementor-element elementor-element-5ffe1a33 elementor-widget elementor-widget-wd_text_block\" data-id=\"5ffe1a33\" data-element_type=\"widget\" data-e-type=\"widget\" data-widget_type=\"wd_text_block.default\">\n\t\t\t\t<div class=\"elementor-widget-container\">\n\t\t\t\t\t\t\t<div class=\"wd-text-block reset-last-child text-left\">\n\t\t\t\n\t\t\t<h5>5. Comment le mat\u00e9riel lou\u00e9 est-il livr\u00e9 ?<\/h5><p>Votre commande sera livr\u00e9e directement \u00e0 votre domicile par notre \u00e9quipe professionnelle, \u00e0 la date et \u00e0 l'heure que vous aurez choisies.<\/p>\n\t\t\t\t\t<\/div>\n\t\t\t\t\t\t<\/div>\n\t\t\t\t<\/div>\n\t\t\t\t<\/div>\n\t\t<div class=\"elementor-element elementor-element-5aa31de5 e-con-full e-flex e-con e-child\" data-id=\"5aa31de5\" data-element_type=\"container\" data-e-type=\"container\">\n\t\t\t\t<div class=\"elementor-element elementor-element-74785b64 elementor-widget elementor-widget-wd_text_block\" data-id=\"74785b64\" data-element_type=\"widget\" data-e-type=\"widget\" data-widget_type=\"wd_text_block.default\">\n\t\t\t\t<div class=\"elementor-widget-container\">\n\t\t\t\t\t\t\t<div class=\"wd-text-block reset-last-child text-left\">\n\t\t\t\n\t\t\t<h5>2. Comment puis-je faire une r\u00e9servation ?<\/h5><p>Vous pouvez effectuer rapidement votre r\u00e9servation de location d'\u00e9quipement pour b\u00e9b\u00e9 en ajoutant les articles dont vous avez besoin \u00e0 votre panier et en s\u00e9lectionnant les dates de votre choix sur notre site web.<\/p>\n\t\t\t\t\t<\/div>\n\t\t\t\t\t\t<\/div>\n\t\t\t\t<\/div>\n\t\t\t\t<div class=\"elementor-element elementor-element-3c9683e9 elementor-widget elementor-widget-wd_text_block\" data-id=\"3c9683e9\" data-element_type=\"widget\" data-e-type=\"widget\" data-widget_type=\"wd_text_block.default\">\n\t\t\t\t<div class=\"elementor-widget-container\">\n\t\t\t\t\t\t\t<div class=\"wd-text-block reset-last-child text-left\">\n\t\t\t\n\t\t\t<h5>4. Comment puis-je r\u00e9gler ma location ?<\/h5><p>Vous pouvez r\u00e9gler en ligne lors du processus de paiement ou directement aupr\u00e8s de notre \u00e9quipe \u00e0 la livraison de vos articles.<\/p>\n\t\t\t\t\t<\/div>\n\t\t\t\t\t\t<\/div>\n\t\t\t\t<\/div>\n\t\t\t\t<div class=\"elementor-element elementor-element-6522184 elementor-widget elementor-widget-wd_text_block\" data-id=\"6522184\" data-element_type=\"widget\" data-e-type=\"widget\" data-widget_type=\"wd_text_block.default\">\n\t\t\t\t<div class=\"elementor-widget-container\">\n\t\t\t\t\t\t\t<div class=\"wd-text-block reset-last-child text-left\">\n\t\t\t\n\t\t\t<h5>6. O\u00f9 livrez-vous \u00e0 Istanbul ?<\/h5><p>Nous livrons directement dans de nombreux quartiers, h\u00f4tels et locations de vacances \u00e0 travers Istanbul, \u00e0 l'exception des a\u00e9roports.<\/p>\n\t\t\t\t\t<\/div>\n\t\t\t\t\t\t<\/div>\n\t\t\t\t<\/div>\n\t\t\t\t<\/div>\n\t\t\t\t<\/div>\n\t\t<div class=\"elementor-element elementor-element-6f35bd5 e-con-full e-flex e-con e-child\" data-id=\"6f35bd5\" data-element_type=\"container\" data-e-type=\"container\">\n\t\t<div class=\"elementor-element elementor-element-3316b56 e-con-full e-flex e-con e-child\" data-id=\"3316b56\" data-element_type=\"container\" data-e-type=\"container\">\n\t\t\t\t<div class=\"elementor-element elementor-element-b629a80 elementor-widget elementor-widget-wd_text_block\" data-id=\"b629a80\" data-element_type=\"widget\" data-e-type=\"widget\" data-widget_type=\"wd_text_block.default\">\n\t\t\t\t<div class=\"elementor-widget-container\">\n\t\t\t\t\t\t\t<div class=\"wd-text-block reset-last-child text-left\">\n\t\t\t\n\t\t\t<h5>7. Dans quelles circonstances une demande de location peut-elle \u00eatre refus\u00e9e ?<\/h5><p>Les demandes de location d'articles pour b\u00e9b\u00e9s peuvent ne pas \u00eatre accept\u00e9es si le stock est insuffisant pour les dates demand\u00e9es, si l'adresse de livraison se trouve en dehors de nos zones de service ou si les informations fournies par le client sont incompl\u00e8tes.<\/p>\n\t\t\t\t\t<\/div>\n\t\t\t\t\t\t<\/div>\n\t\t\t\t<\/div>\n\t\t\t\t<div class=\"elementor-element elementor-element-5444655 elementor-widget elementor-widget-wd_text_block\" data-id=\"5444655\" data-element_type=\"widget\" data-e-type=\"widget\" data-widget_type=\"wd_text_block.default\">\n\t\t\t\t<div class=\"elementor-widget-container\">\n\t\t\t\t\t\t\t<div class=\"wd-text-block reset-last-child text-left\">\n\t\t\t\n\t\t\t<h5>9. Exigez-vous une caution pour les locations ?<\/h5><p>Oui, une caution standard est exig\u00e9e pour toute location d'\u00e9quipement pour b\u00e9b\u00e9 afin de nous permettre de respecter nos normes strictes en mati\u00e8re de nettoyage et d'hygi\u00e8ne.<\/p>\n\t\t\t\t\t<\/div>\n\t\t\t\t\t\t<\/div>\n\t\t\t\t<\/div>\n\t\t\t\t<div class=\"elementor-element elementor-element-b2d5bfd elementor-widget elementor-widget-wd_text_block\" data-id=\"b2d5bfd\" data-element_type=\"widget\" data-e-type=\"widget\" data-widget_type=\"wd_text_block.default\">\n\t\t\t\t<div class=\"elementor-widget-container\">\n\t\t\t\t\t\t\t<div class=\"wd-text-block reset-last-child text-left\">\n\t\t\t\n\t\t\t<h5>11. \u00c0 quoi dois-je faire attention lorsque je renvoie l'article ?<\/h5><p>Vous devez rendre le produit propre et lav\u00e9, tel que vous l'avez re\u00e7u. En cas de salissures importantes dues \u00e0 l'utilisation ou de dommages mat\u00e9riels sur l'article lou\u00e9, les frais correspondants seront d\u00e9duits de la caution. <\/p>\n\t\t\t\t\t<\/div>\n\t\t\t\t\t\t<\/div>\n\t\t\t\t<\/div>\n\t\t\t\t<\/div>\n\t\t<div class=\"elementor-element elementor-element-16d3bb7 e-con-full e-flex e-con e-child\" data-id=\"16d3bb7\" data-element_type=\"container\" data-e-type=\"container\">\n\t\t\t\t<div class=\"elementor-element elementor-element-f07d552 elementor-widget elementor-widget-wd_text_block\" data-id=\"f07d552\" data-element_type=\"widget\" data-e-type=\"widget\" data-widget_type=\"wd_text_block.default\">\n\t\t\t\t<div class=\"elementor-widget-container\">\n\t\t\t\t\t\t\t<div class=\"wd-text-block reset-last-child text-left\">\n\t\t\t\n\t\t\t<h5>8. Que dois-je faire si l'article que je recherche ne figure pas sur le site web ?<\/h5><p>N'h\u00e9sitez pas \u00e0 nous contacter directement. Gr\u00e2ce \u00e0 notre vaste r\u00e9seau, nous sommes souvent en mesure de vous proposer des solutions alternatives adapt\u00e9es \u00e0 vos besoins sp\u00e9cifiques. <\/p>\n\t\t\t\t\t<\/div>\n\t\t\t\t\t\t<\/div>\n\t\t\t\t<\/div>\n\t\t\t\t<div class=\"elementor-element elementor-element-0e443e6 elementor-widget elementor-widget-wd_text_block\" data-id=\"0e443e6\" data-element_type=\"widget\" data-e-type=\"widget\" data-widget_type=\"wd_text_block.default\">\n\t\t\t\t<div class=\"elementor-widget-container\">\n\t\t\t\t\t\t\t<div class=\"wd-text-block reset-last-child text-left\">\n\t\t\t\n\t\t\t<h5>10. Que dois-je v\u00e9rifier \u00e0 la r\u00e9ception du produit ?<\/h5><p>\u00c0 la livraison, vous devez vous assurer que tout le mat\u00e9riel est complet, en parfait \u00e9tat de fonctionnement et parfaitement propre.<\/p>\n\t\t\t\t\t<\/div>\n\t\t\t\t\t\t<\/div>\n\t\t\t\t<\/div>\n\t\t\t\t<div class=\"elementor-element elementor-element-80e68f3 elementor-widget elementor-widget-wd_text_block\" data-id=\"80e68f3\" data-element_type=\"widget\" data-e-type=\"widget\" data-widget_type=\"wd_text_block.default\">\n\t\t\t\t<div class=\"elementor-widget-container\">\n\t\t\t\t\t\t\t<div class=\"wd-text-block reset-last-child text-left\">\n\t\t\t\n\t\t\t<h5>12. Que se passe-t-il si j'endommage un article pendant son utilisation ?<\/h5><p>\u00c0 la suite de tout signalement de dommage, notre \u00e9quipe technique proc\u00e9dera \u00e0 une inspection sur place. Pour les probl\u00e8mes n\u00e9cessitant une r\u00e9paration ou rendant l'article totalement inutilisable, 40 % des frais sont pris en charge par istanbulbabyrental.com, et 60 % par le locataire. <\/p>\n\t\t\t\t\t<\/div>\n\t\t\t\t\t\t<\/div>\n\t\t\t\t<\/div>\n\t\t\t\t<\/div>\n\t\t\t\t<\/div>\n\t\t<div class=\"elementor-element elementor-element-79a2292 e-con-full e-flex e-con e-child\" data-id=\"79a2292\" data-element_type=\"container\" data-e-type=\"container\">\n\t\t<div class=\"elementor-element elementor-element-5de3576 e-con-full e-flex e-con e-child\" data-id=\"5de3576\" data-element_type=\"container\" data-e-type=\"container\">\n\t\t\t\t<div class=\"elementor-element elementor-element-53901d2 elementor-widget elementor-widget-wd_text_block\" data-id=\"53901d2\" data-element_type=\"widget\" data-e-type=\"widget\" data-widget_type=\"wd_text_block.default\">\n\t\t\t\t<div class=\"elementor-widget-container\">\n\t\t\t\t\t\t\t<div class=\"wd-text-block reset-last-child text-left\">\n\t\t\t\n\t\t\t<h5>13. Quel est le nombre maximal d'articles que je peux louer ?<\/h5><p>Il n'y a absolument aucune limite. Vous pouvez louer tous les articles dont vous avez besoin pour votre b\u00e9b\u00e9 en m\u00eame temps lors de votre s\u00e9jour \u00e0 Istanbul. <\/p>\n\t\t\t\t\t<\/div>\n\t\t\t\t\t\t<\/div>\n\t\t\t\t<\/div>\n\t\t\t\t<div class=\"elementor-element elementor-element-773bb50 elementor-widget elementor-widget-wd_text_block\" data-id=\"773bb50\" data-element_type=\"widget\" data-e-type=\"widget\" data-widget_type=\"wd_text_block.default\">\n\t\t\t\t<div class=\"elementor-widget-container\">\n\t\t\t\t\t\t\t<div class=\"wd-text-block reset-last-child text-left\">\n\t\t\t\n\t\t\t<h5>15. Comment nettoie-t-on ces produits ?<\/h5><p>Conform\u00e9ment \u00e0 notre proc\u00e9dure standard, chaque article de pu\u00e9riculture rendu apr\u00e8s location fait l'objet d'une d\u00e9sinfection minutieuse et est nettoy\u00e9 avec le plus grand soin, conform\u00e9ment aux instructions sp\u00e9cifiques du fabricant.<\/p>\n\t\t\t\t\t<\/div>\n\t\t\t\t\t\t<\/div>\n\t\t\t\t<\/div>\n\t\t\t\t<\/div>\n\t\t<div class=\"elementor-element elementor-element-5373039 e-con-full e-flex e-con e-child\" data-id=\"5373039\" data-element_type=\"container\" data-e-type=\"container\">\n\t\t\t\t<div class=\"elementor-element elementor-element-a2201bf elementor-widget elementor-widget-wd_text_block\" data-id=\"a2201bf\" data-element_type=\"widget\" data-e-type=\"widget\" data-widget_type=\"wd_text_block.default\">\n\t\t\t\t<div class=\"elementor-widget-container\">\n\t\t\t\t\t\t\t<div class=\"wd-text-block reset-last-child text-left\">\n\t\t\t\n\t\t\t<h5>14. Le mat\u00e9riel lou\u00e9 est-il neuf ou d'occasion ?<\/h5><p>Certains de nos articles sont neufs, tandis que d'autres ont \u00e9t\u00e9 peu utilis\u00e9s et ont \u00e9t\u00e9 entretenus avec soin.<\/p>\n\t\t\t\t\t<\/div>\n\t\t\t\t\t\t<\/div>\n\t\t\t\t<\/div>\n\t\t\t\t<div class=\"elementor-element elementor-element-a5236be elementor-widget elementor-widget-wd_text_block\" data-id=\"a5236be\" data-element_type=\"widget\" data-e-type=\"widget\" data-widget_type=\"wd_text_block.default\">\n\t\t\t\t<div class=\"elementor-widget-container\">\n\t\t\t\t\t\t\t<div class=\"wd-text-block reset-last-child text-left\">\n\t\t\t\n\t\t\t<h5>16. Quels modes de paiement acceptez-vous ?<\/h5><p>Vous pouvez effectuer vos paiements en toute s\u00e9curit\u00e9 en choisissant le mode de paiement qui vous convient le mieux : carte de cr\u00e9dit, esp\u00e8ces ou virement bancaire (EFT).<\/p>\n\t\t\t\t\t<\/div>\n\t\t\t\t\t\t<\/div>\n\t\t\t\t<\/div>\n\t\t\t\t<\/div>\n\t\t\t\t<\/div>\n\t\t\t\t\t<\/div>\n\t\t\t\t<\/div>\n\t\t\t\t<\/div>\n\t\t","protected":false},"excerpt":{"rendered":"<p>Foire aux questions (FAQ) 1. Comment s\u00e9lectionnez-vous les produits que vous louez ? Lors de la constitution de notre gamme<\/p>\n","protected":false},"author":1,"featured_media":0,"parent":0,"menu_order":0,"comment_status":"closed","ping_status":"closed","template":"","meta":{"footnotes":""},"class_list":["post-5308","page","type-page","status-publish","hentry"],"_links":{"self":[{"href":"https:\/\/istanbulstroller.com\/fr\/wp-json\/wp\/v2\/pages\/5308","targetHints":{"allow":["GET"]}}],"collection":[{"href":"https:\/\/istanbulstroller.com\/fr\/wp-json\/wp\/v2\/pages"}],"about":[{"href":"https:\/\/istanbulstroller.com\/fr\/wp-json\/wp\/v2\/types\/page"}],"author":[{"embeddable":true,"href":"https:\/\/istanbulstroller.com\/fr\/wp-json\/wp\/v2\/users\/1"}],"replies":[{"embeddable":true,"href":"https:\/\/istanbulstroller.com\/fr\/wp-json\/wp\/v2\/comments?post=5308"}],"version-history":[{"count":1,"href":"https:\/\/istanbulstroller.com\/fr\/wp-json\/wp\/v2\/pages\/5308\/revisions"}],"predecessor-version":[{"id":5309,"href":"https:\/\/istanbulstroller.com\/fr\/wp-json\/wp\/v2\/pages\/5308\/revisions\/5309"}],"wp:attachment":[{"href":"https:\/\/istanbulstroller.com\/fr\/wp-json\/wp\/v2\/media?parent=5308"}],"curies":[{"name":"wp","href":"https:\/\/api.w.org\/{rel}","templated":true}]}}