{"id":5773,"date":"2026-04-03T15:52:19","date_gmt":"2026-04-03T15:52:19","guid":{"rendered":"https:\/\/istanbulstroller.com\/product\/pack-smart-5-poussette-et-siege-auto\/"},"modified":"2026-04-03T15:52:19","modified_gmt":"2026-04-03T15:52:19","slug":"pack-smart-5-poussette-et-siege-auto","status":"publish","type":"product","link":"https:\/\/istanbulstroller.com\/fr\/produit\/pack-smart-5-poussette-et-siege-auto\/","title":{"rendered":"Pack Smart 5 : poussette et si\u00e8ge auto"},"content":{"rendered":"<h2 data-path-to-node=\"0\">Pack Smart 5 : S\u00e9curit\u00e9 routi\u00e8re et mobilit\u00e9<\/h2>\n<p data-path-to-node=\"1\">Profitez de transitions en toute fluidit\u00e9 entre la voiture et le trottoir gr\u00e2ce \u00e0 notre ensemble <b data-path-to-node=\"1\" data-index-in-node=\"180\">\u00ab S\u00e9curit\u00e9 et mobilit\u00e9 sur la route \u00bb<\/b>. Ce duo haut de gamme comprend le si\u00e8ge auto <b data-path-to-node=\"1\" data-index-in-node=\"147\">Kraft Safe Spin<\/b> et la poussette <b data-path-to-node=\"1\" data-index-in-node=\"70\">Joie Nitro LX<\/b>, garantissant \u00e0 votre enfant une protection optimale \u00e0 chaque trajet en voiture et une promenade tout en douceur et en tout confort \u00e0 chaque sortie \u00e0 pied. <\/p>\n","protected":false},"excerpt":{"rendered":"<p>Profitez de transitions en toute fluidit\u00e9 entre la voiture et le trottoir gr\u00e2ce \u00e0 notre offre group\u00e9e <b data-path-to-node=\"1\" data-index-in-node=\"70\">\u00ab S\u00e9curit\u00e9 et mobilit\u00e9 sur la route \u00bb<\/b>.<\/p>\n","protected":false},"featured_media":4058,"comment_status":"closed","ping_status":"closed","template":"","meta":[],"product_brand":[],"product_cat":[323],"product_tag":[],"class_list":{"0":"post-5773","1":"product","2":"type-product","3":"status-publish","4":"has-post-thumbnail","6":"product_cat-emballages-intelligents","8":"first","9":"instock","10":"shipping-taxable","11":"product-type-simple"},"_links":{"self":[{"href":"https:\/\/istanbulstroller.com\/fr\/wp-json\/wp\/v2\/product\/5773","targetHints":{"allow":["GET"]}}],"collection":[{"href":"https:\/\/istanbulstroller.com\/fr\/wp-json\/wp\/v2\/product"}],"about":[{"href":"https:\/\/istanbulstroller.com\/fr\/wp-json\/wp\/v2\/types\/product"}],"replies":[{"embeddable":true,"href":"https:\/\/istanbulstroller.com\/fr\/wp-json\/wp\/v2\/comments?post=5773"}],"version-history":[{"count":0,"href":"https:\/\/istanbulstroller.com\/fr\/wp-json\/wp\/v2\/product\/5773\/revisions"}],"wp:featuredmedia":[{"embeddable":true,"href":"https:\/\/istanbulstroller.com\/fr\/wp-json\/wp\/v2\/media\/4058"}],"wp:attachment":[{"href":"https:\/\/istanbulstroller.com\/fr\/wp-json\/wp\/v2\/media?parent=5773"}],"wp:term":[{"taxonomy":"product_brand","embeddable":true,"href":"https:\/\/istanbulstroller.com\/fr\/wp-json\/wp\/v2\/product_brand?post=5773"},{"taxonomy":"product_cat","embeddable":true,"href":"https:\/\/istanbulstroller.com\/fr\/wp-json\/wp\/v2\/product_cat?post=5773"},{"taxonomy":"product_tag","embeddable":true,"href":"https:\/\/istanbulstroller.com\/fr\/wp-json\/wp\/v2\/product_tag?post=5773"}],"curies":[{"name":"wp","href":"https:\/\/api.w.org\/{rel}","templated":true}]}}