{"id":6011,"date":"2026-04-03T15:45:22","date_gmt":"2026-04-03T15:45:22","guid":{"rendered":"https:\/\/istanbulstroller.com\/product\/pack-intelligent-4-lit-bebe-poussette-et-porte-bebe\/"},"modified":"2026-04-03T15:45:22","modified_gmt":"2026-04-03T15:45:22","slug":"pack-intelligent-4-lit-bebe-poussette-et-porte-bebe","status":"publish","type":"product","link":"https:\/\/istanbulstroller.com\/fr\/produit\/pack-intelligent-4-lit-bebe-poussette-et-porte-bebe\/","title":{"rendered":"Pack intelligent 4 : lit b\u00e9b\u00e9, poussette et porte-b\u00e9b\u00e9"},"content":{"rendered":"<h2 data-path-to-node=\"0\">Pack Smart 4 : une solution compl\u00e8te pour voyager et dormir<\/h2>\n<p data-path-to-node=\"1\">Optimisez votre libert\u00e9 et le confort de votre b\u00e9b\u00e9 gr\u00e2ce \u00e0 la solution compl\u00e8te \u00ab Voyage et sommeil \u00bb. Ce trio incontournable est con\u00e7u pour les familles qui ne veulent pas se laisser freiner, offrant une transition en toute fluidit\u00e9 entre la sieste \u00e0 la maison, les balades en ville et les explorations les mains libres. Compos\u00e9 du lit de voyage <b data-path-to-node=\"1\" data-index-in-node=\"55\">Kanz Love Baby<\/b>, de la poussette Joie <b data-path-to-node=\"1\" data-index-in-node=\"268\">Nitro LX<\/b> et du porte-b\u00e9b\u00e9 <b data-path-to-node=\"1\" data-index-in-node=\"293\">Kraft Air Cool<\/b>, cet ensemble r\u00e9pond \u00e0 tous vos besoins essentiels en mati\u00e8re de mobilit\u00e9 et de sommeil dans un pack \u00ab intelligent \u00bb.  <\/p>\n","protected":false},"excerpt":{"rendered":"<p>Profitez d&rsquo;une libert\u00e9 maximale et offrez un confort optimal \u00e0 votre <b data-path-to-node=\"1\" data-index-in-node=\"55\">b\u00e9b\u00e9 gr\u00e2ce \u00e0 la solution<\/b> compl\u00e8te pour les d\u00e9placements et le sommeil.<\/p>\n","protected":false},"featured_media":4054,"comment_status":"closed","ping_status":"closed","template":"","meta":[],"product_brand":[],"product_cat":[323],"product_tag":[],"class_list":{"0":"post-6011","1":"product","2":"type-product","3":"status-publish","4":"has-post-thumbnail","6":"product_cat-emballages-intelligents","8":"first","9":"instock","10":"shipping-taxable","11":"product-type-simple"},"_links":{"self":[{"href":"https:\/\/istanbulstroller.com\/fr\/wp-json\/wp\/v2\/product\/6011","targetHints":{"allow":["GET"]}}],"collection":[{"href":"https:\/\/istanbulstroller.com\/fr\/wp-json\/wp\/v2\/product"}],"about":[{"href":"https:\/\/istanbulstroller.com\/fr\/wp-json\/wp\/v2\/types\/product"}],"replies":[{"embeddable":true,"href":"https:\/\/istanbulstroller.com\/fr\/wp-json\/wp\/v2\/comments?post=6011"}],"version-history":[{"count":0,"href":"https:\/\/istanbulstroller.com\/fr\/wp-json\/wp\/v2\/product\/6011\/revisions"}],"wp:featuredmedia":[{"embeddable":true,"href":"https:\/\/istanbulstroller.com\/fr\/wp-json\/wp\/v2\/media\/4054"}],"wp:attachment":[{"href":"https:\/\/istanbulstroller.com\/fr\/wp-json\/wp\/v2\/media?parent=6011"}],"wp:term":[{"taxonomy":"product_brand","embeddable":true,"href":"https:\/\/istanbulstroller.com\/fr\/wp-json\/wp\/v2\/product_brand?post=6011"},{"taxonomy":"product_cat","embeddable":true,"href":"https:\/\/istanbulstroller.com\/fr\/wp-json\/wp\/v2\/product_cat?post=6011"},{"taxonomy":"product_tag","embeddable":true,"href":"https:\/\/istanbulstroller.com\/fr\/wp-json\/wp\/v2\/product_tag?post=6011"}],"curies":[{"name":"wp","href":"https:\/\/api.w.org\/{rel}","templated":true}]}}