{"id":6020,"date":"2026-04-03T15:40:01","date_gmt":"2026-04-03T15:40:01","guid":{"rendered":"https:\/\/istanbulstroller.com\/product\/pack-intelligent-3-lit-bebe-et-poussette\/"},"modified":"2026-04-03T15:40:01","modified_gmt":"2026-04-03T15:40:01","slug":"pack-intelligent-3-lit-bebe-et-poussette","status":"publish","type":"product","link":"https:\/\/istanbulstroller.com\/fr\/produit\/pack-intelligent-3-lit-bebe-et-poussette\/","title":{"rendered":"Pack intelligent 3 : Lit b\u00e9b\u00e9 et poussette"},"content":{"rendered":"<h2 data-path-to-node=\"0\">Pack Smart 3 : L&rsquo;essentiel pour la maison et les d\u00e9placements<\/h2>\n<p data-path-to-node=\"1\">D\u00e9couvrez l&rsquo;\u00e9quilibre parfait entre le confort de la maison et la mobilit\u00e9 en ext\u00e9rieur gr\u00e2ce \u00e0 notre ensemble <b data-path-to-node=\"1\" data-index-in-node=\"77\">Home &amp; Go Essentials<\/b>. Ce duo pratique comprend le lit de b\u00e9b\u00e9 polyvalent <b data-path-to-node=\"1\" data-index-in-node=\"148\">Kanz Love<\/b> et la poussette l\u00e9g\u00e8re <b data-path-to-node=\"1\" data-index-in-node=\"188\">Joie Nitro LX<\/b>, offrant \u00e0 votre b\u00e9b\u00e9 un sentiment de s\u00e9curit\u00e9 constant, qu&rsquo;il fasse la sieste dans le salon ou qu&rsquo;il explore les rues de la ville. <\/p>\n","protected":false},"excerpt":{"rendered":"<p>D\u00e9couvrez l&rsquo;\u00e9quilibre parfait entre le confort de la maison et la mobilit\u00e9 en ext\u00e9rieur gr\u00e2ce \u00e0 notre pack <b data-path-to-node=\"1\" data-index-in-node=\"77\">Home &amp; Go Essentials.<\/b><\/p>\n","protected":false},"featured_media":4049,"comment_status":"closed","ping_status":"closed","template":"","meta":[],"product_brand":[],"product_cat":[323],"product_tag":[],"class_list":{"0":"post-6020","1":"product","2":"type-product","3":"status-publish","4":"has-post-thumbnail","6":"product_cat-emballages-intelligents","8":"first","9":"instock","10":"shipping-taxable","11":"product-type-simple"},"_links":{"self":[{"href":"https:\/\/istanbulstroller.com\/fr\/wp-json\/wp\/v2\/product\/6020","targetHints":{"allow":["GET"]}}],"collection":[{"href":"https:\/\/istanbulstroller.com\/fr\/wp-json\/wp\/v2\/product"}],"about":[{"href":"https:\/\/istanbulstroller.com\/fr\/wp-json\/wp\/v2\/types\/product"}],"replies":[{"embeddable":true,"href":"https:\/\/istanbulstroller.com\/fr\/wp-json\/wp\/v2\/comments?post=6020"}],"version-history":[{"count":0,"href":"https:\/\/istanbulstroller.com\/fr\/wp-json\/wp\/v2\/product\/6020\/revisions"}],"wp:featuredmedia":[{"embeddable":true,"href":"https:\/\/istanbulstroller.com\/fr\/wp-json\/wp\/v2\/media\/4049"}],"wp:attachment":[{"href":"https:\/\/istanbulstroller.com\/fr\/wp-json\/wp\/v2\/media?parent=6020"}],"wp:term":[{"taxonomy":"product_brand","embeddable":true,"href":"https:\/\/istanbulstroller.com\/fr\/wp-json\/wp\/v2\/product_brand?post=6020"},{"taxonomy":"product_cat","embeddable":true,"href":"https:\/\/istanbulstroller.com\/fr\/wp-json\/wp\/v2\/product_cat?post=6020"},{"taxonomy":"product_tag","embeddable":true,"href":"https:\/\/istanbulstroller.com\/fr\/wp-json\/wp\/v2\/product_tag?post=6020"}],"curies":[{"name":"wp","href":"https:\/\/api.w.org\/{rel}","templated":true}]}}