{"id":6022,"date":"2026-04-03T15:32:58","date_gmt":"2026-04-03T15:32:58","guid":{"rendered":"https:\/\/istanbulstroller.com\/product\/pack-malin-n-2-lit-bebe-transat-et-chaise-haute\/"},"modified":"2026-04-03T15:32:58","modified_gmt":"2026-04-03T15:32:58","slug":"pack-malin-n-2-lit-bebe-transat-et-chaise-haute","status":"publish","type":"product","link":"https:\/\/istanbulstroller.com\/fr\/produit\/pack-malin-n-2-lit-bebe-transat-et-chaise-haute\/","title":{"rendered":"Pack malin n\u00b0 2 : lit b\u00e9b\u00e9, transat et chaise haute"},"content":{"rendered":"<h2 data-path-to-node=\"0\">Pack Smart 2 : Le confort ultime pour vos cultures<\/h2>\n<p data-path-to-node=\"1\">Am\u00e9liorez le quotidien de votre b\u00e9b\u00e9 gr\u00e2ce au pack <b data-path-to-node=\"1\" data-index-in-node=\"43\">\u00ab Ultimate Growing Comfort \u00bb<\/b>. Ce trio complet allie sommeil s\u00e9curis\u00e9, apaisement high-tech et repas pratiques, garantissant ainsi un accompagnement optimal de votre b\u00e9b\u00e9, de la naissance jusqu&rsquo;\u00e0 ses premiers repas en toute autonomie. Compos\u00e9 du parc Kanz Love, de la balancelle \u00e9lectrique <b data-path-to-node=\"1\" data-index-in-node=\"259\">Kraft Sway<\/b> et de la chaise haute <b data-path-to-node=\"1\" data-index-in-node=\"282\">Kanz Bistro<\/b>, ce <b data-path-to-node=\"1\" data-index-in-node=\"317\">\u00ab Smart Package 2 \u00bb<\/b> est la solution de location tout-en-un incontournable pour les familles modernes et actives.  <\/p>\n","protected":false},"excerpt":{"rendered":"<p>Am\u00e9liorez le quotidien de votre b\u00e9b\u00e9 gr\u00e2ce au coffret <b data-path-to-node=\"1\" data-index-in-node=\"43\">\u00ab Ultimate Growing Comfort \u00bb<\/b>. Ce trio complet allie sommeil en toute s\u00e9curit\u00e9, apaisement high-tech et repas pratiques <\/p>\n","protected":false},"featured_media":4043,"comment_status":"closed","ping_status":"closed","template":"","meta":[],"product_brand":[],"product_cat":[323],"product_tag":[],"class_list":{"0":"post-6022","1":"product","2":"type-product","3":"status-publish","4":"has-post-thumbnail","6":"product_cat-emballages-intelligents","8":"first","9":"instock","10":"shipping-taxable","11":"product-type-simple"},"_links":{"self":[{"href":"https:\/\/istanbulstroller.com\/fr\/wp-json\/wp\/v2\/product\/6022","targetHints":{"allow":["GET"]}}],"collection":[{"href":"https:\/\/istanbulstroller.com\/fr\/wp-json\/wp\/v2\/product"}],"about":[{"href":"https:\/\/istanbulstroller.com\/fr\/wp-json\/wp\/v2\/types\/product"}],"replies":[{"embeddable":true,"href":"https:\/\/istanbulstroller.com\/fr\/wp-json\/wp\/v2\/comments?post=6022"}],"version-history":[{"count":0,"href":"https:\/\/istanbulstroller.com\/fr\/wp-json\/wp\/v2\/product\/6022\/revisions"}],"wp:featuredmedia":[{"embeddable":true,"href":"https:\/\/istanbulstroller.com\/fr\/wp-json\/wp\/v2\/media\/4043"}],"wp:attachment":[{"href":"https:\/\/istanbulstroller.com\/fr\/wp-json\/wp\/v2\/media?parent=6022"}],"wp:term":[{"taxonomy":"product_brand","embeddable":true,"href":"https:\/\/istanbulstroller.com\/fr\/wp-json\/wp\/v2\/product_brand?post=6022"},{"taxonomy":"product_cat","embeddable":true,"href":"https:\/\/istanbulstroller.com\/fr\/wp-json\/wp\/v2\/product_cat?post=6022"},{"taxonomy":"product_tag","embeddable":true,"href":"https:\/\/istanbulstroller.com\/fr\/wp-json\/wp\/v2\/product_tag?post=6022"}],"curies":[{"name":"wp","href":"https:\/\/api.w.org\/{rel}","templated":true}]}}