{"id":6024,"date":"2026-04-03T15:20:44","date_gmt":"2026-04-03T15:20:44","guid":{"rendered":"https:\/\/istanbulstroller.com\/product\/pack-malin-n-1-lit-bebe-et-transat\/"},"modified":"2026-04-03T15:20:44","modified_gmt":"2026-04-03T15:20:44","slug":"pack-malin-n-1-lit-bebe-et-transat","status":"publish","type":"product","link":"https:\/\/istanbulstroller.com\/fr\/produit\/pack-malin-n-1-lit-bebe-et-transat\/","title":{"rendered":"Pack malin n\u00b0 1 : lit b\u00e9b\u00e9 et transat"},"content":{"rendered":"<h2 data-path-to-node=\"0\">Pack malin n\u00b0 1 : L&rsquo;essentiel pour le sommeil et l&rsquo;apaisement<\/h2>\n<p data-path-to-node=\"1\">Offrez \u00e0 votre b\u00e9b\u00e9 un cadre id\u00e9al pour se reposer et se d\u00e9tendre gr\u00e2ce \u00e0 ce duo sp\u00e9cialement con\u00e7u. Alliant l&rsquo;espace et la s\u00e9curit\u00e9 du parc <b data-path-to-node=\"1\" data-index-in-node=\"141\">Kanz Love<\/b> \u00e0 la balancelle \u00e9lectrique <b data-path-to-node=\"1\" data-index-in-node=\"200\">Kraft Sway<\/b> et ses rythmes apaisants de pointe, cet ensemble est le compagnon id\u00e9al des parents modernes qui privil\u00e9gient \u00e0 la fois le confort et la praticit\u00e9. <\/p>\n","protected":false},"excerpt":{"rendered":"<p>Offrez \u00e0 votre b\u00e9b\u00e9 un cadre id\u00e9al pour se reposer et se d\u00e9tendre gr\u00e2ce \u00e0 ce duo sp\u00e9cialement con\u00e7u.<\/p>\n","protected":false},"featured_media":4038,"comment_status":"closed","ping_status":"closed","template":"","meta":[],"product_brand":[],"product_cat":[323],"product_tag":[],"class_list":{"0":"post-6024","1":"product","2":"type-product","3":"status-publish","4":"has-post-thumbnail","6":"product_cat-emballages-intelligents","8":"first","9":"instock","10":"shipping-taxable","11":"product-type-simple"},"_links":{"self":[{"href":"https:\/\/istanbulstroller.com\/fr\/wp-json\/wp\/v2\/product\/6024","targetHints":{"allow":["GET"]}}],"collection":[{"href":"https:\/\/istanbulstroller.com\/fr\/wp-json\/wp\/v2\/product"}],"about":[{"href":"https:\/\/istanbulstroller.com\/fr\/wp-json\/wp\/v2\/types\/product"}],"replies":[{"embeddable":true,"href":"https:\/\/istanbulstroller.com\/fr\/wp-json\/wp\/v2\/comments?post=6024"}],"version-history":[{"count":0,"href":"https:\/\/istanbulstroller.com\/fr\/wp-json\/wp\/v2\/product\/6024\/revisions"}],"wp:featuredmedia":[{"embeddable":true,"href":"https:\/\/istanbulstroller.com\/fr\/wp-json\/wp\/v2\/media\/4038"}],"wp:attachment":[{"href":"https:\/\/istanbulstroller.com\/fr\/wp-json\/wp\/v2\/media?parent=6024"}],"wp:term":[{"taxonomy":"product_brand","embeddable":true,"href":"https:\/\/istanbulstroller.com\/fr\/wp-json\/wp\/v2\/product_brand?post=6024"},{"taxonomy":"product_cat","embeddable":true,"href":"https:\/\/istanbulstroller.com\/fr\/wp-json\/wp\/v2\/product_cat?post=6024"},{"taxonomy":"product_tag","embeddable":true,"href":"https:\/\/istanbulstroller.com\/fr\/wp-json\/wp\/v2\/product_tag?post=6024"}],"curies":[{"name":"wp","href":"https:\/\/api.w.org\/{rel}","templated":true}]}}