{"id":6026,"date":"2026-04-03T14:35:29","date_gmt":"2026-04-03T14:35:29","guid":{"rendered":"https:\/\/istanbulstroller.com\/product\/chaise-haute-prego-aris\/"},"modified":"2026-04-03T14:35:29","modified_gmt":"2026-04-03T14:35:29","slug":"chaise-haute-prego-aris","status":"publish","type":"product","link":"https:\/\/istanbulstroller.com\/fr\/produit\/chaise-haute-prego-aris\/","title":{"rendered":"Chaise haute Prego Aris"},"content":{"rendered":"<h2 data-path-to-node=\"0\">Prego Aris &#8211; Une salle \u00e0 manger compacte et minimaliste<\/h2>\n<p data-path-to-node=\"1\">Louez la chaise haute <b data-path-to-node=\"1\" data-index-in-node=\"9\">Prego Aris<\/b> pour une solution de repas \u00e9l\u00e9gante et peu encombrante, alliant design moderne et fonctionnalit\u00e9 essentielle. Cette chaise haute l\u00e9g\u00e8re est dot\u00e9e d&rsquo;un ch\u00e2ssis stable \u00e0 large base pour une s\u00e9curit\u00e9 maximale et d&rsquo;un si\u00e8ge rembourr\u00e9 confortable, facile \u00e0 nettoyer apr\u00e8s les repas salissants. \u00c9quip\u00e9e d&rsquo;un plateau amovible \u00e0 plusieurs positions et d&rsquo;un harnais de s\u00e9curit\u00e9 \u00e0 5 points, elle offre un environnement s\u00fbr et \u00e9l\u00e9gant pour que votre b\u00e9b\u00e9 puisse profiter de ses premiers aliments solides. Son montage simple sans outils et son m\u00e9canisme de pliage ultra-compact font de la <b data-path-to-node=\"1\" data-index-in-node=\"146\">Prego Aris <\/b>le choix de location id\u00e9al pour les petits int\u00e9rieurs ou les familles qui privil\u00e9gient le minimalisme et la praticit\u00e9 sans compromettre la s\u00e9curit\u00e9.   <\/p>\n","protected":false},"excerpt":{"rendered":"<p>Louez la chaise haute <b data-path-to-node=\"1\" data-index-in-node=\"9\">Prego Aris<\/b> pour une solution de repas \u00e9l\u00e9gante et peu encombrante, alliant design moderne et fonctionnalit\u00e9 essentielle.<\/p>\n","protected":false},"featured_media":4033,"comment_status":"closed","ping_status":"closed","template":"","meta":[],"product_brand":[],"product_cat":[405],"product_tag":[],"class_list":{"0":"post-6026","1":"product","2":"type-product","3":"status-publish","4":"has-post-thumbnail","6":"product_cat-chaise-haute","8":"first","9":"instock","10":"shipping-taxable","11":"product-type-simple"},"_links":{"self":[{"href":"https:\/\/istanbulstroller.com\/fr\/wp-json\/wp\/v2\/product\/6026","targetHints":{"allow":["GET"]}}],"collection":[{"href":"https:\/\/istanbulstroller.com\/fr\/wp-json\/wp\/v2\/product"}],"about":[{"href":"https:\/\/istanbulstroller.com\/fr\/wp-json\/wp\/v2\/types\/product"}],"replies":[{"embeddable":true,"href":"https:\/\/istanbulstroller.com\/fr\/wp-json\/wp\/v2\/comments?post=6026"}],"version-history":[{"count":0,"href":"https:\/\/istanbulstroller.com\/fr\/wp-json\/wp\/v2\/product\/6026\/revisions"}],"wp:featuredmedia":[{"embeddable":true,"href":"https:\/\/istanbulstroller.com\/fr\/wp-json\/wp\/v2\/media\/4033"}],"wp:attachment":[{"href":"https:\/\/istanbulstroller.com\/fr\/wp-json\/wp\/v2\/media?parent=6026"}],"wp:term":[{"taxonomy":"product_brand","embeddable":true,"href":"https:\/\/istanbulstroller.com\/fr\/wp-json\/wp\/v2\/product_brand?post=6026"},{"taxonomy":"product_cat","embeddable":true,"href":"https:\/\/istanbulstroller.com\/fr\/wp-json\/wp\/v2\/product_cat?post=6026"},{"taxonomy":"product_tag","embeddable":true,"href":"https:\/\/istanbulstroller.com\/fr\/wp-json\/wp\/v2\/product_tag?post=6026"}],"curies":[{"name":"wp","href":"https:\/\/api.w.org\/{rel}","templated":true}]}}