{"id":6033,"date":"2026-04-03T14:27:35","date_gmt":"2026-04-03T14:27:35","guid":{"rendered":"https:\/\/istanbulstroller.com\/product\/chaise-haute-kanz-bistro\/"},"modified":"2026-04-03T14:27:35","modified_gmt":"2026-04-03T14:27:35","slug":"chaise-haute-kanz-bistro","status":"publish","type":"product","link":"https:\/\/istanbulstroller.com\/fr\/produit\/chaise-haute-kanz-bistro\/","title":{"rendered":"Chaise haute Kanz Bistro"},"content":{"rendered":"<h2 data-path-to-node=\"0\">Kanz Bistro &#8211; Une salle \u00e0 manger \u00e9l\u00e9gante et pratique<\/h2>\n<p data-path-to-node=\"1\">Louez la chaise haute <b data-path-to-node=\"1\" data-index-in-node=\"9\">Kanz Bistro<\/b> pour offrir \u00e0 votre enfant une exp\u00e9rience culinaire confortable et hautement modulable, qui s&rsquo;int\u00e8gre parfaitement \u00e0 votre int\u00e9rieur. Cette chaise haute moderne propose plusieurs niveaux de hauteur et positions d&rsquo;inclinaison, ce qui la rend id\u00e9ale aussi bien pour les repas que pour les courtes siestes apr\u00e8s le repas. Dot\u00e9e d&rsquo;un plateau amovible \u00e0 double fond pour un nettoyage facile et d&rsquo;une housse de si\u00e8ge douce et lavable, elle garantit des repas hygi\u00e9niques et sans tracas. Avec son harnais de s\u00e9curit\u00e9 \u00e0 5 points et son m\u00e9canisme de pliage rapide, la <b data-path-to-node=\"1\" data-index-in-node=\"139\">Kanz Bistro<\/b> offre une solution de location s\u00fbre et peu encombrante pour les b\u00e9b\u00e9s de 6 mois \u00e0 15 kg.   <\/p>\n","protected":false},"excerpt":{"rendered":"<p>Louez la chaise haute <b data-path-to-node=\"1\" data-index-in-node=\"9\">Kanz Bistro<\/b> pour profiter d&rsquo;un repas confortable et enti\u00e8rement r\u00e9glable, qui s&rsquo;int\u00e8gre parfaitement \u00e0 votre int\u00e9rieur.<\/p>\n","protected":false},"featured_media":4023,"comment_status":"closed","ping_status":"closed","template":"","meta":[],"product_brand":[],"product_cat":[405],"product_tag":[],"class_list":{"0":"post-6033","1":"product","2":"type-product","3":"status-publish","4":"has-post-thumbnail","6":"product_cat-chaise-haute","8":"first","9":"instock","10":"shipping-taxable","11":"product-type-simple"},"_links":{"self":[{"href":"https:\/\/istanbulstroller.com\/fr\/wp-json\/wp\/v2\/product\/6033","targetHints":{"allow":["GET"]}}],"collection":[{"href":"https:\/\/istanbulstroller.com\/fr\/wp-json\/wp\/v2\/product"}],"about":[{"href":"https:\/\/istanbulstroller.com\/fr\/wp-json\/wp\/v2\/types\/product"}],"replies":[{"embeddable":true,"href":"https:\/\/istanbulstroller.com\/fr\/wp-json\/wp\/v2\/comments?post=6033"}],"version-history":[{"count":0,"href":"https:\/\/istanbulstroller.com\/fr\/wp-json\/wp\/v2\/product\/6033\/revisions"}],"wp:featuredmedia":[{"embeddable":true,"href":"https:\/\/istanbulstroller.com\/fr\/wp-json\/wp\/v2\/media\/4023"}],"wp:attachment":[{"href":"https:\/\/istanbulstroller.com\/fr\/wp-json\/wp\/v2\/media?parent=6033"}],"wp:term":[{"taxonomy":"product_brand","embeddable":true,"href":"https:\/\/istanbulstroller.com\/fr\/wp-json\/wp\/v2\/product_brand?post=6033"},{"taxonomy":"product_cat","embeddable":true,"href":"https:\/\/istanbulstroller.com\/fr\/wp-json\/wp\/v2\/product_cat?post=6033"},{"taxonomy":"product_tag","embeddable":true,"href":"https:\/\/istanbulstroller.com\/fr\/wp-json\/wp\/v2\/product_tag?post=6033"}],"curies":[{"name":"wp","href":"https:\/\/api.w.org\/{rel}","templated":true}]}}