{"id":6039,"date":"2026-03-24T12:43:31","date_gmt":"2026-03-24T12:43:31","guid":{"rendered":"https:\/\/istanbulstroller.com\/product\/porte-bebe-babybjorn-move-kangaroo\/"},"modified":"2026-03-24T12:43:31","modified_gmt":"2026-03-24T12:43:31","slug":"porte-bebe-babybjorn-move-kangaroo","status":"publish","type":"product","link":"https:\/\/istanbulstroller.com\/fr\/produit\/porte-bebe-babybjorn-move-kangaroo\/","title":{"rendered":"Porte-b\u00e9b\u00e9 BabyBj\u00f6rn Move Kangaroo"},"content":{"rendered":"<h2 data-path-to-node=\"0\">BabyBj\u00f6rn Move &#8211; Un soutien ergonomique d\u00e8s le premier jour<\/h2>\n<p data-path-to-node=\"1\">Louez le <b data-path-to-node=\"1\" data-index-in-node=\"9\">BabyBj\u00f6rn Move<\/b>, un porte-b\u00e9b\u00e9 approuv\u00e9 par l&rsquo;Institut international de la dysplasie de la hanche, con\u00e7u pour offrir un soutien optimal \u00e0 la t\u00eate, au dos et aux hanches de votre nouveau-n\u00e9. Fabriqu\u00e9 en maille 3D respirante, il vous permet, \u00e0 vous et \u00e0 votre b\u00e9b\u00e9, de rester au frais tout en pr\u00e9servant la courbure naturelle en \u00ab C \u00bb de sa colonne vert\u00e9brale. Ce porte-b\u00e9b\u00e9 polyvalent offre quatre positions de portage diff\u00e9rentes \u00e0 mesure que votre enfant grandit, du nouveau-n\u00e9 face \u00e0 vous au portage dorsal pour les tout-petits, jusqu&rsquo;\u00e0 15 kg. Avec ses bretelles rembourr\u00e9es, sa ceinture de pression et ses boucles silencieuses et faciles \u00e0 utiliser, c&rsquo;est le choix id\u00e9al pour les parents \u00e0 la recherche d&rsquo;un confort maximal et d&rsquo;une s\u00e9curit\u00e9 de conception su\u00e9doise pour les longues promenades ou les voyages.   <\/p>\n","protected":false},"excerpt":{"rendered":"<p>Louez le <b data-path-to-node=\"1\" data-index-in-node=\"9\">BabyBj\u00f6rn Move<\/b>, un porte-b\u00e9b\u00e9 approuv\u00e9 par l&rsquo;Institut international de la dysplasie de la hanche, con\u00e7u pour offrir un soutien optimal \u00e0 la t\u00eate, au dos et aux hanches de votre nouveau-n\u00e9.<\/p>\n","protected":false},"featured_media":6044,"comment_status":"closed","ping_status":"closed","template":"","meta":[],"product_brand":[],"product_cat":[410,409],"product_tag":[],"class_list":{"0":"post-6039","1":"product","2":"type-product","3":"status-publish","4":"has-post-thumbnail","6":"product_cat-petit-kangourou","7":"product_cat-porte-bebe","9":"first","10":"instock","11":"shipping-taxable","12":"product-type-simple"},"_links":{"self":[{"href":"https:\/\/istanbulstroller.com\/fr\/wp-json\/wp\/v2\/product\/6039","targetHints":{"allow":["GET"]}}],"collection":[{"href":"https:\/\/istanbulstroller.com\/fr\/wp-json\/wp\/v2\/product"}],"about":[{"href":"https:\/\/istanbulstroller.com\/fr\/wp-json\/wp\/v2\/types\/product"}],"replies":[{"embeddable":true,"href":"https:\/\/istanbulstroller.com\/fr\/wp-json\/wp\/v2\/comments?post=6039"}],"version-history":[{"count":0,"href":"https:\/\/istanbulstroller.com\/fr\/wp-json\/wp\/v2\/product\/6039\/revisions"}],"wp:featuredmedia":[{"embeddable":true,"href":"https:\/\/istanbulstroller.com\/fr\/wp-json\/wp\/v2\/media\/6044"}],"wp:attachment":[{"href":"https:\/\/istanbulstroller.com\/fr\/wp-json\/wp\/v2\/media?parent=6039"}],"wp:term":[{"taxonomy":"product_brand","embeddable":true,"href":"https:\/\/istanbulstroller.com\/fr\/wp-json\/wp\/v2\/product_brand?post=6039"},{"taxonomy":"product_cat","embeddable":true,"href":"https:\/\/istanbulstroller.com\/fr\/wp-json\/wp\/v2\/product_cat?post=6039"},{"taxonomy":"product_tag","embeddable":true,"href":"https:\/\/istanbulstroller.com\/fr\/wp-json\/wp\/v2\/product_tag?post=6039"}],"curies":[{"name":"wp","href":"https:\/\/api.w.org\/{rel}","templated":true}]}}