{"id":6045,"date":"2026-04-03T14:20:29","date_gmt":"2026-04-03T14:20:29","guid":{"rendered":"https:\/\/istanbulstroller.com\/product\/chaise-haute-prego-lucca-mama\/"},"modified":"2026-04-03T14:20:29","modified_gmt":"2026-04-03T14:20:29","slug":"chaise-haute-prego-lucca-mama","status":"publish","type":"product","link":"https:\/\/istanbulstroller.com\/fr\/produit\/chaise-haute-prego-lucca-mama\/","title":{"rendered":"Chaise haute Prego Lucca Mama"},"content":{"rendered":"<h2 data-path-to-node=\"0\">Prego Lucca &#8211; Chaise haute confortable et r\u00e9glable<\/h2>\n<p data-path-to-node=\"1\">Louez la chaise haute <b data-path-to-node=\"1\" data-index-in-node=\"9\">Prego Lucca pour b\u00e9n\u00e9ficier<\/b> d&rsquo;une solution polyvalente et ergonomique qui \u00e9volue avec votre enfant. Cette chaise haute haut de gamme dispose de 7 r\u00e9glages de hauteur diff\u00e9rents et d&rsquo;un dossier inclinable \u00e0 3 positions, ce qui lui permet de s&rsquo;adapter parfaitement \u00e0 votre table \u00e0 manger ou au confort de votre b\u00e9b\u00e9. Gr\u00e2ce \u00e0 son plateau amovible \u00e0 double niveau et \u00e0 sa housse de si\u00e8ge en similicuir facile \u00e0 nettoyer, le respect des r\u00e8gles d&rsquo;hygi\u00e8ne pendant les repas est un jeu d&rsquo;enfant. \u00c9quip\u00e9e d&rsquo;un harnais de s\u00e9curit\u00e9 \u00e0 5 points et dot\u00e9e d&rsquo;un design pliable compact, la <b data-path-to-node=\"1\" data-index-in-node=\"119\">Prego Lucca<\/b> est un choix de location \u00e9l\u00e9gant et pratique qui garantit une exp\u00e9rience d&rsquo;alimentation s\u00fbre et confortable, de la petite enfance jusqu&rsquo;\u00e0 15 kg.   <\/p>\n","protected":false},"excerpt":{"rendered":"<p>Louez la chaise haute <b data-path-to-node=\"1\" data-index-in-node=\"9\">Prego Lucca<\/b> pour b\u00e9n\u00e9ficier d&rsquo;une solution polyvalente et ergonomique qui \u00e9volue au rythme de votre enfant.<\/p>\n","protected":false},"featured_media":4015,"comment_status":"closed","ping_status":"closed","template":"","meta":[],"product_brand":[],"product_cat":[405],"product_tag":[],"class_list":{"0":"post-6045","1":"product","2":"type-product","3":"status-publish","4":"has-post-thumbnail","6":"product_cat-chaise-haute","8":"first","9":"instock","10":"shipping-taxable","11":"product-type-simple"},"_links":{"self":[{"href":"https:\/\/istanbulstroller.com\/fr\/wp-json\/wp\/v2\/product\/6045","targetHints":{"allow":["GET"]}}],"collection":[{"href":"https:\/\/istanbulstroller.com\/fr\/wp-json\/wp\/v2\/product"}],"about":[{"href":"https:\/\/istanbulstroller.com\/fr\/wp-json\/wp\/v2\/types\/product"}],"replies":[{"embeddable":true,"href":"https:\/\/istanbulstroller.com\/fr\/wp-json\/wp\/v2\/comments?post=6045"}],"version-history":[{"count":0,"href":"https:\/\/istanbulstroller.com\/fr\/wp-json\/wp\/v2\/product\/6045\/revisions"}],"wp:featuredmedia":[{"embeddable":true,"href":"https:\/\/istanbulstroller.com\/fr\/wp-json\/wp\/v2\/media\/4015"}],"wp:attachment":[{"href":"https:\/\/istanbulstroller.com\/fr\/wp-json\/wp\/v2\/media?parent=6045"}],"wp:term":[{"taxonomy":"product_brand","embeddable":true,"href":"https:\/\/istanbulstroller.com\/fr\/wp-json\/wp\/v2\/product_brand?post=6045"},{"taxonomy":"product_cat","embeddable":true,"href":"https:\/\/istanbulstroller.com\/fr\/wp-json\/wp\/v2\/product_cat?post=6045"},{"taxonomy":"product_tag","embeddable":true,"href":"https:\/\/istanbulstroller.com\/fr\/wp-json\/wp\/v2\/product_tag?post=6045"}],"curies":[{"name":"wp","href":"https:\/\/api.w.org\/{rel}","templated":true}]}}