{"id":6052,"date":"2026-04-03T14:10:37","date_gmt":"2026-04-03T14:10:37","guid":{"rendered":"https:\/\/istanbulstroller.com\/product\/siege-auto-baby2go-taby\/"},"modified":"2026-04-15T13:59:54","modified_gmt":"2026-04-15T13:59:54","slug":"siege-auto-baby2go-taby","status":"publish","type":"product","link":"https:\/\/istanbulstroller.com\/fr\/produit\/siege-auto-baby2go-taby\/","title":{"rendered":"Si\u00e8ge auto Baby2Go Taby"},"content":{"rendered":"<h2 data-path-to-node=\"0\">Baby2Go Taby &#8211; Si\u00e8ge auto pivotant \u00e0 360\u00b0<\/h2>\n<p data-path-to-node=\"1\">Louez le Baby2Go Taby, un si\u00e8ge auto polyvalent et s\u00fbr, con\u00e7u pour accompagner votre enfant de la naissance jusqu&rsquo;\u00e0 36 kg (environ 12 ans). Ce si\u00e8ge haut de gamme est dot\u00e9 d&rsquo;un syst\u00e8me de rotation \u00e0 360 degr\u00e9s, ce qui permet d&rsquo;attacher votre enfant en toute simplicit\u00e9 ou de passer d&rsquo;une position dos \u00e0 la route \u00e0 une position face \u00e0 la route d&rsquo;une seule main. \u00c9quip\u00e9 d&rsquo;une fixation Isofix et d&rsquo;une sangle Top Tether pour une stabilit\u00e9 maximale, il garantit une installation solide comme le roc dans votre v\u00e9hicule. Avec son appui-t\u00eate r\u00e9glable, ses positions d&rsquo;inclinaison \u00e0 plusieurs niveaux et sa protection renforc\u00e9e contre les chocs lat\u00e9raux, le Baby2Go Taby offre une solution de location de haute qualit\u00e9, confortable et s\u00fbre pour chaque trajet.   <\/p>\n","protected":false},"excerpt":{"rendered":"<p>Louez le <b data-path-to-node=\"1\" data-index-in-node=\"9\">Baby2Go Taby<\/b>, un si\u00e8ge auto polyvalent et s\u00fbr, con\u00e7u pour accompagner votre enfant de la naissance jusqu&rsquo;\u00e0 <b data-path-to-node=\"1\" data-index-in-node=\"46\">36 kg<\/b> (environ 12 ans).<\/p>\n","protected":false},"featured_media":4007,"comment_status":"closed","ping_status":"closed","template":"","meta":[],"product_brand":[],"product_cat":[419],"product_tag":[],"class_list":{"0":"post-6052","1":"product","2":"type-product","3":"status-publish","4":"has-post-thumbnail","6":"product_cat-siege-auto","8":"first","9":"instock","10":"shipping-taxable","11":"product-type-simple"},"_links":{"self":[{"href":"https:\/\/istanbulstroller.com\/fr\/wp-json\/wp\/v2\/product\/6052","targetHints":{"allow":["GET"]}}],"collection":[{"href":"https:\/\/istanbulstroller.com\/fr\/wp-json\/wp\/v2\/product"}],"about":[{"href":"https:\/\/istanbulstroller.com\/fr\/wp-json\/wp\/v2\/types\/product"}],"replies":[{"embeddable":true,"href":"https:\/\/istanbulstroller.com\/fr\/wp-json\/wp\/v2\/comments?post=6052"}],"version-history":[{"count":1,"href":"https:\/\/istanbulstroller.com\/fr\/wp-json\/wp\/v2\/product\/6052\/revisions"}],"predecessor-version":[{"id":6199,"href":"https:\/\/istanbulstroller.com\/fr\/wp-json\/wp\/v2\/product\/6052\/revisions\/6199"}],"wp:featuredmedia":[{"embeddable":true,"href":"https:\/\/istanbulstroller.com\/fr\/wp-json\/wp\/v2\/media\/4007"}],"wp:attachment":[{"href":"https:\/\/istanbulstroller.com\/fr\/wp-json\/wp\/v2\/media?parent=6052"}],"wp:term":[{"taxonomy":"product_brand","embeddable":true,"href":"https:\/\/istanbulstroller.com\/fr\/wp-json\/wp\/v2\/product_brand?post=6052"},{"taxonomy":"product_cat","embeddable":true,"href":"https:\/\/istanbulstroller.com\/fr\/wp-json\/wp\/v2\/product_cat?post=6052"},{"taxonomy":"product_tag","embeddable":true,"href":"https:\/\/istanbulstroller.com\/fr\/wp-json\/wp\/v2\/product_tag?post=6052"}],"curies":[{"name":"wp","href":"https:\/\/api.w.org\/{rel}","templated":true}]}}