{"id":6062,"date":"2026-04-03T13:44:51","date_gmt":"2026-04-03T13:44:51","guid":{"rendered":"https:\/\/istanbulstroller.com\/product\/siege-auto-kraft-safe-spin\/"},"modified":"2026-04-03T13:44:51","modified_gmt":"2026-04-03T13:44:51","slug":"siege-auto-kraft-safe-spin","status":"publish","type":"product","link":"https:\/\/istanbulstroller.com\/fr\/produit\/siege-auto-kraft-safe-spin\/","title":{"rendered":"Si\u00e8ge auto Kraft Safe Spin"},"content":{"rendered":"<h2 data-path-to-node=\"0\">Kraft Safe Spin &#8211; S\u00e9curit\u00e9 I-Size \u00e0 360\u00b0<\/h2>\n<p data-path-to-node=\"1\">Louez le <b data-path-to-node=\"1\" data-index-in-node=\"9\">Kraft Safe Spin<\/b>, un si\u00e8ge auto \u00e0 la pointe de la technologie con\u00e7u pour offrir un maximum de s\u00e9curit\u00e9 et de confort, de la naissance jusqu&rsquo;\u00e0 <b data-path-to-node=\"1\" data-index-in-node=\"45\">36 kg<\/b>. Ce si\u00e8ge haut de gamme est dot\u00e9 d&rsquo;un syst\u00e8me de rotation \u00e0 360 degr\u00e9s, qui vous permet d&rsquo;installer facilement votre enfant et de passer sans difficult\u00e9 de la position dos \u00e0 la route \u00e0 la position face \u00e0 la route. Con\u00e7u pour r\u00e9pondre aux derni\u00e8res normes de s\u00e9curit\u00e9 i-Size (R129), il combine les syst\u00e8mes d&rsquo;installation <b data-path-to-node=\"1\" data-index-in-node=\"332\">Isofix et Top Tether<\/b> pour un maintien solide comme le roc dans votre v\u00e9hicule. Avec son appui-t\u00eate r\u00e9glable, ses options d&rsquo;inclinaison \u00e0 plusieurs niveaux et sa protection avanc\u00e9e contre les chocs lat\u00e9raux, ce si\u00e8ge auto est le choix de location id\u00e9al pour les parents qui privil\u00e9gient la s\u00e9curit\u00e9 et le design ergonomique pour leur enfant en pleine croissance.   <\/p>\n","protected":false},"excerpt":{"rendered":"<p>Louez le <b data-path-to-node=\"1\" data-index-in-node=\"9\">Kraft Safe Spin<\/b>, un si\u00e8ge auto \u00e0 la pointe de la technologie con\u00e7u pour offrir un maximum de s\u00e9curit\u00e9 et de confort, de la naissance jusqu&rsquo;\u00e0 <b data-path-to-node=\"1\" data-index-in-node=\"45\">36 kg<\/b>.<\/p>\n","protected":false},"featured_media":3994,"comment_status":"closed","ping_status":"closed","template":"","meta":[],"product_brand":[],"product_cat":[419],"product_tag":[],"class_list":{"0":"post-6062","1":"product","2":"type-product","3":"status-publish","4":"has-post-thumbnail","6":"product_cat-siege-auto","8":"first","9":"instock","10":"shipping-taxable","11":"product-type-simple"},"_links":{"self":[{"href":"https:\/\/istanbulstroller.com\/fr\/wp-json\/wp\/v2\/product\/6062","targetHints":{"allow":["GET"]}}],"collection":[{"href":"https:\/\/istanbulstroller.com\/fr\/wp-json\/wp\/v2\/product"}],"about":[{"href":"https:\/\/istanbulstroller.com\/fr\/wp-json\/wp\/v2\/types\/product"}],"replies":[{"embeddable":true,"href":"https:\/\/istanbulstroller.com\/fr\/wp-json\/wp\/v2\/comments?post=6062"}],"version-history":[{"count":0,"href":"https:\/\/istanbulstroller.com\/fr\/wp-json\/wp\/v2\/product\/6062\/revisions"}],"wp:featuredmedia":[{"embeddable":true,"href":"https:\/\/istanbulstroller.com\/fr\/wp-json\/wp\/v2\/media\/3994"}],"wp:attachment":[{"href":"https:\/\/istanbulstroller.com\/fr\/wp-json\/wp\/v2\/media?parent=6062"}],"wp:term":[{"taxonomy":"product_brand","embeddable":true,"href":"https:\/\/istanbulstroller.com\/fr\/wp-json\/wp\/v2\/product_brand?post=6062"},{"taxonomy":"product_cat","embeddable":true,"href":"https:\/\/istanbulstroller.com\/fr\/wp-json\/wp\/v2\/product_cat?post=6062"},{"taxonomy":"product_tag","embeddable":true,"href":"https:\/\/istanbulstroller.com\/fr\/wp-json\/wp\/v2\/product_tag?post=6062"}],"curies":[{"name":"wp","href":"https:\/\/api.w.org\/{rel}","templated":true}]}}