{"id":6068,"date":"2026-04-03T13:05:11","date_gmt":"2026-04-03T13:05:11","guid":{"rendered":"https:\/\/istanbulstroller.com\/product\/siege-auto-prego-profix-pro-signal\/"},"modified":"2026-04-03T13:05:11","modified_gmt":"2026-04-03T13:05:11","slug":"siege-auto-prego-profix-pro-signal","status":"publish","type":"product","link":"https:\/\/istanbulstroller.com\/fr\/produit\/siege-auto-prego-profix-pro-signal\/","title":{"rendered":"Si\u00e8ge auto Prego Profix Pro Signal"},"content":{"rendered":"<h2 data-path-to-node=\"0\">Prego Profix Pro Signal &#8211; S\u00e9curit\u00e9 et confort \u00e0 360\u00b0<\/h2>\n<p data-path-to-node=\"1\">Louez le <b data-path-to-node=\"1\" data-index-in-node=\"9\">Prego Profix Pro Signal<\/b>, un si\u00e8ge auto hautement s\u00e9curis\u00e9 con\u00e7u pour prot\u00e9ger votre enfant de la naissance jusqu&rsquo;\u00e0 <b data-path-to-node=\"1\" data-index-in-node=\"50\">36 kg<\/b>. Ce si\u00e8ge polyvalent est dot\u00e9 d&rsquo;une coque pivotant \u00e0 360\u00b0 qui facilite l&rsquo;installation et la fixation de votre b\u00e9b\u00e9, tout en b\u00e9n\u00e9ficiant de la protection avanc\u00e9e des syst\u00e8mes i-Size, Isofix et Top Tether. \u00c9quip\u00e9 de mousse EPS pour la s\u00e9curit\u00e9 en cas de choc lat\u00e9ral et d&rsquo;un syst\u00e8me d&rsquo;inclinaison \u00e0 plusieurs positions, il garantit un trajet confortable et s\u00fbr \u00e0 chaque \u00e9tape de son d\u00e9veloppement. Que votre v\u00e9hicule soit \u00e9quip\u00e9 d&rsquo;Isofix ou n\u00e9cessite une installation avec une ceinture de s\u00e9curit\u00e9 standard, ce si\u00e8ge auto offre une solution de location flexible et haut de gamme pour tous vos besoins de d\u00e9placement.   <\/p>\n","protected":false},"excerpt":{"rendered":"<p>Louez le <b data-path-to-node=\"1\" data-index-in-node=\"9\">Prego Profix Pro Signal<\/b>, un si\u00e8ge auto hautement s\u00e9curis\u00e9 con\u00e7u pour prot\u00e9ger votre enfant de la naissance jusqu&rsquo;\u00e0 <b data-path-to-node=\"1\" data-index-in-node=\"50\">36 kg<\/b>.<\/p>\n","protected":false},"featured_media":3985,"comment_status":"closed","ping_status":"closed","template":"","meta":[],"product_brand":[],"product_cat":[419],"product_tag":[],"class_list":{"0":"post-6068","1":"product","2":"type-product","3":"status-publish","4":"has-post-thumbnail","6":"product_cat-siege-auto","8":"first","9":"instock","10":"shipping-taxable","11":"product-type-simple"},"_links":{"self":[{"href":"https:\/\/istanbulstroller.com\/fr\/wp-json\/wp\/v2\/product\/6068","targetHints":{"allow":["GET"]}}],"collection":[{"href":"https:\/\/istanbulstroller.com\/fr\/wp-json\/wp\/v2\/product"}],"about":[{"href":"https:\/\/istanbulstroller.com\/fr\/wp-json\/wp\/v2\/types\/product"}],"replies":[{"embeddable":true,"href":"https:\/\/istanbulstroller.com\/fr\/wp-json\/wp\/v2\/comments?post=6068"}],"version-history":[{"count":0,"href":"https:\/\/istanbulstroller.com\/fr\/wp-json\/wp\/v2\/product\/6068\/revisions"}],"wp:featuredmedia":[{"embeddable":true,"href":"https:\/\/istanbulstroller.com\/fr\/wp-json\/wp\/v2\/media\/3985"}],"wp:attachment":[{"href":"https:\/\/istanbulstroller.com\/fr\/wp-json\/wp\/v2\/media?parent=6068"}],"wp:term":[{"taxonomy":"product_brand","embeddable":true,"href":"https:\/\/istanbulstroller.com\/fr\/wp-json\/wp\/v2\/product_brand?post=6068"},{"taxonomy":"product_cat","embeddable":true,"href":"https:\/\/istanbulstroller.com\/fr\/wp-json\/wp\/v2\/product_cat?post=6068"},{"taxonomy":"product_tag","embeddable":true,"href":"https:\/\/istanbulstroller.com\/fr\/wp-json\/wp\/v2\/product_tag?post=6068"}],"curies":[{"name":"wp","href":"https:\/\/api.w.org\/{rel}","templated":true}]}}