{"id":6076,"date":"2026-03-31T16:22:39","date_gmt":"2026-03-31T16:22:39","guid":{"rendered":"https:\/\/istanbulstroller.com\/product\/poussette-rider-wagon-de-malion-family\/"},"modified":"2026-03-31T16:22:39","modified_gmt":"2026-03-31T16:22:39","slug":"poussette-rider-wagon-de-malion-family","status":"publish","type":"product","link":"https:\/\/istanbulstroller.com\/fr\/produit\/poussette-rider-wagon-de-malion-family\/","title":{"rendered":"Poussette Rider Wagon de Malion Family"},"content":{"rendered":"<h2 data-path-to-node=\"0\">Malion Family Rider &#8211; Un break familial polyvalent<\/h2>\n<p data-path-to-node=\"1\">Louez le <b data-path-to-node=\"1\" data-index-in-node=\"9\">Malion Family Rider<\/b>, une poussette-chariot de grande capacit\u00e9 con\u00e7ue pour allier fonctionnalit\u00e9 pratique et plaisir en famille sans effort. Avec une capacit\u00e9 de charge robuste de <b data-path-to-node=\"1\" data-index-in-node=\"139\">100 kg<\/b>, cette poussette-chariot est parfaite pour transporter deux enfants ainsi que tout votre \u00e9quipement indispensable pour une journ\u00e9e au parc, \u00e0 la plage ou \u00e0 un festival. Dot\u00e9e d&rsquo;un int\u00e9rieur spacieux de<b data-path-to-node=\"1\" data-index-in-node=\"46\"> 80 x 46 cm<\/b> et d&rsquo;un m\u00e9canisme de pliage rapide, elle offre l&rsquo;\u00e9quilibre parfait entre une grande surface de chargement et un rangement compact. Les tiges de soutien en carbone pour le pare-soleil et le syst\u00e8me de freinage central arri\u00e8re garantissent que vos aventures soient \u00e0 la fois \u00e9l\u00e9gantes et s\u00fbres, quel que soit le chemin que vous empruntez.   <\/p>\n","protected":false},"excerpt":{"rendered":"<p>Louez la <b data-path-to-node=\"1\" data-index-in-node=\"9\">Malion Family Rider<\/b>, une poussette-landau spacieuse con\u00e7ue pour <b data-path-to-node=\"1\" data-index-in-node=\"46\">allier fonctionnalit\u00e9 pratique<\/b> et plaisir en famille en toute simplicit\u00e9.<\/p>\n","protected":false},"featured_media":3977,"comment_status":"closed","ping_status":"closed","template":"","meta":[],"product_brand":[],"product_cat":[421],"product_tag":[],"class_list":{"0":"post-6076","1":"product","2":"type-product","3":"status-publish","4":"has-post-thumbnail","6":"product_cat-poussette-chariot","8":"first","9":"instock","10":"shipping-taxable","11":"product-type-simple"},"_links":{"self":[{"href":"https:\/\/istanbulstroller.com\/fr\/wp-json\/wp\/v2\/product\/6076","targetHints":{"allow":["GET"]}}],"collection":[{"href":"https:\/\/istanbulstroller.com\/fr\/wp-json\/wp\/v2\/product"}],"about":[{"href":"https:\/\/istanbulstroller.com\/fr\/wp-json\/wp\/v2\/types\/product"}],"replies":[{"embeddable":true,"href":"https:\/\/istanbulstroller.com\/fr\/wp-json\/wp\/v2\/comments?post=6076"}],"version-history":[{"count":0,"href":"https:\/\/istanbulstroller.com\/fr\/wp-json\/wp\/v2\/product\/6076\/revisions"}],"wp:featuredmedia":[{"embeddable":true,"href":"https:\/\/istanbulstroller.com\/fr\/wp-json\/wp\/v2\/media\/3977"}],"wp:attachment":[{"href":"https:\/\/istanbulstroller.com\/fr\/wp-json\/wp\/v2\/media?parent=6076"}],"wp:term":[{"taxonomy":"product_brand","embeddable":true,"href":"https:\/\/istanbulstroller.com\/fr\/wp-json\/wp\/v2\/product_brand?post=6076"},{"taxonomy":"product_cat","embeddable":true,"href":"https:\/\/istanbulstroller.com\/fr\/wp-json\/wp\/v2\/product_cat?post=6076"},{"taxonomy":"product_tag","embeddable":true,"href":"https:\/\/istanbulstroller.com\/fr\/wp-json\/wp\/v2\/product_tag?post=6076"}],"curies":[{"name":"wp","href":"https:\/\/api.w.org\/{rel}","templated":true}]}}