{"id":6092,"date":"2026-03-31T13:44:25","date_gmt":"2026-03-31T13:44:25","guid":{"rendered":"https:\/\/istanbulstroller.com\/product\/poussette-veer-gear-cruiser-wagon\/"},"modified":"2026-03-31T13:44:25","modified_gmt":"2026-03-31T13:44:25","slug":"poussette-veer-gear-cruiser-wagon","status":"publish","type":"product","link":"https:\/\/istanbulstroller.com\/fr\/produit\/poussette-veer-gear-cruiser-wagon\/","title":{"rendered":"Poussette Veer Gear Cruiser Wagon"},"content":{"rendered":"<h2 data-path-to-node=\"0\">Poussette Veer Cruiser Wagon &#8211; L&rsquo;aventure tout-terrain par excellence<\/h2>\n<p data-path-to-node=\"1\">Louez la <b data-path-to-node=\"1\" data-index-in-node=\"9\">Veer Cruiser,<\/b> le premier <b data-path-to-node=\"1\" data-index-in-node=\"110\">\u00ab crossover tout-terrain \u00bb<\/b> au monde qui allie la fonctionnalit\u00e9 d&rsquo;une poussette haut de gamme au c\u00f4t\u00e9 robuste et ludique d&rsquo;un chariot. Dot\u00e9e d&rsquo;un ch\u00e2ssis en aluminium de qualit\u00e9 militaire et de larges pneus \u00e0 crampons, elle affronte sans peine le sable, la neige, la boue et le gravier, tout en offrant une maniabilit\u00e9 fluide sur les trottoirs urbains. Cette poussette-chariot polyvalente est \u00e9quip\u00e9e de deux si\u00e8ges profil\u00e9s avec harnais \u00e0 3 points, d&rsquo;un plateau \u00e0 collation amovible et de porte-gobelets int\u00e9gr\u00e9s, ce qui en fait le choix id\u00e9al pour les familles aimant les activit\u00e9s de plein air et ayant un ou deux enfants. Que vous choisissiez de la pousser comme une poussette ou de la tirer comme un chariot, la <b data-path-to-node=\"1\" data-index-in-node=\"340\">Veer Cruiser <\/b>garantit que chaque sortie en famille sera une aventure inoubliable.   <\/p>\n","protected":false},"excerpt":{"rendered":"<p>Louez la <b data-path-to-node=\"1\" data-index-in-node=\"9\">Veer Cruiser<\/b>, le premier <b data-path-to-node=\"1\" data-index-in-node=\"110\">\u00ab crossover tout-terrain \u00bb<\/b> au monde qui allie la fonctionnalit\u00e9 d&rsquo;une poussette haut de gamme au c\u00f4t\u00e9 robuste et ludique d&rsquo;un chariot.<\/p>\n","protected":false},"featured_media":3956,"comment_status":"closed","ping_status":"closed","template":"","meta":[],"product_brand":[],"product_cat":[421],"product_tag":[],"class_list":{"0":"post-6092","1":"product","2":"type-product","3":"status-publish","4":"has-post-thumbnail","6":"product_cat-poussette-chariot","8":"first","9":"instock","10":"shipping-taxable","11":"purchasable","12":"product-type-simple"},"_links":{"self":[{"href":"https:\/\/istanbulstroller.com\/fr\/wp-json\/wp\/v2\/product\/6092","targetHints":{"allow":["GET"]}}],"collection":[{"href":"https:\/\/istanbulstroller.com\/fr\/wp-json\/wp\/v2\/product"}],"about":[{"href":"https:\/\/istanbulstroller.com\/fr\/wp-json\/wp\/v2\/types\/product"}],"replies":[{"embeddable":true,"href":"https:\/\/istanbulstroller.com\/fr\/wp-json\/wp\/v2\/comments?post=6092"}],"version-history":[{"count":0,"href":"https:\/\/istanbulstroller.com\/fr\/wp-json\/wp\/v2\/product\/6092\/revisions"}],"wp:featuredmedia":[{"embeddable":true,"href":"https:\/\/istanbulstroller.com\/fr\/wp-json\/wp\/v2\/media\/3956"}],"wp:attachment":[{"href":"https:\/\/istanbulstroller.com\/fr\/wp-json\/wp\/v2\/media?parent=6092"}],"wp:term":[{"taxonomy":"product_brand","embeddable":true,"href":"https:\/\/istanbulstroller.com\/fr\/wp-json\/wp\/v2\/product_brand?post=6092"},{"taxonomy":"product_cat","embeddable":true,"href":"https:\/\/istanbulstroller.com\/fr\/wp-json\/wp\/v2\/product_cat?post=6092"},{"taxonomy":"product_tag","embeddable":true,"href":"https:\/\/istanbulstroller.com\/fr\/wp-json\/wp\/v2\/product_tag?post=6092"}],"curies":[{"name":"wp","href":"https:\/\/api.w.org\/{rel}","templated":true}]}}