{"id":6101,"date":"2026-03-24T16:25:52","date_gmt":"2026-03-24T16:25:52","guid":{"rendered":"https:\/\/istanbulstroller.com\/product\/lit-pour-maman-et-bebe-bagi-sleepod\/"},"modified":"2026-03-24T16:25:52","modified_gmt":"2026-03-24T16:25:52","slug":"lit-pour-maman-et-bebe-bagi-sleepod","status":"publish","type":"product","link":"https:\/\/istanbulstroller.com\/fr\/produit\/lit-pour-maman-et-bebe-bagi-sleepod\/","title":{"rendered":"Lit pour maman et b\u00e9b\u00e9 Bagi Sleepod"},"content":{"rendered":"<h2 data-path-to-node=\"0\">Lit b\u00e9b\u00e9 4-en-1 Bagi Sleepod &#8211; Moderne et polyvalent<\/h2>\n<p data-path-to-node=\"1\">Louez le <b data-path-to-node=\"1\" data-index-in-node=\"9\">Bagi Sleepod<\/b>, un lit b\u00e9b\u00e9 4-en-1 \u00e9l\u00e9gant con\u00e7u pour accompagner votre enfant de la naissance jusqu&rsquo;\u00e0 l&rsquo;\u00e2ge de 3 ans. Ce syst\u00e8me polyvalent peut servir de lit d&rsquo;appoint \u00e0 6 niveaux de hauteur, de berceau autonome, de transat apaisant et, plus tard, de parc s\u00e9curis\u00e9 pour les tout-petits. Dot\u00e9 de c\u00f4t\u00e9s en maille respirante, d&rsquo;un r\u00e9glage d&rsquo;inclinaison anti-reflux et d&rsquo;une moustiquaire<b data-path-to-node=\"1\" data-index-in-node=\"542\"> int\u00e9gr\u00e9e avec baldaquin<\/b>, il garantit un environnement s\u00fbr et confortable en toute saison. Avec ses roulettes verrouillables pour faciliter les d\u00e9placements d&rsquo;une pi\u00e8ce \u00e0 l&rsquo;autre et sa surface de couchage compacte de <b data-path-to-node=\"1\" data-index-in-node=\"40\">81 x 48 cm<\/b>, ce lit <b data-path-to-node=\"1\" data-index-in-node=\"542\">b\u00e9b\u00e9 est la solution de location<\/b> tout-en-un par excellence pour les parents modernes.   <\/p>\n","protected":false},"excerpt":{"rendered":"<p>Louez le <b data-path-to-node=\"1\" data-index-in-node=\"9\">Bagi Sleepod<\/b>, un lit b\u00e9b\u00e9 4-en-1 \u00e9l\u00e9gant con\u00e7u pour accompagner votre enfant de la naissance jusqu&rsquo;\u00e0 l&rsquo;\u00e2ge de 3 ans.<\/p>\n","protected":false},"featured_media":6108,"comment_status":"closed","ping_status":"closed","template":"","meta":[],"product_brand":[],"product_cat":[418],"product_tag":[],"class_list":{"0":"post-6101","1":"product","2":"type-product","3":"status-publish","4":"has-post-thumbnail","6":"product_cat-lit-bebe","8":"first","9":"instock","10":"shipping-taxable","11":"product-type-simple"},"_links":{"self":[{"href":"https:\/\/istanbulstroller.com\/fr\/wp-json\/wp\/v2\/product\/6101","targetHints":{"allow":["GET"]}}],"collection":[{"href":"https:\/\/istanbulstroller.com\/fr\/wp-json\/wp\/v2\/product"}],"about":[{"href":"https:\/\/istanbulstroller.com\/fr\/wp-json\/wp\/v2\/types\/product"}],"replies":[{"embeddable":true,"href":"https:\/\/istanbulstroller.com\/fr\/wp-json\/wp\/v2\/comments?post=6101"}],"version-history":[{"count":0,"href":"https:\/\/istanbulstroller.com\/fr\/wp-json\/wp\/v2\/product\/6101\/revisions"}],"wp:featuredmedia":[{"embeddable":true,"href":"https:\/\/istanbulstroller.com\/fr\/wp-json\/wp\/v2\/media\/6108"}],"wp:attachment":[{"href":"https:\/\/istanbulstroller.com\/fr\/wp-json\/wp\/v2\/media?parent=6101"}],"wp:term":[{"taxonomy":"product_brand","embeddable":true,"href":"https:\/\/istanbulstroller.com\/fr\/wp-json\/wp\/v2\/product_brand?post=6101"},{"taxonomy":"product_cat","embeddable":true,"href":"https:\/\/istanbulstroller.com\/fr\/wp-json\/wp\/v2\/product_cat?post=6101"},{"taxonomy":"product_tag","embeddable":true,"href":"https:\/\/istanbulstroller.com\/fr\/wp-json\/wp\/v2\/product_tag?post=6101"}],"curies":[{"name":"wp","href":"https:\/\/api.w.org\/{rel}","templated":true}]}}