{"id":6110,"date":"2026-03-24T16:08:37","date_gmt":"2026-03-24T16:08:37","guid":{"rendered":"https:\/\/istanbulstroller.com\/product\/lit-bebe-kanz-love\/"},"modified":"2026-03-24T16:08:37","modified_gmt":"2026-03-24T16:08:37","slug":"lit-bebe-kanz-love","status":"publish","type":"product","link":"https:\/\/istanbulstroller.com\/fr\/produit\/lit-bebe-kanz-love\/","title":{"rendered":"Lit b\u00e9b\u00e9 Kanz Love"},"content":{"rendered":"<h2 data-path-to-node=\"0\">Lit b\u00e9b\u00e9 Kanz Love &#8211; Polyvalent et portable<\/h2>\n<p data-path-to-node=\"1\">Louez le lit b\u00e9b\u00e9 <b data-path-to-node=\"1\" data-index-in-node=\"9\">Kanz Love <\/b>pour offrir \u00e0 votre tout-petit un espace de sommeil ou de jeu \u00e0 la fois pratique et s\u00e9curis\u00e9. Ce lit b\u00e9b\u00e9 multifonctionnel fait \u00e9galement office de parc et dispose d&rsquo;un mode de balancement doux pour aider <b data-path-to-node=\"1\" data-index-in-node=\"121\">votre b\u00e9b\u00e9<\/b> \u00e0 s&rsquo;endormir.  Avec son cadre robuste mais l\u00e9ger de 8 kg et sa capacit\u00e9 de charge g\u00e9n\u00e9reuse de 20 kg, ce lit est con\u00e7u pour une utilisation \u00e0 long terme d\u00e8s la petite enfance. Gr\u00e2ce \u00e0 son m\u00e9canisme de pliage facile et \u00e0 ses dimensions de 70 x 110 cm, ce lit b\u00e9b\u00e9 est le choix id\u00e9al pour les familles qui recherchent une solution confortable et portable, que ce soit \u00e0 la maison ou en voyage. <\/p>\n","protected":false},"excerpt":{"rendered":"<p>Louez le lit b\u00e9b\u00e9 <b data-path-to-node=\"1\" data-index-in-node=\"9\">Kanz Love <\/b>pour offrir \u00e0 votre tout-petit un espace de sommeil ou de jeu \u00e0 la fois pratique et s\u00e9curis\u00e9. Ce lit b\u00e9b\u00e9 multifonctionnel fait \u00e9galement office de parc et dispose d&rsquo;un mode de balancement doux pour aider <b data-path-to-node=\"1\" data-index-in-node=\"121\">votre b\u00e9b\u00e9<\/b> \u00e0 s&rsquo;endormir. <\/p>\n","protected":false},"featured_media":6116,"comment_status":"closed","ping_status":"closed","template":"","meta":[],"product_brand":[],"product_cat":[418],"product_tag":[],"class_list":{"0":"post-6110","1":"product","2":"type-product","3":"status-publish","4":"has-post-thumbnail","6":"product_cat-lit-bebe","8":"first","9":"instock","10":"shipping-taxable","11":"product-type-simple"},"_links":{"self":[{"href":"https:\/\/istanbulstroller.com\/fr\/wp-json\/wp\/v2\/product\/6110","targetHints":{"allow":["GET"]}}],"collection":[{"href":"https:\/\/istanbulstroller.com\/fr\/wp-json\/wp\/v2\/product"}],"about":[{"href":"https:\/\/istanbulstroller.com\/fr\/wp-json\/wp\/v2\/types\/product"}],"replies":[{"embeddable":true,"href":"https:\/\/istanbulstroller.com\/fr\/wp-json\/wp\/v2\/comments?post=6110"}],"version-history":[{"count":0,"href":"https:\/\/istanbulstroller.com\/fr\/wp-json\/wp\/v2\/product\/6110\/revisions"}],"wp:featuredmedia":[{"embeddable":true,"href":"https:\/\/istanbulstroller.com\/fr\/wp-json\/wp\/v2\/media\/6116"}],"wp:attachment":[{"href":"https:\/\/istanbulstroller.com\/fr\/wp-json\/wp\/v2\/media?parent=6110"}],"wp:term":[{"taxonomy":"product_brand","embeddable":true,"href":"https:\/\/istanbulstroller.com\/fr\/wp-json\/wp\/v2\/product_brand?post=6110"},{"taxonomy":"product_cat","embeddable":true,"href":"https:\/\/istanbulstroller.com\/fr\/wp-json\/wp\/v2\/product_cat?post=6110"},{"taxonomy":"product_tag","embeddable":true,"href":"https:\/\/istanbulstroller.com\/fr\/wp-json\/wp\/v2\/product_tag?post=6110"}],"curies":[{"name":"wp","href":"https:\/\/api.w.org\/{rel}","templated":true}]}}