{"id":6119,"date":"2026-03-24T13:46:41","date_gmt":"2026-03-24T13:46:41","guid":{"rendered":"https:\/\/istanbulstroller.com\/product\/balancoire-electrique-portable-pour-bebe-kraft-sway\/"},"modified":"2026-03-24T13:46:41","modified_gmt":"2026-03-24T13:46:41","slug":"balancoire-electrique-portable-pour-bebe-kraft-sway","status":"publish","type":"product","link":"https:\/\/istanbulstroller.com\/fr\/produit\/balancoire-electrique-portable-pour-bebe-kraft-sway\/","title":{"rendered":"Balan\u00e7oire \u00e9lectrique portable pour b\u00e9b\u00e9 Kraft Sway"},"content":{"rendered":"<h2 data-path-to-node=\"0\">Kraft Sway &#8211; Balan\u00e7oire \u00e9lectrique portable pour b\u00e9b\u00e9<\/h2>\n<p data-path-to-node=\"1\">Louez la balancelle \u00e9lectrique <b data-path-to-node=\"1\" data-index-in-node=\"9\">Kraft Sway<\/b> pour offrir \u00e0 votre b\u00e9b\u00e9 une exp\u00e9rience apaisante de pointe qui imite le mouvement naturel de balancement d&rsquo;une maman. Adapt\u00e9e d\u00e8s la naissance jusqu&rsquo;\u00e0 10 kg, cette balancelle innovante est dot\u00e9e d&rsquo;un si\u00e8ge r\u00e9versible qui se transforme en nacelle portable, offrant ainsi une polyvalence \u00e0 long terme. Avec 5 modes de balancement uniques, <b data-path-to-node=\"1\" data-index-in-node=\"172\">3 r\u00e9glages de vitesse et 12 m\u00e9lodies apaisantes<\/b>, vous pouvez facilement personnaliser l&rsquo;environnement via l&rsquo;\u00e9l\u00e9gant \u00e9cran tactile num\u00e9rique. Son design l\u00e9ger (8,2 kg) et son montage sans outils en font un choix de location id\u00e9al pour les parents \u00e0 la recherche de confort, de s\u00e9curit\u00e9 et de commodit\u00e9 moderne dans un ensemble portable.   <\/p>\n","protected":false},"excerpt":{"rendered":"<p>Louez la balancelle \u00e9lectrique <b data-path-to-node=\"1\" data-index-in-node=\"9\">Kraft Sway pour offrir \u00e0 votre b\u00e9b\u00e9<\/b> une exp\u00e9rience apaisante \u00e0 la pointe de la technologie, qui imite le mouvement naturel de balancement de la m\u00e8re.<\/p>\n","protected":false},"featured_media":6120,"comment_status":"open","ping_status":"closed","template":"","meta":[],"product_brand":[],"product_cat":[417,411],"product_tag":[],"class_list":{"0":"post-6119","1":"product","2":"type-product","3":"status-publish","4":"has-post-thumbnail","6":"product_cat-balancoire-pour-bebe","7":"product_cat-transat-pour-bebe","9":"first","10":"instock","11":"shipping-taxable","12":"product-type-simple"},"_links":{"self":[{"href":"https:\/\/istanbulstroller.com\/fr\/wp-json\/wp\/v2\/product\/6119","targetHints":{"allow":["GET"]}}],"collection":[{"href":"https:\/\/istanbulstroller.com\/fr\/wp-json\/wp\/v2\/product"}],"about":[{"href":"https:\/\/istanbulstroller.com\/fr\/wp-json\/wp\/v2\/types\/product"}],"replies":[{"embeddable":true,"href":"https:\/\/istanbulstroller.com\/fr\/wp-json\/wp\/v2\/comments?post=6119"}],"version-history":[{"count":0,"href":"https:\/\/istanbulstroller.com\/fr\/wp-json\/wp\/v2\/product\/6119\/revisions"}],"wp:featuredmedia":[{"embeddable":true,"href":"https:\/\/istanbulstroller.com\/fr\/wp-json\/wp\/v2\/media\/6120"}],"wp:attachment":[{"href":"https:\/\/istanbulstroller.com\/fr\/wp-json\/wp\/v2\/media?parent=6119"}],"wp:term":[{"taxonomy":"product_brand","embeddable":true,"href":"https:\/\/istanbulstroller.com\/fr\/wp-json\/wp\/v2\/product_brand?post=6119"},{"taxonomy":"product_cat","embeddable":true,"href":"https:\/\/istanbulstroller.com\/fr\/wp-json\/wp\/v2\/product_cat?post=6119"},{"taxonomy":"product_tag","embeddable":true,"href":"https:\/\/istanbulstroller.com\/fr\/wp-json\/wp\/v2\/product_tag?post=6119"}],"curies":[{"name":"wp","href":"https:\/\/api.w.org\/{rel}","templated":true}]}}