{"id":6126,"date":"2026-03-24T13:31:25","date_gmt":"2026-03-24T13:31:25","guid":{"rendered":"https:\/\/istanbulstroller.com\/product\/siege-bebe-chicco-rhythmn-sound\/"},"modified":"2026-03-24T13:31:25","modified_gmt":"2026-03-24T13:31:25","slug":"siege-bebe-chicco-rhythmn-sound","status":"publish","type":"product","link":"https:\/\/istanbulstroller.com\/fr\/produit\/siege-bebe-chicco-rhythmn-sound\/","title":{"rendered":"Si\u00e8ge b\u00e9b\u00e9 Chicco RhythmN Sound"},"content":{"rendered":"<h2 data-path-to-node=\"0\">Chicco Rhythm&rsquo;N&rsquo;Sound &#8211; Mouvement apaisant d&rsquo;un c\u00f4t\u00e9 \u00e0 l&rsquo;autre<\/h2>\n<p data-path-to-node=\"1\">Louez le <b data-path-to-node=\"1\" data-index-in-node=\"9\">Chicco Rhythm&rsquo;N&rsquo;Sound,<\/b> un transat moderne et \u00e9l\u00e9gant con\u00e7u pour apaiser votre tout-petit gr\u00e2ce \u00e0 un doux mouvement de balancement lat\u00e9ral. Adapt\u00e9 d\u00e8s la naissance jusqu&rsquo;\u00e0 <b data-path-to-node=\"1\" data-index-in-node=\"52\">9 kg<\/b>, ce transat innovant dispose de deux positions d&rsquo;inclinaison et d&rsquo;une s\u00e9lection de sons de la nature et de douces m\u00e9lodies pour que votre b\u00e9b\u00e9 reste d\u00e9tendu et diverti. Son design compact et pliable \u00e0 plat le rend incroyablement facile \u00e0 ranger ou \u00e0 transporter, tandis que le harnais de s\u00e9curit\u00e9 \u00e0 5 points assure une s\u00e9curit\u00e9 maximale. Aliment\u00e9 par USB ou par piles, ce transat est un choix de location polyvalent et \u00e9l\u00e9gant pour les parents qui souhaitent offrir \u00e0 <b data-path-to-node=\"1\" data-index-in-node=\"495\">leur b\u00e9b\u00e9<\/b> un endroit paisible pour se reposer.   <\/p>\n","protected":false},"excerpt":{"rendered":"<p>Louez le <b data-path-to-node=\"1\" data-index-in-node=\"9\">Chicco Rhythm&rsquo;N&rsquo;Sound<\/b>, un transat moderne et <b data-path-to-node=\"1\" data-index-in-node=\"52\">\u00e9l\u00e9gant con\u00e7u<\/b> pour apaiser votre tout-petit gr\u00e2ce \u00e0 un doux mouvement de balancement lat\u00e9ral.<\/p>\n","protected":false},"featured_media":6129,"comment_status":"open","ping_status":"closed","template":"","meta":[],"product_brand":[],"product_cat":[417,411],"product_tag":[],"class_list":{"0":"post-6126","1":"product","2":"type-product","3":"status-publish","4":"has-post-thumbnail","6":"product_cat-balancoire-pour-bebe","7":"product_cat-transat-pour-bebe","9":"first","10":"instock","11":"shipping-taxable","12":"product-type-simple"},"_links":{"self":[{"href":"https:\/\/istanbulstroller.com\/fr\/wp-json\/wp\/v2\/product\/6126","targetHints":{"allow":["GET"]}}],"collection":[{"href":"https:\/\/istanbulstroller.com\/fr\/wp-json\/wp\/v2\/product"}],"about":[{"href":"https:\/\/istanbulstroller.com\/fr\/wp-json\/wp\/v2\/types\/product"}],"replies":[{"embeddable":true,"href":"https:\/\/istanbulstroller.com\/fr\/wp-json\/wp\/v2\/comments?post=6126"}],"version-history":[{"count":0,"href":"https:\/\/istanbulstroller.com\/fr\/wp-json\/wp\/v2\/product\/6126\/revisions"}],"wp:featuredmedia":[{"embeddable":true,"href":"https:\/\/istanbulstroller.com\/fr\/wp-json\/wp\/v2\/media\/6129"}],"wp:attachment":[{"href":"https:\/\/istanbulstroller.com\/fr\/wp-json\/wp\/v2\/media?parent=6126"}],"wp:term":[{"taxonomy":"product_brand","embeddable":true,"href":"https:\/\/istanbulstroller.com\/fr\/wp-json\/wp\/v2\/product_brand?post=6126"},{"taxonomy":"product_cat","embeddable":true,"href":"https:\/\/istanbulstroller.com\/fr\/wp-json\/wp\/v2\/product_cat?post=6126"},{"taxonomy":"product_tag","embeddable":true,"href":"https:\/\/istanbulstroller.com\/fr\/wp-json\/wp\/v2\/product_tag?post=6126"}],"curies":[{"name":"wp","href":"https:\/\/api.w.org\/{rel}","templated":true}]}}