{"id":6134,"date":"2026-03-24T10:05:38","date_gmt":"2026-03-24T10:05:38","guid":{"rendered":"https:\/\/istanbulstroller.com\/product\/poussette-cybex-eezy-s-twist\/"},"modified":"2026-03-24T10:05:38","modified_gmt":"2026-03-24T10:05:38","slug":"poussette-cybex-eezy-s-twist","status":"publish","type":"product","link":"https:\/\/istanbulstroller.com\/fr\/produit\/poussette-cybex-eezy-s-twist\/","title":{"rendered":"Poussette Cybex Eezy S Twist"},"content":{"rendered":"<h2 data-path-to-node=\"0\">Cybex Eezy S Twist &#8211; Le luxe avec une rotation \u00e0 360\u00b0<\/h2>\n<p data-path-to-node=\"1\">Louez la <b data-path-to-node=\"1\" data-index-in-node=\"9\">Cybex Eezy S Twist<\/b> pour une exp\u00e9rience de voyage r\u00e9volutionnaire gr\u00e2ce \u00e0 son si\u00e8ge pivotant \u00e0 360\u00b0 unique en son genre, qui vous permet de changer l&rsquo;orientation de votre b\u00e9b\u00e9 d&rsquo;une simple main. Cette poussette haut de gamme, aux dimensions adapt\u00e9es \u00e0 la cabine d&rsquo;avion, convient d\u00e8s la naissance jusqu&rsquo;\u00e0 <b data-path-to-node=\"1\" data-index-in-node=\"188\">22 kg<\/b> et offre trois positions d&rsquo;inclinaison, dont un mode enti\u00e8rement allong\u00e9 pour des siestes confortables.  Con\u00e7ue pour la maniabilit\u00e9 en ville et les voyages en avion, elle est \u00e9quip\u00e9e d&rsquo;une suspension ind\u00e9pendante sur les quatre roues et se plie d&rsquo;une seule main pour former un ensemble compact qui tient debout tout seul. Avec son pare-soleil XXL et ses tissus respirants, cette poussette est le choix id\u00e9al pour les parents qui recherchent \u00e0 la fois le luxe, la s\u00e9curit\u00e9 et une maniabilit\u00e9 sans effort, le tout dans un mod\u00e8le l\u00e9ger. <\/p>\n","protected":false},"excerpt":{"rendered":"<p>Louez la <b data-path-to-node=\"1\" data-index-in-node=\"9\">Cybex Eezy S Twist<\/b> pour une exp\u00e9rience de voyage r\u00e9volutionnaire gr\u00e2ce \u00e0 son si\u00e8ge pivotant \u00e0 360\u00b0 unique en son genre, qui vous permet de changer l&rsquo;orientation de votre b\u00e9b\u00e9 d&rsquo;une simple main. Cette poussette haut de gamme, aux dimensions adapt\u00e9es \u00e0 la cabine d&rsquo;avion, convient d\u00e8s la naissance jusqu&rsquo;\u00e0 <b data-path-to-node=\"1\" data-index-in-node=\"188\">22 kg<\/b> et offre trois positions d&rsquo;inclinaison, dont un mode enti\u00e8rement allong\u00e9 pour des siestes confortables. <\/p>\n","protected":false},"featured_media":6141,"comment_status":"closed","ping_status":"closed","template":"","meta":[],"product_brand":[],"product_cat":[416],"product_tag":[],"class_list":{"0":"post-6134","1":"product","2":"type-product","3":"status-publish","4":"has-post-thumbnail","6":"product_cat-poussette-de-voyage","8":"first","9":"instock","10":"featured","11":"shipping-taxable","12":"product-type-simple"},"_links":{"self":[{"href":"https:\/\/istanbulstroller.com\/fr\/wp-json\/wp\/v2\/product\/6134","targetHints":{"allow":["GET"]}}],"collection":[{"href":"https:\/\/istanbulstroller.com\/fr\/wp-json\/wp\/v2\/product"}],"about":[{"href":"https:\/\/istanbulstroller.com\/fr\/wp-json\/wp\/v2\/types\/product"}],"replies":[{"embeddable":true,"href":"https:\/\/istanbulstroller.com\/fr\/wp-json\/wp\/v2\/comments?post=6134"}],"version-history":[{"count":0,"href":"https:\/\/istanbulstroller.com\/fr\/wp-json\/wp\/v2\/product\/6134\/revisions"}],"wp:featuredmedia":[{"embeddable":true,"href":"https:\/\/istanbulstroller.com\/fr\/wp-json\/wp\/v2\/media\/6141"}],"wp:attachment":[{"href":"https:\/\/istanbulstroller.com\/fr\/wp-json\/wp\/v2\/media?parent=6134"}],"wp:term":[{"taxonomy":"product_brand","embeddable":true,"href":"https:\/\/istanbulstroller.com\/fr\/wp-json\/wp\/v2\/product_brand?post=6134"},{"taxonomy":"product_cat","embeddable":true,"href":"https:\/\/istanbulstroller.com\/fr\/wp-json\/wp\/v2\/product_cat?post=6134"},{"taxonomy":"product_tag","embeddable":true,"href":"https:\/\/istanbulstroller.com\/fr\/wp-json\/wp\/v2\/product_tag?post=6134"}],"curies":[{"name":"wp","href":"https:\/\/api.w.org\/{rel}","templated":true}]}}