{"id":6142,"date":"2026-03-24T13:21:15","date_gmt":"2026-03-24T13:21:15","guid":{"rendered":"https:\/\/istanbulstroller.com\/product\/porte-bebe-chicco-easyfit-kangaroo\/"},"modified":"2026-03-24T13:21:15","modified_gmt":"2026-03-24T13:21:15","slug":"porte-bebe-chicco-easyfit-kangaroo","status":"publish","type":"product","link":"https:\/\/istanbulstroller.com\/fr\/produit\/porte-bebe-chicco-easyfit-kangaroo\/","title":{"rendered":"Porte-b\u00e9b\u00e9 Chicco Easyfit Kangaroo"},"content":{"rendered":"<h2 data-path-to-node=\"0\">Chicco Easyfit &#8211; Un transport simple et intuitif<\/h2>\n<p data-path-to-node=\"1\">Louez le <b data-path-to-node=\"1\" data-index-in-node=\"9\">Chicco Easyfit<\/b>, un porte-b\u00e9b\u00e9 l\u00e9ger et facile \u00e0 utiliser, con\u00e7u pour les nouveau-n\u00e9s jusqu&rsquo;\u00e0 9 kg. Ce porte-b\u00e9b\u00e9 convivial garantit la position ergonomique en \u00ab M \u00bb, essentielle au bon d\u00e9veloppement des hanches et de la colonne vert\u00e9brale de <b data-path-to-node=\"1\" data-index-in-node=\"56\">votre b\u00e9b\u00e9<\/b>, tout en lui offrant un environnement s\u00fbr et douillet d\u00e8s le premier jour. Son tissu doux et respirant \u00e9vite la surchauffe, tandis que le syst\u00e8me de sangles et de boucles r\u00e9glables permet un ajustement parfait, quelle que soit la morphologie. Avec la possibilit\u00e9 de passer d&rsquo;une position face aux parents \u00e0 une position face vers l&rsquo;ext\u00e9rieur, ce <b data-path-to-node=\"1\" data-index-in-node=\"503\">porte-b\u00e9b\u00e9<\/b> est un choix de location pratique, compact et confortable pour les petits trajets et les courses quotidiennes.   <\/p>\n","protected":false},"excerpt":{"rendered":"<p>Louez le <b data-path-to-node=\"1\" data-index-in-node=\"9\">Chicco Easyfit<\/b>, un porte-b\u00e9b\u00e9 l\u00e9ger et facile \u00e0 utiliser, con\u00e7u pour les nouveau-n\u00e9s pesant jusqu&rsquo;\u00e0 <b data-path-to-node=\"1\" data-index-in-node=\"56\">9 kg<\/b>.<\/p>\n","protected":false},"featured_media":6148,"comment_status":"closed","ping_status":"closed","template":"","meta":[],"product_brand":[],"product_cat":[410,409],"product_tag":[],"class_list":{"0":"post-6142","1":"product","2":"type-product","3":"status-publish","4":"has-post-thumbnail","6":"product_cat-petit-kangourou","7":"product_cat-porte-bebe","9":"first","10":"instock","11":"shipping-taxable","12":"product-type-simple"},"_links":{"self":[{"href":"https:\/\/istanbulstroller.com\/fr\/wp-json\/wp\/v2\/product\/6142","targetHints":{"allow":["GET"]}}],"collection":[{"href":"https:\/\/istanbulstroller.com\/fr\/wp-json\/wp\/v2\/product"}],"about":[{"href":"https:\/\/istanbulstroller.com\/fr\/wp-json\/wp\/v2\/types\/product"}],"replies":[{"embeddable":true,"href":"https:\/\/istanbulstroller.com\/fr\/wp-json\/wp\/v2\/comments?post=6142"}],"version-history":[{"count":0,"href":"https:\/\/istanbulstroller.com\/fr\/wp-json\/wp\/v2\/product\/6142\/revisions"}],"wp:featuredmedia":[{"embeddable":true,"href":"https:\/\/istanbulstroller.com\/fr\/wp-json\/wp\/v2\/media\/6148"}],"wp:attachment":[{"href":"https:\/\/istanbulstroller.com\/fr\/wp-json\/wp\/v2\/media?parent=6142"}],"wp:term":[{"taxonomy":"product_brand","embeddable":true,"href":"https:\/\/istanbulstroller.com\/fr\/wp-json\/wp\/v2\/product_brand?post=6142"},{"taxonomy":"product_cat","embeddable":true,"href":"https:\/\/istanbulstroller.com\/fr\/wp-json\/wp\/v2\/product_cat?post=6142"},{"taxonomy":"product_tag","embeddable":true,"href":"https:\/\/istanbulstroller.com\/fr\/wp-json\/wp\/v2\/product_tag?post=6142"}],"curies":[{"name":"wp","href":"https:\/\/api.w.org\/{rel}","templated":true}]}}