{"id":6156,"date":"2026-03-23T15:38:49","date_gmt":"2026-03-23T15:38:49","guid":{"rendered":"https:\/\/istanbulstroller.com\/product\/poussette-kanz-v-go-2-travel-system\/"},"modified":"2026-03-23T15:38:49","modified_gmt":"2026-03-23T15:38:49","slug":"poussette-kanz-v-go-2-travel-system","status":"publish","type":"product","link":"https:\/\/istanbulstroller.com\/fr\/produit\/poussette-kanz-v-go-2-travel-system\/","title":{"rendered":"Poussette Kanz V-GO 2 Travel System"},"content":{"rendered":"<h2 data-path-to-node=\"0\">Syst\u00e8me de voyage Kanz V-GO 2 &#8211; \u00c9l\u00e9gant et fonctionnel<\/h2>\n<p data-path-to-node=\"1\">Louez le syst\u00e8me de voyage <b data-path-to-node=\"1\" data-index-in-node=\"9\">Kanz V-GO 2<\/b> pour b\u00e9n\u00e9ficier d&rsquo;une solution polyvalente et robuste, con\u00e7ue dans un souci de s\u00e9curit\u00e9 et de confort. <b data-path-to-node=\"1\" data-index-in-node=\"136\">Cette poussette de grande qualit\u00e9 est dot\u00e9e d&rsquo;un<\/b> ch\u00e2ssis l\u00e9ger en aluminium et de modules r\u00e9versibles qui permettent \u00e0 votre b\u00e9b\u00e9 d&rsquo;\u00eatre tourn\u00e9 vers vous ou vers l&rsquo;ext\u00e9rieur.  Gr\u00e2ce \u00e0 son m\u00e9canisme de pliage compact actionnable d&rsquo;une seule main et \u00e0 ses roues avant \u00e0 roulements \u00e0 billes offrant une maniabilit\u00e9 exceptionnelle, se faufiler dans les rues anim\u00e9es devient un jeu d&rsquo;enfant. Conforme aux derni\u00e8res normes de s\u00e9curit\u00e9 EN 1888-2018 et I-Size ECE\/R129, elle est \u00e9quip\u00e9e d&rsquo;un si\u00e8ge inclinable \u00e0 plusieurs positions avec un mode enti\u00e8rement \u00e0 plat \u00e0 180\u00b0, garantissant un confort optimal de la naissance jusqu&rsquo;\u00e0 4 ans (22 kg). <\/p>\n","protected":false},"excerpt":{"rendered":"<p>Louez le syst\u00e8me de voyage <b data-path-to-node=\"1\" data-index-in-node=\"9\">Kanz V-GO 2<\/b> pour b\u00e9n\u00e9ficier d&rsquo;une solution polyvalente et robuste, con\u00e7ue dans un souci de s\u00e9curit\u00e9 et de confort. <b data-path-to-node=\"1\" data-index-in-node=\"136\">Cette poussette de grande qualit\u00e9 est dot\u00e9e d&rsquo;un<\/b> ch\u00e2ssis l\u00e9ger en aluminium et de modules r\u00e9versibles qui permettent \u00e0 votre b\u00e9b\u00e9 d&rsquo;\u00eatre tourn\u00e9 vers vous ou vers l&rsquo;ext\u00e9rieur. <\/p>\n","protected":false},"featured_media":6165,"comment_status":"closed","ping_status":"closed","template":"","meta":[],"product_brand":[],"product_cat":[416],"product_tag":[],"class_list":{"0":"post-6156","1":"product","2":"type-product","3":"status-publish","4":"has-post-thumbnail","6":"product_cat-poussette-de-voyage","8":"first","9":"instock","10":"featured","11":"shipping-taxable","12":"product-type-simple"},"_links":{"self":[{"href":"https:\/\/istanbulstroller.com\/fr\/wp-json\/wp\/v2\/product\/6156","targetHints":{"allow":["GET"]}}],"collection":[{"href":"https:\/\/istanbulstroller.com\/fr\/wp-json\/wp\/v2\/product"}],"about":[{"href":"https:\/\/istanbulstroller.com\/fr\/wp-json\/wp\/v2\/types\/product"}],"replies":[{"embeddable":true,"href":"https:\/\/istanbulstroller.com\/fr\/wp-json\/wp\/v2\/comments?post=6156"}],"version-history":[{"count":0,"href":"https:\/\/istanbulstroller.com\/fr\/wp-json\/wp\/v2\/product\/6156\/revisions"}],"wp:featuredmedia":[{"embeddable":true,"href":"https:\/\/istanbulstroller.com\/fr\/wp-json\/wp\/v2\/media\/6165"}],"wp:attachment":[{"href":"https:\/\/istanbulstroller.com\/fr\/wp-json\/wp\/v2\/media?parent=6156"}],"wp:term":[{"taxonomy":"product_brand","embeddable":true,"href":"https:\/\/istanbulstroller.com\/fr\/wp-json\/wp\/v2\/product_brand?post=6156"},{"taxonomy":"product_cat","embeddable":true,"href":"https:\/\/istanbulstroller.com\/fr\/wp-json\/wp\/v2\/product_cat?post=6156"},{"taxonomy":"product_tag","embeddable":true,"href":"https:\/\/istanbulstroller.com\/fr\/wp-json\/wp\/v2\/product_tag?post=6156"}],"curies":[{"name":"wp","href":"https:\/\/api.w.org\/{rel}","templated":true}]}}