{"id":6169,"date":"2026-03-23T14:47:27","date_gmt":"2026-03-23T14:47:27","guid":{"rendered":"https:\/\/istanbulstroller.com\/product\/poussette-joie-tourist\/"},"modified":"2026-03-23T14:47:27","modified_gmt":"2026-03-23T14:47:27","slug":"poussette-joie-tourist","status":"publish","type":"product","link":"https:\/\/istanbulstroller.com\/fr\/produit\/poussette-joie-tourist\/","title":{"rendered":"Poussette Joie Tourist"},"content":{"rendered":"<h2 data-path-to-node=\"0\">Joie Tourist &#8211; Ultra-l\u00e9g\u00e8re et compacte<\/h2>\n<p data-path-to-node=\"1\">Louez la <b data-path-to-node=\"1\" data-index-in-node=\"9\">Joie Tourist<\/b>, une poussette remarquablement l\u00e9g\u00e8re ne pesant que <b data-path-to-node=\"1\" data-index-in-node=\"143\">5,92 kg<\/b>, con\u00e7ue pour faciliter vos d\u00e9placements avec votre b\u00e9b\u00e9. Cette poussette polyvalente est \u00e9quip\u00e9e d&rsquo;un si\u00e8ge inclinable \u00e0 plat adapt\u00e9 de la naissance jusqu&rsquo;\u00e0 <b data-path-to-node=\"1\" data-index-in-node=\"42\">15 kg<\/b> et comprend des adaptateurs permettant de fixer facilement un si\u00e8ge auto <b data-path-to-node=\"1\" data-index-in-node=\"500\">Joie pour b\u00e9b\u00e9<\/b>. Son ing\u00e9nieux m\u00e9canisme de pliage automatique lui permet de se replier en un format compact et autonome, id\u00e9al pour les petits coffres de voiture ou les transports en commun. Gr\u00e2ce \u00e0 sa suspension sur toutes les roues et \u00e0 son guidon r\u00e9glable en hauteur, cette poussette garantit une exp\u00e9rience fluide et confortable pour les parents comme pour l&rsquo;enfant \u00e0 chaque sortie.   <\/p>\n","protected":false},"excerpt":{"rendered":"<p>Louez la <b data-path-to-node=\"1\" data-index-in-node=\"9\">Joie Tourist<\/b>, une poussette remarquablement l\u00e9g\u00e8re ne pesant que 5,92 kg, con\u00e7ue pour faciliter vos d\u00e9placements avec v<b data-path-to-node=\"1\" data-index-in-node=\"42\">otre b\u00e9b\u00e9.<\/b><\/p>\n","protected":false},"featured_media":6175,"comment_status":"closed","ping_status":"closed","template":"","meta":[],"product_brand":[],"product_cat":[416],"product_tag":[],"class_list":{"0":"post-6169","1":"product","2":"type-product","3":"status-publish","4":"has-post-thumbnail","6":"product_cat-poussette-de-voyage","8":"first","9":"instock","10":"shipping-taxable","11":"product-type-simple"},"_links":{"self":[{"href":"https:\/\/istanbulstroller.com\/fr\/wp-json\/wp\/v2\/product\/6169","targetHints":{"allow":["GET"]}}],"collection":[{"href":"https:\/\/istanbulstroller.com\/fr\/wp-json\/wp\/v2\/product"}],"about":[{"href":"https:\/\/istanbulstroller.com\/fr\/wp-json\/wp\/v2\/types\/product"}],"replies":[{"embeddable":true,"href":"https:\/\/istanbulstroller.com\/fr\/wp-json\/wp\/v2\/comments?post=6169"}],"version-history":[{"count":0,"href":"https:\/\/istanbulstroller.com\/fr\/wp-json\/wp\/v2\/product\/6169\/revisions"}],"wp:featuredmedia":[{"embeddable":true,"href":"https:\/\/istanbulstroller.com\/fr\/wp-json\/wp\/v2\/media\/6175"}],"wp:attachment":[{"href":"https:\/\/istanbulstroller.com\/fr\/wp-json\/wp\/v2\/media?parent=6169"}],"wp:term":[{"taxonomy":"product_brand","embeddable":true,"href":"https:\/\/istanbulstroller.com\/fr\/wp-json\/wp\/v2\/product_brand?post=6169"},{"taxonomy":"product_cat","embeddable":true,"href":"https:\/\/istanbulstroller.com\/fr\/wp-json\/wp\/v2\/product_cat?post=6169"},{"taxonomy":"product_tag","embeddable":true,"href":"https:\/\/istanbulstroller.com\/fr\/wp-json\/wp\/v2\/product_tag?post=6169"}],"curies":[{"name":"wp","href":"https:\/\/api.w.org\/{rel}","templated":true}]}}