{"id":6176,"date":"2026-03-23T13:24:27","date_gmt":"2026-03-23T13:24:27","guid":{"rendered":"https:\/\/istanbulstroller.com\/product\/porte-bebe-kraft-air-cool-kangaroo\/"},"modified":"2026-03-23T13:24:27","modified_gmt":"2026-03-23T13:24:27","slug":"porte-bebe-kraft-air-cool-kangaroo","status":"publish","type":"product","link":"https:\/\/istanbulstroller.com\/fr\/produit\/porte-bebe-kraft-air-cool-kangaroo\/","title":{"rendered":"Porte-b\u00e9b\u00e9 Kraft Air Cool Kangaroo"},"content":{"rendered":"<h2 data-path-to-node=\"0\">Kraft Air Cool &#8211; Porte-b\u00e9b\u00e9 ergonomique<\/h2>\n<p data-path-to-node=\"1\">Louez le porte-b\u00e9b\u00e9 <b data-path-to-node=\"1\" data-index-in-node=\"9\">Kraft Air Cool<\/b> pour une exp\u00e9rience de portage a\u00e9r\u00e9e et offrant un bon maintien, con\u00e7ue pour les b\u00e9b\u00e9s de 4 mois \u00e0 15 kg. Ce <b data-path-to-node=\"1\" data-index-in-node=\"151\">porte-b\u00e9b\u00e9<\/b> ergonomique est dot\u00e9 d&rsquo;un tissu en maille sp\u00e9cial qui optimise la circulation de l&rsquo;air et r\u00e9duit la transpiration, tandis que les bretelles rembourr\u00e9es et la ceinture r\u00e9glable assurent une r\u00e9partition \u00e9quilibr\u00e9e du poids pour le confort des parents. Il favorise la position en \u00ab M \u00bb, b\u00e9n\u00e9fique pour le d\u00e9veloppement des hanches, et comprend un appui-t\u00eate rembourr\u00e9 pour prot\u00e9ger la nuque et la t\u00eate de <b data-path-to-node=\"1\" data-index-in-node=\"544\">votre b\u00e9b\u00e9<\/b>. Avec sa conception extensible et ses deux positions d&rsquo;assise, ce <b data-path-to-node=\"1\" data-index-in-node=\"544\">porte-b\u00e9b\u00e9<\/b> est le choix id\u00e9al pour les familles actives qui recherchent s\u00e9curit\u00e9 et flexibilit\u00e9 lors de leurs d\u00e9placements.   <\/p>\n","protected":false},"excerpt":{"rendered":"<p>Louez le porte-b\u00e9b\u00e9 <b data-path-to-node=\"1\" data-index-in-node=\"9\">Kraft Air Cool<\/b> pour profiter d&rsquo;un portage a\u00e9r\u00e9 et offrant un bon maintien, con\u00e7u pour les b\u00e9b\u00e9s \u00e2g\u00e9s de 4 mois et pesant jusqu&rsquo;\u00e0 15 kg.<\/p>\n","protected":false},"featured_media":6180,"comment_status":"closed","ping_status":"closed","template":"","meta":[],"product_brand":[],"product_cat":[410,409],"product_tag":[],"class_list":{"0":"post-6176","1":"product","2":"type-product","3":"status-publish","4":"has-post-thumbnail","6":"product_cat-petit-kangourou","7":"product_cat-porte-bebe","9":"first","10":"instock","11":"shipping-taxable","12":"product-type-simple"},"_links":{"self":[{"href":"https:\/\/istanbulstroller.com\/fr\/wp-json\/wp\/v2\/product\/6176","targetHints":{"allow":["GET"]}}],"collection":[{"href":"https:\/\/istanbulstroller.com\/fr\/wp-json\/wp\/v2\/product"}],"about":[{"href":"https:\/\/istanbulstroller.com\/fr\/wp-json\/wp\/v2\/types\/product"}],"replies":[{"embeddable":true,"href":"https:\/\/istanbulstroller.com\/fr\/wp-json\/wp\/v2\/comments?post=6176"}],"version-history":[{"count":0,"href":"https:\/\/istanbulstroller.com\/fr\/wp-json\/wp\/v2\/product\/6176\/revisions"}],"wp:featuredmedia":[{"embeddable":true,"href":"https:\/\/istanbulstroller.com\/fr\/wp-json\/wp\/v2\/media\/6180"}],"wp:attachment":[{"href":"https:\/\/istanbulstroller.com\/fr\/wp-json\/wp\/v2\/media?parent=6176"}],"wp:term":[{"taxonomy":"product_brand","embeddable":true,"href":"https:\/\/istanbulstroller.com\/fr\/wp-json\/wp\/v2\/product_brand?post=6176"},{"taxonomy":"product_cat","embeddable":true,"href":"https:\/\/istanbulstroller.com\/fr\/wp-json\/wp\/v2\/product_cat?post=6176"},{"taxonomy":"product_tag","embeddable":true,"href":"https:\/\/istanbulstroller.com\/fr\/wp-json\/wp\/v2\/product_tag?post=6176"}],"curies":[{"name":"wp","href":"https:\/\/api.w.org\/{rel}","templated":true}]}}