{"id":6181,"date":"2026-03-23T12:20:21","date_gmt":"2026-03-23T12:20:21","guid":{"rendered":"https:\/\/istanbulstroller.com\/product\/poussette-kraft-kenya-travel-system\/"},"modified":"2026-03-23T12:20:21","modified_gmt":"2026-03-23T12:20:21","slug":"poussette-kraft-kenya-travel-system","status":"publish","type":"product","link":"https:\/\/istanbulstroller.com\/fr\/produit\/poussette-kraft-kenya-travel-system\/","title":{"rendered":"Poussette Kraft Kenya Travel System"},"content":{"rendered":"<h2 data-path-to-node=\"0\">Syst\u00e8me de voyage Kraft Kenya &#8211; L\u00e9ger et compact<\/h2>\n<p data-path-to-node=\"1\">Louez le syst\u00e8me de voyage <b data-path-to-node=\"1\" data-index-in-node=\"9\">Kraft Kenya<\/b> pour b\u00e9n\u00e9ficier d&rsquo;une solution haut de gamme et l\u00e9g\u00e8re, pesant seulement <b data-path-to-node=\"1\" data-index-in-node=\"543\">8,9 kg<\/b>, ce qui en fait l&rsquo;une des poussettes les plus faciles \u00e0 transporter de sa cat\u00e9gorie. Ce syst\u00e8me polyvalent est \u00e9quip\u00e9 d&rsquo;un si\u00e8ge r\u00e9versible utilisable de la naissance jusqu&rsquo;\u00e0 <b data-path-to-node=\"1\" data-index-in-node=\"131\">22 kg<\/b>, offrant 3 positions d&rsquo;inclinaison, dont une position enti\u00e8rement \u00e0 plat pour des siestes paisibles. Con\u00e7ue pour le voyageur moderne, elle se plie facilement d&rsquo;une seule main et comprend une bandouli\u00e8re int\u00e9gr\u00e9e pour un transport sans effort. Avec ses roues en polyur\u00e9thane \u00e0 roulements \u00e0 billes et son si\u00e8ge auto A<b data-path-to-node=\"1\" data-index-in-node=\"543\">rmor Plus I-Size inclus<\/b>, cette poussette constitue une option de location s\u00fbre, silencieuse et sophistiqu\u00e9e pour tous vos d\u00e9placements.   <\/p>\n","protected":false},"excerpt":{"rendered":"<p>Louez le syst\u00e8me de voyage <b data-path-to-node=\"1\" data-index-in-node=\"9\">Kraft Kenya<\/b> pour b\u00e9n\u00e9ficier d&rsquo;une solution haut de gamme et l\u00e9g\u00e8re, pesant seulement <b data-path-to-node=\"1\" data-index-in-node=\"131\">8,9 kg<\/b>, ce qui en fait l&rsquo;une des poussettes les plus faciles \u00e0 transporter de sa cat\u00e9gorie.<\/p>\n","protected":false},"featured_media":6186,"comment_status":"closed","ping_status":"closed","template":"","meta":[],"product_brand":[],"product_cat":[416],"product_tag":[],"class_list":{"0":"post-6181","1":"product","2":"type-product","3":"status-publish","4":"has-post-thumbnail","6":"product_cat-poussette-de-voyage","8":"first","9":"instock","10":"featured","11":"shipping-taxable","12":"product-type-simple"},"_links":{"self":[{"href":"https:\/\/istanbulstroller.com\/fr\/wp-json\/wp\/v2\/product\/6181","targetHints":{"allow":["GET"]}}],"collection":[{"href":"https:\/\/istanbulstroller.com\/fr\/wp-json\/wp\/v2\/product"}],"about":[{"href":"https:\/\/istanbulstroller.com\/fr\/wp-json\/wp\/v2\/types\/product"}],"replies":[{"embeddable":true,"href":"https:\/\/istanbulstroller.com\/fr\/wp-json\/wp\/v2\/comments?post=6181"}],"version-history":[{"count":0,"href":"https:\/\/istanbulstroller.com\/fr\/wp-json\/wp\/v2\/product\/6181\/revisions"}],"wp:featuredmedia":[{"embeddable":true,"href":"https:\/\/istanbulstroller.com\/fr\/wp-json\/wp\/v2\/media\/6186"}],"wp:attachment":[{"href":"https:\/\/istanbulstroller.com\/fr\/wp-json\/wp\/v2\/media?parent=6181"}],"wp:term":[{"taxonomy":"product_brand","embeddable":true,"href":"https:\/\/istanbulstroller.com\/fr\/wp-json\/wp\/v2\/product_brand?post=6181"},{"taxonomy":"product_cat","embeddable":true,"href":"https:\/\/istanbulstroller.com\/fr\/wp-json\/wp\/v2\/product_cat?post=6181"},{"taxonomy":"product_tag","embeddable":true,"href":"https:\/\/istanbulstroller.com\/fr\/wp-json\/wp\/v2\/product_tag?post=6181"}],"curies":[{"name":"wp","href":"https:\/\/api.w.org\/{rel}","templated":true}]}}