{"id":6200,"date":"2026-03-18T14:47:25","date_gmt":"2026-03-18T14:47:25","guid":{"rendered":"https:\/\/istanbulstroller.com\/product\/poussette-yoyko-elegance-travel-system\/"},"modified":"2026-03-18T14:47:25","modified_gmt":"2026-03-18T14:47:25","slug":"poussette-yoyko-elegance-travel-system","status":"publish","type":"product","link":"https:\/\/istanbulstroller.com\/fr\/produit\/poussette-yoyko-elegance-travel-system\/","title":{"rendered":"Poussette Yoyko Elegance Travel System"},"content":{"rendered":"<h2 data-path-to-node=\"0\">Yoyko Elegance Travel System &#8211; Versatile Comfort<\/h2>\n<p data-path-to-node=\"1\">Louez le syst\u00e8me de voyage <b data-path-to-node=\"1\" data-index-in-node=\"9\">Yoyko Elegance<\/b> pour b\u00e9n\u00e9ficier d&rsquo;une solution performante et \u00e9l\u00e9gante qui s&rsquo;adapte \u00e0 chaque \u00e9tape de la croissance de votre b\u00e9b\u00e9. Cette poussette multifonctionnelle est dot\u00e9e d&rsquo;un ch\u00e2ssis en aluminium au design en Z unique, \u00e0 la fois l\u00e9ger et r\u00e9sistant, pouvant supporter jusqu&rsquo;\u00e0 25 kg. Le si\u00e8ge r\u00e9versible se transforme facilement en une nacelle douillette pour les nouveau-n\u00e9s et comprend un si\u00e8ge auto compatible du groupe 0+, pour des transitions en toute fluidit\u00e9 de la voiture au trottoir. Avec ses grandes roues arri\u00e8re anti-crevaison, sa suspension avanc\u00e9e et son guidon ergonomique r\u00e9glable, <b data-path-to-node=\"1\" data-index-in-node=\"154\">cette poussette<\/b> garantit une exp\u00e9rience fluide et confortable pour les parents comme pour l&rsquo;enfant, quel que soit le terrain.   <\/p>\n","protected":false},"excerpt":{"rendered":"<p>Louez le syst\u00e8me de voyage <b data-path-to-node=\"1\" data-index-in-node=\"9\">Yoyko Elegance<\/b> pour b\u00e9n\u00e9ficier d&rsquo;une solution performante et \u00e9l\u00e9gante qui s&rsquo;adapte \u00e0 chaque \u00e9tape de la croissance de votre b\u00e9b\u00e9.<\/p>\n","protected":false},"featured_media":6206,"comment_status":"closed","ping_status":"closed","template":"","meta":[],"product_brand":[],"product_cat":[416],"product_tag":[],"class_list":{"0":"post-6200","1":"product","2":"type-product","3":"status-publish","4":"has-post-thumbnail","6":"product_cat-poussette-de-voyage","8":"first","9":"instock","10":"featured","11":"shipping-taxable","12":"product-type-simple"},"_links":{"self":[{"href":"https:\/\/istanbulstroller.com\/fr\/wp-json\/wp\/v2\/product\/6200","targetHints":{"allow":["GET"]}}],"collection":[{"href":"https:\/\/istanbulstroller.com\/fr\/wp-json\/wp\/v2\/product"}],"about":[{"href":"https:\/\/istanbulstroller.com\/fr\/wp-json\/wp\/v2\/types\/product"}],"replies":[{"embeddable":true,"href":"https:\/\/istanbulstroller.com\/fr\/wp-json\/wp\/v2\/comments?post=6200"}],"version-history":[{"count":0,"href":"https:\/\/istanbulstroller.com\/fr\/wp-json\/wp\/v2\/product\/6200\/revisions"}],"wp:featuredmedia":[{"embeddable":true,"href":"https:\/\/istanbulstroller.com\/fr\/wp-json\/wp\/v2\/media\/6206"}],"wp:attachment":[{"href":"https:\/\/istanbulstroller.com\/fr\/wp-json\/wp\/v2\/media?parent=6200"}],"wp:term":[{"taxonomy":"product_brand","embeddable":true,"href":"https:\/\/istanbulstroller.com\/fr\/wp-json\/wp\/v2\/product_brand?post=6200"},{"taxonomy":"product_cat","embeddable":true,"href":"https:\/\/istanbulstroller.com\/fr\/wp-json\/wp\/v2\/product_cat?post=6200"},{"taxonomy":"product_tag","embeddable":true,"href":"https:\/\/istanbulstroller.com\/fr\/wp-json\/wp\/v2\/product_tag?post=6200"}],"curies":[{"name":"wp","href":"https:\/\/api.w.org\/{rel}","templated":true}]}}