{"id":6214,"date":"2026-03-15T14:25:35","date_gmt":"2026-03-15T14:25:35","guid":{"rendered":"https:\/\/istanbulstroller.com\/product\/poussette-double-peg-perego-book-for-two\/"},"modified":"2026-03-15T14:25:35","modified_gmt":"2026-03-15T14:25:35","slug":"poussette-double-peg-perego-book-for-two","status":"publish","type":"product","link":"https:\/\/istanbulstroller.com\/fr\/produit\/poussette-double-peg-perego-book-for-two\/","title":{"rendered":"Poussette double Peg Perego Book For Two"},"content":{"rendered":"<h2 data-path-to-node=\"0\">Peg Perego Book For Two &#8211; L&rsquo;\u00e9l\u00e9gance \u00e0 l&rsquo;italienne<\/h2>\n<p data-path-to-node=\"1\">Louez la poussette <b data-path-to-node=\"1\" data-index-in-node=\"9\">Peg Perego Book For Two<\/b> pour profiter d&rsquo;une exp\u00e9rience de promenade haut de gamme et performante avec vos jumeaux ou vos enfants d&rsquo;\u00e2ges diff\u00e9rents. Cette poussette double de fabrication italienne est \u00e9quip\u00e9e du syst\u00e8me de roues innovant<b data-path-to-node=\"1\" data-index-in-node=\"151\"> \u00ab Soft Ride \u00bb<\/b> et de roues avant \u00e0 roulements \u00e0 billes, ce qui vous permet de man\u0153uvrer sans effort sur n&rsquo;importe quelle surface, avec 30 % d&rsquo;effort en moins.  Le ch\u00e2ssis l\u00e9ger en aluminium, associ\u00e9 \u00e0 des dossiers et des repose-pieds r\u00e9glables ind\u00e9pendamment, garantit \u00e0 chaque enfant un confort sur mesure tout au long du trajet. Gr\u00e2ce \u00e0 son syst\u00e8me de pliage compact et \u00e0 sa poign\u00e9e de transport lat\u00e9rale pratique, cette poussette double constitue un choix de location haut de gamme pour les familles qui ne font aucun compromis sur la qualit\u00e9 et la facilit\u00e9 d&rsquo;utilisation. <\/p>\n","protected":false},"excerpt":{"rendered":"<p>Louez la poussette <b data-path-to-node=\"1\" data-index-in-node=\"9\">Peg Perego Book For Two<\/b> pour profiter d&rsquo;une exp\u00e9rience de promenade haut de gamme et performante avec vos jumeaux ou vos enfants d&rsquo;\u00e2ges diff\u00e9rents. Cette poussette double de fabrication italienne est \u00e9quip\u00e9e du syst\u00e8me de roues innovant<b data-path-to-node=\"1\" data-index-in-node=\"151\"> \u00ab Soft Ride \u00bb<\/b> et de roues avant \u00e0 roulements \u00e0 billes, ce qui vous permet de man\u0153uvrer sans effort sur n&rsquo;importe quelle surface, avec 30 % d&rsquo;effort en moins. <\/p>\n","protected":false},"featured_media":6229,"comment_status":"open","ping_status":"closed","template":"","meta":[],"product_brand":[],"product_cat":[415],"product_tag":[],"class_list":{"0":"post-6214","1":"product","2":"type-product","3":"status-publish","4":"has-post-thumbnail","6":"product_cat-poussette-double","8":"first","9":"instock","10":"shipping-taxable","11":"product-type-simple"},"_links":{"self":[{"href":"https:\/\/istanbulstroller.com\/fr\/wp-json\/wp\/v2\/product\/6214","targetHints":{"allow":["GET"]}}],"collection":[{"href":"https:\/\/istanbulstroller.com\/fr\/wp-json\/wp\/v2\/product"}],"about":[{"href":"https:\/\/istanbulstroller.com\/fr\/wp-json\/wp\/v2\/types\/product"}],"replies":[{"embeddable":true,"href":"https:\/\/istanbulstroller.com\/fr\/wp-json\/wp\/v2\/comments?post=6214"}],"version-history":[{"count":0,"href":"https:\/\/istanbulstroller.com\/fr\/wp-json\/wp\/v2\/product\/6214\/revisions"}],"wp:featuredmedia":[{"embeddable":true,"href":"https:\/\/istanbulstroller.com\/fr\/wp-json\/wp\/v2\/media\/6229"}],"wp:attachment":[{"href":"https:\/\/istanbulstroller.com\/fr\/wp-json\/wp\/v2\/media?parent=6214"}],"wp:term":[{"taxonomy":"product_brand","embeddable":true,"href":"https:\/\/istanbulstroller.com\/fr\/wp-json\/wp\/v2\/product_brand?post=6214"},{"taxonomy":"product_cat","embeddable":true,"href":"https:\/\/istanbulstroller.com\/fr\/wp-json\/wp\/v2\/product_cat?post=6214"},{"taxonomy":"product_tag","embeddable":true,"href":"https:\/\/istanbulstroller.com\/fr\/wp-json\/wp\/v2\/product_tag?post=6214"}],"curies":[{"name":"wp","href":"https:\/\/api.w.org\/{rel}","templated":true}]}}