{"id":6230,"date":"2026-03-15T14:16:41","date_gmt":"2026-03-15T14:16:41","guid":{"rendered":"https:\/\/istanbulstroller.com\/product\/poussette-double-baby2go-avangarde\/"},"modified":"2026-03-15T14:16:41","modified_gmt":"2026-03-15T14:16:41","slug":"poussette-double-baby2go-avangarde","status":"publish","type":"product","link":"https:\/\/istanbulstroller.com\/fr\/produit\/poussette-double-baby2go-avangarde\/","title":{"rendered":"Poussette double Baby2Go Avangarde"},"content":{"rendered":"<h2 data-path-to-node=\"0\">Poussette double Baby2Go Avangarde &#8211; Une mobilit\u00e9 sans effort<\/h2>\n<p data-path-to-node=\"1\">Louez la poussette double <b data-path-to-node=\"1\" data-index-in-node=\"9\">Baby2Go Avangarde<\/b> pour voyager en tout confort et en toute praticit\u00e9 avec vos jumeaux ou vos deux jeunes enfants. Cette poussette double haut de gamme est dot\u00e9e d&rsquo;un ch\u00e2ssis l\u00e9ger et compact qui passe par les portes standard, vous permettant ainsi de vous d\u00e9placer facilement dans les rues anim\u00e9es et les centres commerciaux. Chaque si\u00e8ge offre des positions d&rsquo;inclinaison ind\u00e9pendantes et des repose-pieds r\u00e9glables pour assurer le confort des deux passagers lors de longues promenades. Avec son syst\u00e8me de roues robustes et son panier de rangement spacieux, cette poussette double est le choix id\u00e9al pour les familles en d\u00e9placement. Son m\u00e9canisme de pliage \u00e0 une main la rend incroyablement pratique pour le rangement dans les coffres de voiture ou les couloirs \u00e9troits.    <\/p>\n","protected":false},"excerpt":{"rendered":"<p>Louez la poussette double <b data-path-to-node=\"1\" data-index-in-node=\"9\">Baby2Go Avangarde<\/b> pour voyager en tout confort et en toute praticit\u00e9 avec vos jumeaux ou vos deux jeunes enfants.<\/p>\n","protected":false},"featured_media":6231,"comment_status":"open","ping_status":"closed","template":"","meta":[],"product_brand":[],"product_cat":[415],"product_tag":[],"class_list":{"0":"post-6230","1":"product","2":"type-product","3":"status-publish","4":"has-post-thumbnail","6":"product_cat-poussette-double","8":"first","9":"instock","10":"shipping-taxable","11":"product-type-simple"},"_links":{"self":[{"href":"https:\/\/istanbulstroller.com\/fr\/wp-json\/wp\/v2\/product\/6230","targetHints":{"allow":["GET"]}}],"collection":[{"href":"https:\/\/istanbulstroller.com\/fr\/wp-json\/wp\/v2\/product"}],"about":[{"href":"https:\/\/istanbulstroller.com\/fr\/wp-json\/wp\/v2\/types\/product"}],"replies":[{"embeddable":true,"href":"https:\/\/istanbulstroller.com\/fr\/wp-json\/wp\/v2\/comments?post=6230"}],"version-history":[{"count":0,"href":"https:\/\/istanbulstroller.com\/fr\/wp-json\/wp\/v2\/product\/6230\/revisions"}],"wp:featuredmedia":[{"embeddable":true,"href":"https:\/\/istanbulstroller.com\/fr\/wp-json\/wp\/v2\/media\/6231"}],"wp:attachment":[{"href":"https:\/\/istanbulstroller.com\/fr\/wp-json\/wp\/v2\/media?parent=6230"}],"wp:term":[{"taxonomy":"product_brand","embeddable":true,"href":"https:\/\/istanbulstroller.com\/fr\/wp-json\/wp\/v2\/product_brand?post=6230"},{"taxonomy":"product_cat","embeddable":true,"href":"https:\/\/istanbulstroller.com\/fr\/wp-json\/wp\/v2\/product_cat?post=6230"},{"taxonomy":"product_tag","embeddable":true,"href":"https:\/\/istanbulstroller.com\/fr\/wp-json\/wp\/v2\/product_tag?post=6230"}],"curies":[{"name":"wp","href":"https:\/\/api.w.org\/{rel}","templated":true}]}}