{"id":6237,"date":"2025-03-23T14:47:27","date_gmt":"2025-03-23T14:47:27","guid":{"rendered":"https:\/\/istanbulstroller.com\/product\/poussette-maclaren-quest-arc-noire-a-motif-chevrons\/"},"modified":"2025-03-23T14:47:27","modified_gmt":"2025-03-23T14:47:27","slug":"poussette-maclaren-quest-arc-noire-a-motif-chevrons","status":"publish","type":"product","link":"https:\/\/istanbulstroller.com\/fr\/produit\/poussette-maclaren-quest-arc-noire-a-motif-chevrons\/","title":{"rendered":"Poussette Maclaren Quest Arc noire \u00e0 motif chevrons"},"content":{"rendered":"<h2 data-path-to-node=\"0\">Maclaren Quest Arc &#8211; Poussette de voyage haut de gamme et l\u00e9g\u00e8re<\/h2>\n<p data-path-to-node=\"1\">Louez la poussette <b data-path-to-node=\"1\" data-index-in-node=\"9\">Maclaren Quest<\/b> Arc dans son \u00e9l\u00e9gant motif <b data-path-to-node=\"1\" data-index-in-node=\"80\">\u00ab Black Herringbone \u00bb<\/b> pour profiter d&rsquo;une poussette haut de gamme adapt\u00e9e aux enfants de la naissance jusqu&rsquo;\u00e0 <b data-path-to-node=\"1\" data-index-in-node=\"172\">25 kg<\/b>. Cette poussette l\u00e9g\u00e8re de 6,1 kg est dot\u00e9e d&rsquo;un ch\u00e2ssis en aluminium haut de gamme et d&rsquo;un si\u00e8ge inclinable \u00e0 4 positions, avec un mode enti\u00e8rement \u00e0 plat pour un confort maximal. Con\u00e7ue pour plus de praticit\u00e9, elle se plie en seulement 5 secondes et est \u00e9quip\u00e9e d&rsquo;une sangle de transport pratique pour la porter facilement \u00e0 l&rsquo;\u00e9paule. Gr\u00e2ce \u00e0 sa suspension int\u00e9grale et \u00e0 sa capote imperm\u00e9able avec indice UPF 50+, cette poussette garantit \u00e0 votre tout-petit une balade en douceur, en toute s\u00e9curit\u00e9 et dans un environnement a\u00e9r\u00e9, quel que soit le terrain.   <\/p>\n","protected":false},"excerpt":{"rendered":"<p>Louez la poussette <b data-path-to-node=\"1\" data-index-in-node=\"9\">Maclaren Quest<\/b> Arc dans son \u00e9l\u00e9gant motif \u00e0 chevrons noir pour profiter d&rsquo;une poussette haut de gamme adapt\u00e9e aux enfants de la naissance jusqu&rsquo;\u00e0 <b data-path-to-node=\"1\" data-index-in-node=\"80\">25 kg<\/b>. Cette poussette l\u00e9g\u00e8re de <b data-path-to-node=\"1\" data-index-in-node=\"172\">6,1 kg<\/b> <\/p>\n","protected":false},"featured_media":6242,"comment_status":"closed","ping_status":"closed","template":"","meta":[],"product_brand":[],"product_cat":[414,416],"product_tag":[],"class_list":{"0":"post-6237","1":"product","2":"type-product","3":"status-publish","4":"has-post-thumbnail","6":"product_cat-poussette","7":"product_cat-poussette-de-voyage","9":"first","10":"instock","11":"shipping-taxable","12":"product-type-simple"},"_links":{"self":[{"href":"https:\/\/istanbulstroller.com\/fr\/wp-json\/wp\/v2\/product\/6237","targetHints":{"allow":["GET"]}}],"collection":[{"href":"https:\/\/istanbulstroller.com\/fr\/wp-json\/wp\/v2\/product"}],"about":[{"href":"https:\/\/istanbulstroller.com\/fr\/wp-json\/wp\/v2\/types\/product"}],"replies":[{"embeddable":true,"href":"https:\/\/istanbulstroller.com\/fr\/wp-json\/wp\/v2\/comments?post=6237"}],"version-history":[{"count":0,"href":"https:\/\/istanbulstroller.com\/fr\/wp-json\/wp\/v2\/product\/6237\/revisions"}],"wp:featuredmedia":[{"embeddable":true,"href":"https:\/\/istanbulstroller.com\/fr\/wp-json\/wp\/v2\/media\/6242"}],"wp:attachment":[{"href":"https:\/\/istanbulstroller.com\/fr\/wp-json\/wp\/v2\/media?parent=6237"}],"wp:term":[{"taxonomy":"product_brand","embeddable":true,"href":"https:\/\/istanbulstroller.com\/fr\/wp-json\/wp\/v2\/product_brand?post=6237"},{"taxonomy":"product_cat","embeddable":true,"href":"https:\/\/istanbulstroller.com\/fr\/wp-json\/wp\/v2\/product_cat?post=6237"},{"taxonomy":"product_tag","embeddable":true,"href":"https:\/\/istanbulstroller.com\/fr\/wp-json\/wp\/v2\/product_tag?post=6237"}],"curies":[{"name":"wp","href":"https:\/\/api.w.org\/{rel}","templated":true}]}}