{"id":6250,"date":"2025-08-18T14:47:27","date_gmt":"2025-08-18T14:47:27","guid":{"rendered":"https:\/\/istanbulstroller.com\/product\/maxi-cosi-dove-pro-cloudsoft\/"},"modified":"2025-08-18T14:47:27","modified_gmt":"2025-08-18T14:47:27","slug":"maxi-cosi-dove-pro-cloudsoft","status":"publish","type":"product","link":"https:\/\/istanbulstroller.com\/fr\/produit\/maxi-cosi-dove-pro-cloudsoft\/","title":{"rendered":"Maxi-Cosi Dove Pro Cloudsoft"},"content":{"rendered":"<h2 data-path-to-node=\"0\">Maxi-Cosi Kori &#8211; Transat et si\u00e8ge 2-en-1<\/h2>\n<p data-path-to-node=\"1\">Louez le <b data-path-to-node=\"1\" data-index-in-node=\"9\">Maxi-Cosi Kori <\/b>(pr\u00e9sent\u00e9 ici dans la finition haut de gamme <b data-path-to-node=\"1\" data-index-in-node=\"148\">Cloudsoft<\/b>) pour une solution minimaliste et \u00e9l\u00e9gante qui apaisera votre b\u00e9b\u00e9. Ce transat et balancelle l\u00e9ger est con\u00e7u pour les int\u00e9rieurs modernes, offrant une transition en douceur entre un l\u00e9ger balancement et une position assise fixe. Adapt\u00e9 d\u00e8s la naissance jusqu&rsquo;\u00e0 9 kg, il est \u00e9quip\u00e9 d&rsquo;un insert pour nouveau-n\u00e9 ultra-doux de haute qualit\u00e9 et dispose de trois positions de hauteur diff\u00e9rentes, r\u00e9glables d&rsquo;une seule main. Sa finition \u00e9l\u00e9gante effet bois et ses tissus haut de gamme en font un magnifique atout pour n&rsquo;importe quelle pi\u00e8ce, tandis que son design pliable \u00e0 plat permet de le ranger facilement lorsqu&rsquo;il n&rsquo;est pas utilis\u00e9.   <\/p>\n","protected":false},"excerpt":{"rendered":"<p>Louez le <b data-path-to-node=\"1\" data-index-in-node=\"9\">Maxi-Cosi Kori<\/b> (pr\u00e9sent\u00e9 ici dans la finition haut de gamme Cloudsoft) pour une solution minimaliste et \u00e9l\u00e9gante qui apaisera votre b\u00e9b\u00e9.<\/p>\n","protected":false},"featured_media":6256,"comment_status":"closed","ping_status":"closed","template":"","meta":[],"product_brand":[],"product_cat":[417,411],"product_tag":[],"class_list":{"0":"post-6250","1":"product","2":"type-product","3":"status-publish","4":"has-post-thumbnail","6":"product_cat-balancoire-pour-bebe","7":"product_cat-transat-pour-bebe","9":"first","10":"instock","11":"shipping-taxable","12":"product-type-simple"},"_links":{"self":[{"href":"https:\/\/istanbulstroller.com\/fr\/wp-json\/wp\/v2\/product\/6250","targetHints":{"allow":["GET"]}}],"collection":[{"href":"https:\/\/istanbulstroller.com\/fr\/wp-json\/wp\/v2\/product"}],"about":[{"href":"https:\/\/istanbulstroller.com\/fr\/wp-json\/wp\/v2\/types\/product"}],"replies":[{"embeddable":true,"href":"https:\/\/istanbulstroller.com\/fr\/wp-json\/wp\/v2\/comments?post=6250"}],"version-history":[{"count":0,"href":"https:\/\/istanbulstroller.com\/fr\/wp-json\/wp\/v2\/product\/6250\/revisions"}],"wp:featuredmedia":[{"embeddable":true,"href":"https:\/\/istanbulstroller.com\/fr\/wp-json\/wp\/v2\/media\/6256"}],"wp:attachment":[{"href":"https:\/\/istanbulstroller.com\/fr\/wp-json\/wp\/v2\/media?parent=6250"}],"wp:term":[{"taxonomy":"product_brand","embeddable":true,"href":"https:\/\/istanbulstroller.com\/fr\/wp-json\/wp\/v2\/product_brand?post=6250"},{"taxonomy":"product_cat","embeddable":true,"href":"https:\/\/istanbulstroller.com\/fr\/wp-json\/wp\/v2\/product_cat?post=6250"},{"taxonomy":"product_tag","embeddable":true,"href":"https:\/\/istanbulstroller.com\/fr\/wp-json\/wp\/v2\/product_tag?post=6250"}],"curies":[{"name":"wp","href":"https:\/\/api.w.org\/{rel}","templated":true}]}}