{"id":6257,"date":"2026-03-02T14:47:27","date_gmt":"2026-03-02T14:47:27","guid":{"rendered":"https:\/\/istanbulstroller.com\/product\/lit-dappoint-chicco-next-2me\/"},"modified":"2026-03-02T14:47:27","modified_gmt":"2026-03-02T14:47:27","slug":"lit-dappoint-chicco-next-2me","status":"publish","type":"product","link":"https:\/\/istanbulstroller.com\/fr\/produit\/lit-dappoint-chicco-next-2me\/","title":{"rendered":"Lit d&rsquo;appoint Chicco Next 2Me"},"content":{"rendered":"<p>Louez le Chicco <b data-path-to-node=\"1\" data-index-in-node=\"9\">Next2Me Magic Evo<\/b> pour une exp\u00e9rience de sommeil au chevet de votre enfant <b data-path-to-node=\"1\" data-index-in-node=\"93\">inigualable<\/b>. Ce lit b\u00e9b\u00e9 haut de gamme est dot\u00e9 d&rsquo;un panneau lat\u00e9ral coulissant pratique, actionnable d&rsquo;une seule main, ainsi que d&rsquo;un mode de balancement apaisant pour aider votre tout-petit \u00e0 s&rsquo;endormir. Avec ses 11 r\u00e9glages en hauteur et sa maille 3D favorisant la circulation de l&rsquo;air, il garantit une nuit s\u00fbre, fra\u00eeche et confortable. \u00c9quip\u00e9 de 4 roulettes pour une grande mobilit\u00e9, <b data-path-to-node=\"1\" data-index-in-node=\"170\">ce lit b\u00e9b\u00e9 est la solution<\/b> id\u00e9ale pour les parents modernes en qu\u00eate de confort et de flexibilit\u00e9.   <\/p>\n","protected":false},"excerpt":{"rendered":"<p>Louez le <b data-path-to-node=\"1\" data-index-in-node=\"9\">Chicco Next2Me Magic Evo<\/b> pour une exp\u00e9rience de sommeil au chevet de votre enfant inimit\u00e9e<\/p>\n","protected":false},"featured_media":6263,"comment_status":"open","ping_status":"closed","template":"","meta":[],"product_brand":[],"product_cat":[418],"product_tag":[],"class_list":{"0":"post-6257","1":"product","2":"type-product","3":"status-publish","4":"has-post-thumbnail","6":"product_cat-lit-bebe","8":"first","9":"instock","10":"shipping-taxable","11":"product-type-simple"},"_links":{"self":[{"href":"https:\/\/istanbulstroller.com\/fr\/wp-json\/wp\/v2\/product\/6257","targetHints":{"allow":["GET"]}}],"collection":[{"href":"https:\/\/istanbulstroller.com\/fr\/wp-json\/wp\/v2\/product"}],"about":[{"href":"https:\/\/istanbulstroller.com\/fr\/wp-json\/wp\/v2\/types\/product"}],"replies":[{"embeddable":true,"href":"https:\/\/istanbulstroller.com\/fr\/wp-json\/wp\/v2\/comments?post=6257"}],"version-history":[{"count":0,"href":"https:\/\/istanbulstroller.com\/fr\/wp-json\/wp\/v2\/product\/6257\/revisions"}],"wp:featuredmedia":[{"embeddable":true,"href":"https:\/\/istanbulstroller.com\/fr\/wp-json\/wp\/v2\/media\/6263"}],"wp:attachment":[{"href":"https:\/\/istanbulstroller.com\/fr\/wp-json\/wp\/v2\/media?parent=6257"}],"wp:term":[{"taxonomy":"product_brand","embeddable":true,"href":"https:\/\/istanbulstroller.com\/fr\/wp-json\/wp\/v2\/product_brand?post=6257"},{"taxonomy":"product_cat","embeddable":true,"href":"https:\/\/istanbulstroller.com\/fr\/wp-json\/wp\/v2\/product_cat?post=6257"},{"taxonomy":"product_tag","embeddable":true,"href":"https:\/\/istanbulstroller.com\/fr\/wp-json\/wp\/v2\/product_tag?post=6257"}],"curies":[{"name":"wp","href":"https:\/\/api.w.org\/{rel}","templated":true}]}}