{"id":6264,"date":"2026-03-15T13:59:54","date_gmt":"2026-03-15T13:59:54","guid":{"rendered":"https:\/\/istanbulstroller.com\/product\/babybjorn-balance-soft-woven\/"},"modified":"2026-03-15T13:59:54","modified_gmt":"2026-03-15T13:59:54","slug":"babybjorn-balance-soft-woven","status":"publish","type":"product","link":"https:\/\/istanbulstroller.com\/fr\/produit\/babybjorn-balance-soft-woven\/","title":{"rendered":"BabyBj\u00f6rn Balance Soft Woven"},"content":{"rendered":"<h2 data-path-to-node=\"0\">Transat BabyBj\u00f6rn Bliss &#8211; Louez-le pour plus de confort<\/h2>\n<p data-path-to-node=\"1\">D\u00e9couvrez un confort ergonomique optimal en louant le transat <b data-path-to-node=\"1\" data-index-in-node=\"57\">BabyBj\u00f6rn Bouncer Bliss<\/b>, con\u00e7u pour soutenir parfaitement la t\u00eate, la nuque et le dos de votre b\u00e9b\u00e9. Ce transat l\u00e9ger offre un balancement naturel aliment\u00e9 par les mouvements de votre enfant, ce qui favorise le d\u00e9veloppement de sa motricit\u00e9 sans avoir besoin de piles. Fabriqu\u00e9 \u00e0 partir de tissus certifi\u00e9s <b data-path-to-node=\"1\" data-index-in-node=\"163\">Oeko-Tex<\/b>, il offre \u00e0 votre tout-petit un environnement s\u00fbr et respirant pour se reposer ou jouer. Gr\u00e2ce \u00e0 son design compact et pliable, ce transat est facile \u00e0 transporter et id\u00e9al aussi bien pour un usage \u00e0 domicile qu&rsquo;en voyage. C&rsquo;est la solution d&rsquo;assise flexible parfaite qui grandit avec votre enfant, de la naissance jusqu&rsquo;\u00e0 l&rsquo;\u00e2ge de deux ans.    <\/p>\n","protected":false},"excerpt":{"rendered":"<p>D\u00e9couvrez un confort ergonomique optimal en louant le transat <b data-path-to-node=\"1\" data-index-in-node=\"57\">BabyBj\u00f6rn Bouncer Bliss<\/b>, con\u00e7u pour soutenir parfaitement la t\u00eate, la nuque et le dos de votre b\u00e9b\u00e9.<\/p>\n","protected":false},"featured_media":6265,"comment_status":"open","ping_status":"closed","template":"","meta":[],"product_brand":[],"product_cat":[417,411],"product_tag":[],"class_list":{"0":"post-6264","1":"product","2":"type-product","3":"status-publish","4":"has-post-thumbnail","6":"product_cat-balancoire-pour-bebe","7":"product_cat-transat-pour-bebe","9":"first","10":"instock","11":"shipping-taxable","12":"product-type-simple"},"_links":{"self":[{"href":"https:\/\/istanbulstroller.com\/fr\/wp-json\/wp\/v2\/product\/6264","targetHints":{"allow":["GET"]}}],"collection":[{"href":"https:\/\/istanbulstroller.com\/fr\/wp-json\/wp\/v2\/product"}],"about":[{"href":"https:\/\/istanbulstroller.com\/fr\/wp-json\/wp\/v2\/types\/product"}],"replies":[{"embeddable":true,"href":"https:\/\/istanbulstroller.com\/fr\/wp-json\/wp\/v2\/comments?post=6264"}],"version-history":[{"count":0,"href":"https:\/\/istanbulstroller.com\/fr\/wp-json\/wp\/v2\/product\/6264\/revisions"}],"wp:featuredmedia":[{"embeddable":true,"href":"https:\/\/istanbulstroller.com\/fr\/wp-json\/wp\/v2\/media\/6265"}],"wp:attachment":[{"href":"https:\/\/istanbulstroller.com\/fr\/wp-json\/wp\/v2\/media?parent=6264"}],"wp:term":[{"taxonomy":"product_brand","embeddable":true,"href":"https:\/\/istanbulstroller.com\/fr\/wp-json\/wp\/v2\/product_brand?post=6264"},{"taxonomy":"product_cat","embeddable":true,"href":"https:\/\/istanbulstroller.com\/fr\/wp-json\/wp\/v2\/product_cat?post=6264"},{"taxonomy":"product_tag","embeddable":true,"href":"https:\/\/istanbulstroller.com\/fr\/wp-json\/wp\/v2\/product_tag?post=6264"}],"curies":[{"name":"wp","href":"https:\/\/api.w.org\/{rel}","templated":true}]}}