{"id":6272,"date":"2026-03-13T09:45:38","date_gmt":"2026-03-13T09:45:38","guid":{"rendered":"https:\/\/istanbulstroller.com\/product\/mamaroo-4-0-app-baby-seat\/"},"modified":"2026-03-13T09:45:38","modified_gmt":"2026-03-13T09:45:38","slug":"mamaroo-4-0-app-baby-seat","status":"publish","type":"product","link":"https:\/\/istanbulstroller.com\/fr\/produit\/mamaroo-4-0-app-baby-seat\/","title":{"rendered":"Mamaroo 4.0 App Baby Seat"},"content":{"rendered":"<p>Con\u00e7ue pour imiter les mouvements des parents, la balancelle pour b\u00e9b\u00e9 Mamaroo 4.0 vous permettra de faire plaisir \u00e0 votre b\u00e9b\u00e9 tout en vous offrant une tranquillit\u00e9 d&rsquo;esprit ! Destin\u00e9e aux nouveau-n\u00e9s, cette balancelle propose plusieurs modes de balancement et des jouets plac\u00e9s \u00e0 hauteur des yeux de votre b\u00e9b\u00e9, ce qui lui permet de s&rsquo;amuser pendant que vous vaquez \u00e0 vos occupations quotidiennes. Le Mamaroo est con\u00e7u pour \u00eatre utilis\u00e9 \u00e0 partir de la 8e semaine. Pour les b\u00e9b\u00e9s de moins de 8 semaines, les jouets sont plac\u00e9s \u00e0 hauteur des yeux afin qu&rsquo;ils puissent simplement les observer. Apr\u00e8s 8 semaines, les b\u00e9b\u00e9s peuvent jouer avec les jouets et d\u00e9velopper leurs capacit\u00e9s visuelles. Les jouets sont amovibles et lavables, ce qui les rend extr\u00eamement hygi\u00e9niques. Ce produit est \u00e9galement respectueux de l&rsquo;environnement, car il fonctionne \u00e0 l&rsquo;\u00e9lectricit\u00e9 plut\u00f4t qu&rsquo;\u00e0 piles.      <\/p>\n","protected":false},"excerpt":{"rendered":"<p>Avec la balancelle pour b\u00e9b\u00e9 Mamaroo 4.0 App, con\u00e7ue pour imiter les mouvements de maman et papa, votre b\u00e9b\u00e9 sera heureux et vous aurez l&rsquo;esprit tranquille !<\/p>\n","protected":false},"featured_media":6276,"comment_status":"open","ping_status":"closed","template":"","meta":[],"product_brand":[],"product_cat":[417,411],"product_tag":[],"class_list":{"0":"post-6272","1":"product","2":"type-product","3":"status-publish","4":"has-post-thumbnail","6":"product_cat-balancoire-pour-bebe","7":"product_cat-transat-pour-bebe","9":"first","10":"instock","11":"shipping-taxable","12":"product-type-simple"},"_links":{"self":[{"href":"https:\/\/istanbulstroller.com\/fr\/wp-json\/wp\/v2\/product\/6272","targetHints":{"allow":["GET"]}}],"collection":[{"href":"https:\/\/istanbulstroller.com\/fr\/wp-json\/wp\/v2\/product"}],"about":[{"href":"https:\/\/istanbulstroller.com\/fr\/wp-json\/wp\/v2\/types\/product"}],"replies":[{"embeddable":true,"href":"https:\/\/istanbulstroller.com\/fr\/wp-json\/wp\/v2\/comments?post=6272"}],"version-history":[{"count":0,"href":"https:\/\/istanbulstroller.com\/fr\/wp-json\/wp\/v2\/product\/6272\/revisions"}],"wp:featuredmedia":[{"embeddable":true,"href":"https:\/\/istanbulstroller.com\/fr\/wp-json\/wp\/v2\/media\/6276"}],"wp:attachment":[{"href":"https:\/\/istanbulstroller.com\/fr\/wp-json\/wp\/v2\/media?parent=6272"}],"wp:term":[{"taxonomy":"product_brand","embeddable":true,"href":"https:\/\/istanbulstroller.com\/fr\/wp-json\/wp\/v2\/product_brand?post=6272"},{"taxonomy":"product_cat","embeddable":true,"href":"https:\/\/istanbulstroller.com\/fr\/wp-json\/wp\/v2\/product_cat?post=6272"},{"taxonomy":"product_tag","embeddable":true,"href":"https:\/\/istanbulstroller.com\/fr\/wp-json\/wp\/v2\/product_tag?post=6272"}],"curies":[{"name":"wp","href":"https:\/\/api.w.org\/{rel}","templated":true}]}}