{"id":6281,"date":"2026-03-13T09:22:36","date_gmt":"2026-03-13T09:22:36","guid":{"rendered":"https:\/\/istanbulstroller.com\/product\/siege-bebe-mamaroo-5-0-app\/"},"modified":"2026-03-13T09:22:36","modified_gmt":"2026-03-13T09:22:36","slug":"siege-bebe-mamaroo-5-0-app","status":"publish","type":"product","link":"https:\/\/istanbulstroller.com\/fr\/produit\/siege-bebe-mamaroo-5-0-app\/","title":{"rendered":"Si\u00e8ge b\u00e9b\u00e9 Mamaroo 5.0 App"},"content":{"rendered":"<h2 data-path-to-node=\"0\">4moms MamaRoo 5.0 &#8211; La balancelle pour b\u00e9b\u00e9 aux mouvements multiples par excellence<\/h2>\n<p data-path-to-node=\"1\">Louez la <b data-path-to-node=\"1\" data-index-in-node=\"9\">4moms MamaRoo 5.0<\/b>, la balancelle pour b\u00e9b\u00e9 la plus avanc\u00e9e, con\u00e7ue pour bouger exactement comme vous. Dot\u00e9e de cinq mouvements uniques \u2014 \u00ab balade en voiture \u00bb, \u00ab kangourou \u00bb, \u00ab balan\u00e7oire dans les arbres \u00bb, \u00ab berceuse \u00bb et <b data-path-to-node=\"1\" data-index-in-node=\"46\">\u00ab vague \u00bb <\/b>\u2014, cette balancelle intelligente imite les mouvements naturels de balancement et de bercement des parents pour apaiser et divertir votre b\u00e9b\u00e9. Gr\u00e2ce \u00e0 l&rsquo;application 4moms int\u00e9gr\u00e9e, vous pouvez r\u00e9gler le mouvement, la vitesse et le son directement depuis votre smartphone. Son design \u00e9l\u00e9gant et moderne, ainsi que ses balles interactives suspendues, en font un choix de location haut de gamme pour offrir \u00e0 votre b\u00e9b\u00e9 un confort et une exp\u00e9rience sensorielle ultimes, de la naissance jusqu&rsquo;\u00e0 <b data-path-to-node=\"1\" data-index-in-node=\"297\">11,3 kg<\/b>.   <\/p>\n","protected":false},"excerpt":{"rendered":"<p>La balancelle 4moms\u00ae mamaRoo 5.0 effectue des mouvements de haut en bas et de gauche \u00e0 droite, exactement comme le font les parents pour apaiser leurs b\u00e9b\u00e9s. Elle propose cinq mouvements distincts et cinq r\u00e9glages de vitesse, pour un total de 25 combinaisons diff\u00e9rentes. <\/p>\n","protected":false},"featured_media":6285,"comment_status":"closed","ping_status":"closed","template":"","meta":[],"product_brand":[],"product_cat":[417,411],"product_tag":[],"class_list":{"0":"post-6281","1":"product","2":"type-product","3":"status-publish","4":"has-post-thumbnail","6":"product_cat-balancoire-pour-bebe","7":"product_cat-transat-pour-bebe","9":"first","10":"instock","11":"shipping-taxable","12":"product-type-simple"},"_links":{"self":[{"href":"https:\/\/istanbulstroller.com\/fr\/wp-json\/wp\/v2\/product\/6281","targetHints":{"allow":["GET"]}}],"collection":[{"href":"https:\/\/istanbulstroller.com\/fr\/wp-json\/wp\/v2\/product"}],"about":[{"href":"https:\/\/istanbulstroller.com\/fr\/wp-json\/wp\/v2\/types\/product"}],"replies":[{"embeddable":true,"href":"https:\/\/istanbulstroller.com\/fr\/wp-json\/wp\/v2\/comments?post=6281"}],"version-history":[{"count":0,"href":"https:\/\/istanbulstroller.com\/fr\/wp-json\/wp\/v2\/product\/6281\/revisions"}],"wp:featuredmedia":[{"embeddable":true,"href":"https:\/\/istanbulstroller.com\/fr\/wp-json\/wp\/v2\/media\/6285"}],"wp:attachment":[{"href":"https:\/\/istanbulstroller.com\/fr\/wp-json\/wp\/v2\/media?parent=6281"}],"wp:term":[{"taxonomy":"product_brand","embeddable":true,"href":"https:\/\/istanbulstroller.com\/fr\/wp-json\/wp\/v2\/product_brand?post=6281"},{"taxonomy":"product_cat","embeddable":true,"href":"https:\/\/istanbulstroller.com\/fr\/wp-json\/wp\/v2\/product_cat?post=6281"},{"taxonomy":"product_tag","embeddable":true,"href":"https:\/\/istanbulstroller.com\/fr\/wp-json\/wp\/v2\/product_tag?post=6281"}],"curies":[{"name":"wp","href":"https:\/\/api.w.org\/{rel}","templated":true}]}}