{"id":5651,"date":"2026-02-20T11:03:39","date_gmt":"2026-02-20T11:03:39","guid":{"rendered":"https:\/\/istanbulstroller.com\/informativa-sulla-privacy\/"},"modified":"2026-04-13T14:35:16","modified_gmt":"2026-04-13T14:35:16","slug":"informativa-sulla-privacy","status":"publish","type":"page","link":"https:\/\/istanbulstroller.com\/it\/informativa-sulla-privacy\/","title":{"rendered":"Informativa sulla privacy"},"content":{"rendered":"\t\t<div data-elementor-type=\"wp-page\" data-elementor-id=\"5651\" class=\"elementor elementor-5651 elementor-3\">\n\t\t\t\t<div class=\"wd-negative-gap elementor-element elementor-element-7706571 e-flex e-con-boxed e-con e-parent\" data-id=\"7706571\" data-element_type=\"container\" data-e-type=\"container\">\n\t\t\t\t\t<div class=\"e-con-inner\">\n\t\t\t\t<div class=\"elementor-element elementor-element-ed3e18e elementor-widget elementor-widget-wd_text_block\" data-id=\"ed3e18e\" data-element_type=\"widget\" data-e-type=\"widget\" data-widget_type=\"wd_text_block.default\">\n\t\t\t\t<div class=\"elementor-widget-container\">\n\t\t\t\t\t\t\t<div class=\"wd-text-block reset-last-child text-left\">\n\t\t\t\n\t\t\t<h2>DATA PRIVACY AND SECURITY POLICY<\/h2>\n<p>As Moor Ya\u015fam Sa\u011fl\u0131k \u00dcr\u00fcnleri Ticaret Limited \u015eirketi (\"Our Company\"), we consider the privacy of the information of our customers and visitors who are members (\"Member\") of the <strong>istanbulbabyrental.com<\/strong> website (\"Website\") as a fundamental and primary priority. We would like to present our principles, which we have formalized into a \"Data Privacy and Security Policy\" (\"Policy\") within the scope of ensuring and protecting information security. <\/p>\n<h3>1. Scope of the Policy and General Information<\/h3>\n<p>Our Company attaches great importance to the privacy rights and the protection of its customers' information, acts in compliance with all legal regulations in this regard, and applies the principles detailed below within the scope of our Policy.<\/p>\n<p>Our Policy includes:<\/p>\n<ul>\n<li>What customer information is collected on our Website,<\/li>\n<li>For what purposes this information is collected and how it is used,<\/li>\n<li>How the information can be changed,<\/li>\n<li>Our customers' preferences regarding communication and how they can change them,<\/li>\n<li>How the information is secured,<\/li>\n<li>The rights of our customers regarding the protection of their information, etc.<\/li>\n<\/ul>\n<h3>1.1. Collected Information<\/h3>\n<p>If you subscribe to our e-newsletters announcing our services and campaigns, become a member of our Website and give your consent, or use our services without becoming a member, we will need some of your personal information such as your name, surname, e-mail address, phone number, gender, date of birth, rental details, visit details, billing and delivery addresses in order to serve you better. Apart from this information, aggregate statistical data such as the frequency and times of Website visits, the times of creating a baby equipment rental request, the internet protocol (IP) address at the time of the request and the last login IP address, statistics of the product pages visited and the rented products are collected and used to analyze and understand visitor movements and preferences. Within the framework of these explanations, your data (information) will be used for the following purposes:  <\/p>\n<ul>\n<li>To create your private account on our Website (e.g., your name, surname, e-mail address, phone number),<\/li>\n<li>To process your baby equipment rental requests through online services (e.g., your name, address, date of birth),<\/li>\n<li>To send e-mail and text message notifications to inform you about the delivery status (e.g., your e-mail address, phone number),<\/li>\n<li>To send marketing offers such as newsletters, surveys, personalized content, and campaigns (e.g., your e-mail address, phone number, name, and postal address),<\/li>\n<li>To communicate any possible issues during the delivery of your rented items (e.g., your phone number, e-mail address, address),<\/li>\n<li>To answer your questions and inform you about new or modified services (e.g., your e-mail address, phone number),<\/li>\n<li>To conduct trend analyses and statistical analyses, research and surveys in order to better understand our customers' rental preferences and offer appropriate marketing offers and information, and to define personalized discounts or campaigns (e.g., e-mail address, rental habits, site navigation habits),<\/li>\n<li>To verify that you are of legal age for the online rental service (e.g., your date of birth),<\/li>\n<li>To get feedback from you about our services, to measure your satisfaction with the rental experience, and to measure your satisfaction with the products you rented in order to provide better service if our customers participate in surveys (e.g., rental process satisfaction survey, product quality satisfaction survey),<\/li>\n<li>To respond to the customer's requests and complaints when information is transmitted to us via the contact us form (e.g., name, surname, e-mail address, phone number),<\/li>\n<li>Log records of internet access are recorded in accordance with the \"Law on the Regulation of Publications on the Internet and Combating Crimes Committed by Means of Such Publications\" No. 5651 and relevant legislation, and are shared with judicial and\/or administrative authorities\/institutions\/organizations upon request, and processed within the framework of legal obligations in internal audit processes if necessary,<\/li>\n<li>To strengthen the security of the Website,<\/li>\n<li>To fulfill our obligations under international and local legal regulations governing electronic commerce terms and conditions.<\/li>\n<\/ul>\n<p>We would like to strongly remind you that; credit card information used during the creation of a rental request is never stored in our company systems. However, independent of our company systems, your credit card information saved in payment infrastructures such as Masterpass, if any, can be stored in the relevant infrastructure. If you have any spending objections, we recommend that you contact your bank without losing any time.  <\/p>\n<h3>1.2. Use of Collected Information<\/h3>\n<p>The information collected on the Website is used for the following purposes:<\/p>\n<ul>\n<li>To carry out and complete rental processes and ensure communication with our customers,<\/li>\n<li>To provide information about products, services, events, and campaigns,<\/li>\n<li>To better understand our customers' rental preferences,<\/li>\n<li>To conduct trend analyses and statistical analyses,<\/li>\n<li>To strengthen the security of the Website,<\/li>\n<li>To display relevant content to the customer.<\/li>\n<\/ul>\n<h3>1.3. Sharing of Collected Information<\/h3>\n<p>The information collected on the Website aims to ensure that the service is performed accurately, with high quality and properly, to fulfill the obligations under the legal legislation, to make the website easy to use, to ensure customer satisfaction, to fulfill the requirements of the contract, to follow up legal affairs, and to personalize it according to the tastes, usage habits, and needs of the customers. For the stated purpose, it can be shared with the companies we work with domestically and abroad (cargo, call center, database, etc. service companies) and with the relevant official authorities where legal obligations require. <\/p>\n<p>However; your information is protected by our Company in any case, and it is ensured that all companies with which your information is shared act with the same level of importance and confidentiality. Apart from these, your information is not shared with 3rd parties or legal entities in any way or used for commercial purposes for any non-operational reason. <\/p>\n<p>The Member and visitor may use the Website provided that they comply with the terms stated in this Policy. The Member or visitor agrees that from the moment they start using the Website, they will be deemed to have accepted all the terms of the Policy and that these terms will be binding for them. Our Company reserves the right to change the conditions stated below whenever necessary in accordance with the legislation or this Policy, at its own discretion, and to notify the Member of the changes.  <\/p>\n<h3>2. Information Security<\/h3>\n<p>Our Company attaches great importance to the security of its customers' information and works with the most advanced technological tools to ensure this. In order to ensure the security of our Website, all physical, electronic, and managerial precautions have been taken in secure environments. All information is stored and backed up on secure servers located domestically and abroad.  <\/p>\n<p>The information received through our Website is transported with the technology called SSL (Secure Socket Layer), which provides secure data transfer. On the pages where you transfer your payment information on our Website, you will see a lock or key picture in the address bar of your browser and the first letters of the address in this address bar change from http to https. If you see these, you can be sure that you are on the secure servers of our site.  <\/p>\n<p>If there is a breach of information security, the non-conformities are detected without delay; all necessary precautions are taken to eliminate them and prevent their recurrence. If our Company encounters information security breaches, it reserves all its legal rights against the person or persons responsible for these breaches. <\/p>\n<h3>3. Use of Cookies<\/h3>\n<p>\"Cookies\", which can be defined as small data files saved on your computer during your visit to our Website, are used. These files are industry standards used to make your rental experience on our site more efficient and secure. If you do not want to use these files or want to be notified when they are used, you can make the necessary changes in your internet browser. By adjusting your browser or application accordingly, you can prevent the transfer of such data, but in this case, there may be problems in the query, use, or functionality of the offered content or service.   <\/p>\n<h3>4. Rights of Our Members and Protection of Information<\/h3>\n<p>You have the right to get information about all your information recorded by our Company. If your information is incorrect, incomplete, or irrelevant, you can request that the information be corrected or deleted. You can withdraw your consent\/permission for the use of your information used within marketing at any time.  <\/p>\n<p>The Member may unsubscribe from the e-mail list at any time by clicking the \"Click to unsubscribe\" link at the bottom of the e-mails or by notifying <strong>info@istanbulbabyrental.com<\/strong> with the e-mail address they registered with. They can also cancel their membership from the personal information section on the membership page. <\/p>\n<p>The Member can call our Customer Service to cancel SMS and e-mail permissions.<\/p>\n<h3>5. Intellectual Property<\/h3>\n<p>In using the Website, our Members must act in accordance with all the conditions stated in the Policy and the rules stated in the relevant parts of the Website. The visual and textual content presented on the Website is for personal use. All rights to all texts, graphics, photographs, and videos contained in the content of the Website are reserved; unless otherwise stated, they cannot be used for commercial or personal purposes without permission. It is forbidden to publish or link any element on the Website in another medium or website without the permission and approval of our Company.   <\/p>\n<h3>6. Contact<\/h3>\n<p>Within the framework of the relevant legislation and provided that you give your consent, we communicate commercially with our Members via electronic communication tools in order to introduce and market our Company's products and services; to send messages containing campaigns, promotions, discounts, information, or to introduce our Company.<\/p>\n<p>You can reach us using the contact information below:<\/p>\n<p>\n        <strong>Moor Ya\u015fam Sa\u011fl\u0131k \u00dcr\u00fcnleri Ticaret Limited \u015eirketi<\/strong><br \/><strong>Address:<\/strong> Bostan Mah. Fesle\u011fen Sok. No:51\/A BEYO\u011eLU \/ \u0130STANBUL  <br \/>        <strong>Postal Code:<\/strong> 34435<br \/>        <strong>Phone:<\/strong> 0 212 535 53 53<br \/>        <strong>E-mail:<\/strong> info@istanbulbabyrental.com<br \/>        <strong>Working Hours:<\/strong> 09:00 \u2013 19:00<br \/>        <strong>Tax Office:<\/strong> Beyo\u011flu<br \/>        <strong>Tax Number:<\/strong> 6222541509<br \/>        <strong>Trade Registry No:<\/strong> 1055413<br \/>        <strong>Mersis No:<\/strong> 0622254150900001\n    <\/p>\n\n\t\t\t\t\t<\/div>\n\t\t\t\t\t\t<\/div>\n\t\t\t\t<\/div>\n\t\t\t\t\t<\/div>\n\t\t\t\t<\/div>\n\t\t\t\t<\/div>\n\t\t","protected":false},"excerpt":{"rendered":"<p>DATA PRIVACY AND SECURITY POLICY As Moor Ya\u015fam Sa\u011fl\u0131k \u00dcr\u00fcnleri Ticaret Limited \u015eirketi (&#8220;Our Company&#8221;), we consider the privacy of<\/p>\n","protected":false},"author":1,"featured_media":0,"parent":0,"menu_order":0,"comment_status":"closed","ping_status":"open","template":"","meta":{"footnotes":""},"class_list":["post-5651","page","type-page","status-publish","hentry"],"_links":{"self":[{"href":"https:\/\/istanbulstroller.com\/it\/wp-json\/wp\/v2\/pages\/5651","targetHints":{"allow":["GET"]}}],"collection":[{"href":"https:\/\/istanbulstroller.com\/it\/wp-json\/wp\/v2\/pages"}],"about":[{"href":"https:\/\/istanbulstroller.com\/it\/wp-json\/wp\/v2\/types\/page"}],"author":[{"embeddable":true,"href":"https:\/\/istanbulstroller.com\/it\/wp-json\/wp\/v2\/users\/1"}],"replies":[{"embeddable":true,"href":"https:\/\/istanbulstroller.com\/it\/wp-json\/wp\/v2\/comments?post=5651"}],"version-history":[{"count":1,"href":"https:\/\/istanbulstroller.com\/it\/wp-json\/wp\/v2\/pages\/5651\/revisions"}],"predecessor-version":[{"id":5652,"href":"https:\/\/istanbulstroller.com\/it\/wp-json\/wp\/v2\/pages\/5651\/revisions\/5652"}],"wp:attachment":[{"href":"https:\/\/istanbulstroller.com\/it\/wp-json\/wp\/v2\/media?parent=5651"}],"curies":[{"name":"wp","href":"https:\/\/api.w.org\/{rel}","templated":true}]}}