{"id":6453,"date":"2026-03-31T16:22:39","date_gmt":"2026-03-31T16:22:39","guid":{"rendered":"https:\/\/istanbulstroller.com\/product\/passeggino-rider-wagon-della-famiglia-malion\/"},"modified":"2026-03-31T16:22:39","modified_gmt":"2026-03-31T16:22:39","slug":"passeggino-rider-wagon-della-famiglia-malion","status":"publish","type":"product","link":"https:\/\/istanbulstroller.com\/it\/prodotto\/passeggino-rider-wagon-della-famiglia-malion\/","title":{"rendered":"Passeggino Rider Wagon della famiglia Malion"},"content":{"rendered":"<h2 data-path-to-node=\"0\">Malion Family Rider &#8211; Una station wagon versatile per tutta la famiglia<\/h2>\n<p data-path-to-node=\"1\">Noleggia il <b data-path-to-node=\"1\" data-index-in-node=\"9\">Malion Family Rider<\/b>, un passeggino-carrello di grande capienza progettato per coniugare praticit\u00e0 e divertimento in famiglia senza sforzo. Con una robusta capacit\u00e0 di carico di 100 kg, questo passeggino \u00e8 perfetto per trasportare due bambini insieme a tutto l&#8217;occorrente per una giornata al parco, in spiaggia o a un festival. Dotato di un ampio vano interno di 80&#215;46 cm e di un meccanismo di chiusura rapida, offre il perfetto equilibrio tra un&#8217;ampia superficie di carico e uno stoccaggio compatto. Le aste di supporto in carbonio per il tettuccio parasole e il sistema di frenata centrale posteriore assicurano che le tue avventure siano sia eleganti che sicure su qualsiasi percorso tu scelga.   <\/p>\n","protected":false},"excerpt":{"rendered":"<p>Noleggia il <b data-path-to-node=\"1\" data-index-in-node=\"9\">Malion Family Rider,<\/b> un passeggino a carrozza di grande capienza progettato per coniugare praticit\u00e0 e divertimento in famiglia senza sforzo.<\/p>\n","protected":false},"featured_media":3977,"comment_status":"closed","ping_status":"closed","template":"","meta":[],"product_brand":[],"product_cat":[473],"product_tag":[],"class_list":{"0":"post-6453","1":"product","2":"type-product","3":"status-publish","4":"has-post-thumbnail","6":"product_cat-carrello-per-passeggino","8":"first","9":"instock","10":"shipping-taxable","11":"product-type-simple"},"_links":{"self":[{"href":"https:\/\/istanbulstroller.com\/it\/wp-json\/wp\/v2\/product\/6453","targetHints":{"allow":["GET"]}}],"collection":[{"href":"https:\/\/istanbulstroller.com\/it\/wp-json\/wp\/v2\/product"}],"about":[{"href":"https:\/\/istanbulstroller.com\/it\/wp-json\/wp\/v2\/types\/product"}],"replies":[{"embeddable":true,"href":"https:\/\/istanbulstroller.com\/it\/wp-json\/wp\/v2\/comments?post=6453"}],"version-history":[{"count":0,"href":"https:\/\/istanbulstroller.com\/it\/wp-json\/wp\/v2\/product\/6453\/revisions"}],"wp:featuredmedia":[{"embeddable":true,"href":"https:\/\/istanbulstroller.com\/it\/wp-json\/wp\/v2\/media\/3977"}],"wp:attachment":[{"href":"https:\/\/istanbulstroller.com\/it\/wp-json\/wp\/v2\/media?parent=6453"}],"wp:term":[{"taxonomy":"product_brand","embeddable":true,"href":"https:\/\/istanbulstroller.com\/it\/wp-json\/wp\/v2\/product_brand?post=6453"},{"taxonomy":"product_cat","embeddable":true,"href":"https:\/\/istanbulstroller.com\/it\/wp-json\/wp\/v2\/product_cat?post=6453"},{"taxonomy":"product_tag","embeddable":true,"href":"https:\/\/istanbulstroller.com\/it\/wp-json\/wp\/v2\/product_tag?post=6453"}],"curies":[{"name":"wp","href":"https:\/\/api.w.org\/{rel}","templated":true}]}}