{"id":6527,"date":"2026-03-24T13:46:41","date_gmt":"2026-03-24T13:46:41","guid":{"rendered":"https:\/\/istanbulstroller.com\/product\/altalena-elettrica-portatile-per-neonati-kraft-sway\/"},"modified":"2026-03-24T13:46:41","modified_gmt":"2026-03-24T13:46:41","slug":"altalena-elettrica-portatile-per-neonati-kraft-sway","status":"publish","type":"product","link":"https:\/\/istanbulstroller.com\/it\/prodotto\/altalena-elettrica-portatile-per-neonati-kraft-sway\/","title":{"rendered":"Altalena elettrica portatile per neonati Kraft Sway"},"content":{"rendered":"<h2 data-path-to-node=\"0\">Kraft Sway &#8211; Altalena elettrica portatile per neonati<\/h2>\n<p data-path-to-node=\"1\">Noleggia l&#8217;altalena elettrica per neonati <b data-path-to-node=\"1\" data-index-in-node=\"9\">Kraft Sway<\/b> per un&#8217;esperienza rilassante e all&#8217;avanguardia che riproduce il naturale movimento oscillatorio della mamma. Adatta dalla nascita fino a 10 kg, questa innovativa altalena per neonati \u00e8 dotata di un sedile reversibile che pu\u00f2 trasformarsi in una culla portatile, garantendo una versatilit\u00e0 a lungo termine. Con 5 modalit\u00e0 di dondolio uniche, 3 impostazioni di velocit\u00e0 e 12 melodie rilassanti, puoi personalizzare facilmente l&#8217;ambiente tramite l&#8217;elegante touch screen digitale. Il suo design leggero (8,2 kg) e il montaggio senza attrezzi la rendono una scelta di noleggio ideale per i genitori che cercano comfort, sicurezza e praticit\u00e0 moderna in un unico prodotto portatile.   <\/p>\n","protected":false},"excerpt":{"rendered":"<p><b data-path-to-node=\"1\" data-index-in-node=\"9\">Noleggia l&#8217;altalena elettrica per neonati Kraft Sway<\/b> per un&#8217;esperienza rilassante e all&#8217;avanguardia che riproduce il naturale movimento oscillatorio della mamma.<\/p>\n","protected":false},"featured_media":6528,"comment_status":"open","ping_status":"closed","template":"","meta":[],"product_brand":[],"product_cat":[468,445],"product_tag":[],"class_list":{"0":"post-6527","1":"product","2":"type-product","3":"status-publish","4":"has-post-thumbnail","6":"product_cat-altalena-per-bambini","7":"product_cat-sdraietta","9":"first","10":"instock","11":"shipping-taxable","12":"product-type-simple"},"_links":{"self":[{"href":"https:\/\/istanbulstroller.com\/it\/wp-json\/wp\/v2\/product\/6527","targetHints":{"allow":["GET"]}}],"collection":[{"href":"https:\/\/istanbulstroller.com\/it\/wp-json\/wp\/v2\/product"}],"about":[{"href":"https:\/\/istanbulstroller.com\/it\/wp-json\/wp\/v2\/types\/product"}],"replies":[{"embeddable":true,"href":"https:\/\/istanbulstroller.com\/it\/wp-json\/wp\/v2\/comments?post=6527"}],"version-history":[{"count":0,"href":"https:\/\/istanbulstroller.com\/it\/wp-json\/wp\/v2\/product\/6527\/revisions"}],"wp:featuredmedia":[{"embeddable":true,"href":"https:\/\/istanbulstroller.com\/it\/wp-json\/wp\/v2\/media\/6528"}],"wp:attachment":[{"href":"https:\/\/istanbulstroller.com\/it\/wp-json\/wp\/v2\/media?parent=6527"}],"wp:term":[{"taxonomy":"product_brand","embeddable":true,"href":"https:\/\/istanbulstroller.com\/it\/wp-json\/wp\/v2\/product_brand?post=6527"},{"taxonomy":"product_cat","embeddable":true,"href":"https:\/\/istanbulstroller.com\/it\/wp-json\/wp\/v2\/product_cat?post=6527"},{"taxonomy":"product_tag","embeddable":true,"href":"https:\/\/istanbulstroller.com\/it\/wp-json\/wp\/v2\/product_tag?post=6527"}],"curies":[{"name":"wp","href":"https:\/\/api.w.org\/{rel}","templated":true}]}}