{"id":6856,"date":"2026-03-24T10:05:38","date_gmt":"2026-03-24T10:05:38","guid":{"rendered":"https:\/\/istanbulstroller.com\/product\/passeggino-cybex-eezy-s-twist\/"},"modified":"2026-03-24T10:05:38","modified_gmt":"2026-03-24T10:05:38","slug":"passeggino-cybex-eezy-s-twist","status":"publish","type":"product","link":"https:\/\/istanbulstroller.com\/it\/prodotto\/passeggino-cybex-eezy-s-twist\/","title":{"rendered":"Passeggino Cybex Eezy S Twist"},"content":{"rendered":"<h2 data-path-to-node=\"0\">Cybex Eezy S Twist &#8211; Lusso con rotazione a 360\u00b0<\/h2>\n<p data-path-to-node=\"1\">Noleggia il <b data-path-to-node=\"1\" data-index-in-node=\"9\">Cybex Eezy S Twist<\/b> per un&#8217;esperienza di viaggio rivoluzionaria, grazie all&#8217;esclusivo sedile girevole a 360\u00b0 che ti permette di cambiare la posizione del bambino con una sola mano. Questo passeggino di alta gamma, dalle dimensioni ridotte adatte alla cabina dell&#8217;aereo, \u00e8 indicato dalla nascita fino a <b data-path-to-node=\"1\" data-index-in-node=\"188\">22 kg<\/b> e offre tre posizioni di reclinazione, inclusa una modalit\u00e0 completamente distesa per sonnellini confortevoli.  Progettato per garantire agilit\u00e0 in citt\u00e0 e comodit\u00e0 in viaggio, \u00e8 dotato di un sistema di sospensioni indipendenti su tutte le ruote e di un meccanismo di chiusura compatto con una sola mano che gli consente di stare in piedi da solo. Con il suo tettuccio parasole XXL e i tessuti traspiranti, questo passeggino \u00e8 la scelta ideale per il noleggio per i genitori che cercano lusso, sicurezza e maneggevolezza senza sforzo in un unico prodotto leggero. <\/p>\n","protected":false},"excerpt":{"rendered":"<p>Noleggia il <b data-path-to-node=\"1\" data-index-in-node=\"9\">Cybex Eezy S Twist<\/b> per un&#8217;esperienza di viaggio rivoluzionaria, grazie all&#8217;esclusivo sedile girevole a 360\u00b0 che ti permette di cambiare la posizione del bambino con una sola mano. Questo passeggino di alta gamma, dalle dimensioni ridotte adatte alla cabina dell&#8217;aereo, \u00e8 indicato dalla nascita fino a <b data-path-to-node=\"1\" data-index-in-node=\"188\">22 kg<\/b> e offre tre posizioni di reclinazione, inclusa una modalit\u00e0 completamente distesa per sonnellini confortevoli. <\/p>\n","protected":false},"featured_media":6863,"comment_status":"closed","ping_status":"closed","template":"","meta":[],"product_brand":[],"product_cat":[467],"product_tag":[],"class_list":{"0":"post-6856","1":"product","2":"type-product","3":"status-publish","4":"has-post-thumbnail","6":"product_cat-passeggino-da-viaggio","8":"first","9":"instock","10":"featured","11":"shipping-taxable","12":"product-type-simple"},"_links":{"self":[{"href":"https:\/\/istanbulstroller.com\/it\/wp-json\/wp\/v2\/product\/6856","targetHints":{"allow":["GET"]}}],"collection":[{"href":"https:\/\/istanbulstroller.com\/it\/wp-json\/wp\/v2\/product"}],"about":[{"href":"https:\/\/istanbulstroller.com\/it\/wp-json\/wp\/v2\/types\/product"}],"replies":[{"embeddable":true,"href":"https:\/\/istanbulstroller.com\/it\/wp-json\/wp\/v2\/comments?post=6856"}],"version-history":[{"count":0,"href":"https:\/\/istanbulstroller.com\/it\/wp-json\/wp\/v2\/product\/6856\/revisions"}],"wp:featuredmedia":[{"embeddable":true,"href":"https:\/\/istanbulstroller.com\/it\/wp-json\/wp\/v2\/media\/6863"}],"wp:attachment":[{"href":"https:\/\/istanbulstroller.com\/it\/wp-json\/wp\/v2\/media?parent=6856"}],"wp:term":[{"taxonomy":"product_brand","embeddable":true,"href":"https:\/\/istanbulstroller.com\/it\/wp-json\/wp\/v2\/product_brand?post=6856"},{"taxonomy":"product_cat","embeddable":true,"href":"https:\/\/istanbulstroller.com\/it\/wp-json\/wp\/v2\/product_cat?post=6856"},{"taxonomy":"product_tag","embeddable":true,"href":"https:\/\/istanbulstroller.com\/it\/wp-json\/wp\/v2\/product_tag?post=6856"}],"curies":[{"name":"wp","href":"https:\/\/api.w.org\/{rel}","templated":true}]}}