{"id":6872,"date":"2026-03-23T15:38:49","date_gmt":"2026-03-23T15:38:49","guid":{"rendered":"https:\/\/istanbulstroller.com\/product\/passeggino-kanz-v-go-2-travel-system\/"},"modified":"2026-03-23T15:38:49","modified_gmt":"2026-03-23T15:38:49","slug":"passeggino-kanz-v-go-2-travel-system","status":"publish","type":"product","link":"https:\/\/istanbulstroller.com\/it\/prodotto\/passeggino-kanz-v-go-2-travel-system\/","title":{"rendered":"Passeggino Kanz V-GO 2 Travel System"},"content":{"rendered":"<h2 data-path-to-node=\"0\">Sistema da viaggio Kanz V-GO 2 &#8211; Elegante e funzionale<\/h2>\n<p data-path-to-node=\"1\">Noleggia il sistema da viaggio <b data-path-to-node=\"1\" data-index-in-node=\"9\">Kanz V-GO 2<\/b>: una soluzione versatile e robusta, progettata pensando sia alla sicurezza che al comfort. Questo passeggino di alta qualit\u00e0 \u00e8 dotato di un telaio leggero in alluminio e di sedute reversibili che consentono al tuo bambino di stare rivolto verso di te o verso l&#8217;esterno.  Grazie al meccanismo di chiusura compatto azionabile con una sola mano e alle ruote anteriori con cuscinetti a sfera che garantiscono una manovrabilit\u00e0 eccezionale, muoversi per le strade trafficate diventa un gioco da ragazzi. Certificato secondo le pi\u00f9 recenti norme di sicurezza EN 1888-2018 e I-Size ECE\/R129, \u00e8 dotato di un sedile reclinabile in pi\u00f9 posizioni con modalit\u00e0 completamente distesa a 180\u00b0, assicurando un viaggio confortevole dalla nascita fino ai 4 anni (22 kg). <\/p>\n","protected":false},"excerpt":{"rendered":"<p>Noleggia il sistema da viaggio <b data-path-to-node=\"1\" data-index-in-node=\"9\">Kanz V-GO 2<\/b>: una soluzione versatile e robusta, progettata pensando sia alla sicurezza che al comfort. Questo passeggino di alta qualit\u00e0 \u00e8 dotato di un telaio leggero in alluminio e di sedute reversibili che consentono al tuo bambino di stare rivolto verso di te o verso l&#8217;esterno. <\/p>\n","protected":false},"featured_media":6881,"comment_status":"closed","ping_status":"closed","template":"","meta":[],"product_brand":[],"product_cat":[467],"product_tag":[],"class_list":{"0":"post-6872","1":"product","2":"type-product","3":"status-publish","4":"has-post-thumbnail","6":"product_cat-passeggino-da-viaggio","8":"first","9":"instock","10":"featured","11":"shipping-taxable","12":"product-type-simple"},"_links":{"self":[{"href":"https:\/\/istanbulstroller.com\/it\/wp-json\/wp\/v2\/product\/6872","targetHints":{"allow":["GET"]}}],"collection":[{"href":"https:\/\/istanbulstroller.com\/it\/wp-json\/wp\/v2\/product"}],"about":[{"href":"https:\/\/istanbulstroller.com\/it\/wp-json\/wp\/v2\/types\/product"}],"replies":[{"embeddable":true,"href":"https:\/\/istanbulstroller.com\/it\/wp-json\/wp\/v2\/comments?post=6872"}],"version-history":[{"count":0,"href":"https:\/\/istanbulstroller.com\/it\/wp-json\/wp\/v2\/product\/6872\/revisions"}],"wp:featuredmedia":[{"embeddable":true,"href":"https:\/\/istanbulstroller.com\/it\/wp-json\/wp\/v2\/media\/6881"}],"wp:attachment":[{"href":"https:\/\/istanbulstroller.com\/it\/wp-json\/wp\/v2\/media?parent=6872"}],"wp:term":[{"taxonomy":"product_brand","embeddable":true,"href":"https:\/\/istanbulstroller.com\/it\/wp-json\/wp\/v2\/product_brand?post=6872"},{"taxonomy":"product_cat","embeddable":true,"href":"https:\/\/istanbulstroller.com\/it\/wp-json\/wp\/v2\/product_cat?post=6872"},{"taxonomy":"product_tag","embeddable":true,"href":"https:\/\/istanbulstroller.com\/it\/wp-json\/wp\/v2\/product_tag?post=6872"}],"curies":[{"name":"wp","href":"https:\/\/api.w.org\/{rel}","templated":true}]}}