{"id":6897,"date":"2026-03-23T12:20:21","date_gmt":"2026-03-23T12:20:21","guid":{"rendered":"https:\/\/istanbulstroller.com\/product\/passeggino-kraft-kenya-travel-system\/"},"modified":"2026-03-23T12:20:21","modified_gmt":"2026-03-23T12:20:21","slug":"passeggino-kraft-kenya-travel-system","status":"publish","type":"product","link":"https:\/\/istanbulstroller.com\/it\/prodotto\/passeggino-kraft-kenya-travel-system\/","title":{"rendered":"Passeggino Kraft Kenya Travel System"},"content":{"rendered":"<h2 data-path-to-node=\"0\">Kraft Kenya Travel System &#8211; Leggero e compatto<\/h2>\n<p data-path-to-node=\"1\">Noleggia il sistema da viaggio <b data-path-to-node=\"1\" data-index-in-node=\"9\">Kraft Kenya<\/b> per una soluzione di alta qualit\u00e0 e ultraleggera che pesa solo 8,9 kg, rendendolo uno dei passeggini pi\u00f9 maneggevoli della sua categoria. Questo sistema versatile \u00e8 dotato di un sedile reversibile utilizzabile dalla nascita fino a 22 kg, che offre 3 posizioni di reclinazione, inclusa una modalit\u00e0 completamente distesa per sonnellini tranquilli. Progettato per il viaggiatore moderno, si ripiega facilmente con una sola mano e include una tracolla integrata per un trasporto senza sforzo. Con le sue ruote scorrevoli in poliuretano con cuscinetti a sfera e il seggiolino auto Armor Plus I-Size incluso, questo passeggino offre un&#8217;opzione di noleggio sicura, silenziosa e sofisticata per qualsiasi viaggio.   <\/p>\n","protected":false},"excerpt":{"rendered":"<p>Noleggia il sistema da viaggio <b data-path-to-node=\"1\" data-index-in-node=\"9\">Kraft Kenya<\/b>: una soluzione di alta qualit\u00e0 e ultraleggera, con un peso di soli 8,9 kg, che lo rende uno dei passeggini pi\u00f9 maneggevoli della sua categoria.<\/p>\n","protected":false},"featured_media":6902,"comment_status":"closed","ping_status":"closed","template":"","meta":[],"product_brand":[],"product_cat":[467],"product_tag":[],"class_list":{"0":"post-6897","1":"product","2":"type-product","3":"status-publish","4":"has-post-thumbnail","6":"product_cat-passeggino-da-viaggio","8":"first","9":"instock","10":"featured","11":"shipping-taxable","12":"product-type-simple"},"_links":{"self":[{"href":"https:\/\/istanbulstroller.com\/it\/wp-json\/wp\/v2\/product\/6897","targetHints":{"allow":["GET"]}}],"collection":[{"href":"https:\/\/istanbulstroller.com\/it\/wp-json\/wp\/v2\/product"}],"about":[{"href":"https:\/\/istanbulstroller.com\/it\/wp-json\/wp\/v2\/types\/product"}],"replies":[{"embeddable":true,"href":"https:\/\/istanbulstroller.com\/it\/wp-json\/wp\/v2\/comments?post=6897"}],"version-history":[{"count":0,"href":"https:\/\/istanbulstroller.com\/it\/wp-json\/wp\/v2\/product\/6897\/revisions"}],"wp:featuredmedia":[{"embeddable":true,"href":"https:\/\/istanbulstroller.com\/it\/wp-json\/wp\/v2\/media\/6902"}],"wp:attachment":[{"href":"https:\/\/istanbulstroller.com\/it\/wp-json\/wp\/v2\/media?parent=6897"}],"wp:term":[{"taxonomy":"product_brand","embeddable":true,"href":"https:\/\/istanbulstroller.com\/it\/wp-json\/wp\/v2\/product_brand?post=6897"},{"taxonomy":"product_cat","embeddable":true,"href":"https:\/\/istanbulstroller.com\/it\/wp-json\/wp\/v2\/product_cat?post=6897"},{"taxonomy":"product_tag","embeddable":true,"href":"https:\/\/istanbulstroller.com\/it\/wp-json\/wp\/v2\/product_tag?post=6897"}],"curies":[{"name":"wp","href":"https:\/\/api.w.org\/{rel}","templated":true}]}}